{"id":190988,"date":"2025-12-22T21:45:32","date_gmt":"2025-12-22T18:45:32","guid":{"rendered":"https:\/\/baldumarket.lt\/product\/szafka-60-cm-slupek-pod-piekarnik-i-mikrofalowke-clara-d60-pk-mv-2133-p-l\/"},"modified":"2026-02-03T23:25:14","modified_gmt":"2026-02-03T20:25:14","slug":"szafka-60-cm-slupek-pod-piekarnik-i-mikrofalowke-clara-d60-pk-mv-2133-p-l","status":"publish","type":"product","link":"https:\/\/baldumarket.lt\/lt\/product\/szafka-60-cm-slupek-pod-piekarnik-i-mikrofalowke-clara-d60-pk-mv-2133-p-l\/","title":{"rendered":"60 cm kolon\u0117l\u0117 orkaitei ir mikrobang\u0173 krosnelei Clara D60 PK MV\/2133 P\/L"},"content":{"rendered":"<p>\u201eClara Kitchen\u201c \u2013 tai lofto stiliaus prakti\u0161k\u0173 spinteli\u0173 komplektas, skirtas modernioms virtuv\u0117ms ir virtuv\u0117l\u0117ms. Parametrai:<br \/>\nPRIEKIN\u0116 PUS\u0116: GRAFITO PILKA \/ \u0104\u017dUOLAS ARTISAN<br \/>\nK\u016aNAS: UOSIS<br \/>\nPjedestalas: grafito pilka<br \/>\nVIR\u0160US: BE VIR\u0160AUS<br \/>\nTAUR\u0116: SATINATO<br \/>\nRANKENA: METALAS<br \/>\nAPA\u010cIN\u0116S SPINTEL\u0116S: 446 MM \u2013 MONTAVIMO KOJEL\u0116S<br \/>\nVYRIS: \u0160VELNUS U\u017dSIDARYMAS<br \/>\nSTAL\u010cIAI: \u0160VELNUS U\u017dSIDARYMAS \u2013 METALIN\u0116 D\u0116\u017dUT\u0116 + STABDYS<br \/>\n\u00a0<br \/>\nSistemos parametrai:<br \/>\nModelio pavadinimas: Klara<br \/>\nBald\u0173 sistema: Klasikin\u0117 linija<br \/>\nKorpuso spalva: pelen\u0173<br \/>\nVir\u0161utin\u0117s spintel\u0117s priekin\u0117s dalies spalva: grafito spalvos<br \/>\nApatin\u0117s spintel\u0117s priekin\u0117s dalies spalva: \u0105\u017euolas<br \/>\nStovo spalva: grafito<br \/>\nPriekin\u0117 med\u017eiaga: 16 mm laminuota plok\u0161t\u0117<br \/>\nKorpuso med\u017eiaga: 16 mm laminuota plok\u0161t\u0117<br \/>\nPagrindo med\u017eiaga: 16 mm laminuota plok\u0161t\u0117<br \/>\nStalvir\u0161is komplekte: ne, parduodamas atskirai<br \/>\nRankenos: plastikin\u0117s<br \/>\n\u0160velnus u\u017edarymas: taip<br \/>\nVir\u0161utini\u0173 spinteli\u0173 auk\u0161tis [mm]: 720<br \/>\nVir\u0161utini\u0173 spinteli\u0173 gylis be fasad\u0173 [mm]: 288<br \/>\nApatini\u0173 spinteli\u0173 auk\u0161tis [mm]: 820<br \/>\nApatini\u0173 spinteli\u0173 gylis be fasad\u0173 [mm]: 446<\/p>","protected":false},"excerpt":{"rendered":"<p>Virtuv\u0117s specifikacija \u2013 med\u017eio imitacijos, grafito | Virtuv\u0117s stilius \u2013 loftas | Fasado tipas: Laminuota plok\u0161t\u0117 \/ MDF \/ Lakuota laminuota plok\u0161t\u0117 | Matmenys: gylis [cm]&gt;56 plotis [cm]&gt;60 auk\u0161tis [cm]&gt;213,3<\/p>","protected":false},"featured_media":190989,"comment_status":"open","ping_status":"open","template":"","meta":[],"product_brand":[],"product_cat":[9118,2822],"product_tag":[],"class_list":{"0":"post-190988","1":"product","2":"type-product","3":"status-publish","4":"has-post-thumbnail","6":"product_cat-kitchen-cabinets","7":"product_cat-stolkar","9":"first","10":"instock","11":"purchasable","12":"product-type-simple"},"_links":{"self":[{"href":"https:\/\/baldumarket.lt\/lt\/wp-json\/wp\/v2\/product\/190988","targetHints":{"allow":["GET"]}}],"collection":[{"href":"https:\/\/baldumarket.lt\/lt\/wp-json\/wp\/v2\/product"}],"about":[{"href":"https:\/\/baldumarket.lt\/lt\/wp-json\/wp\/v2\/types\/product"}],"replies":[{"embeddable":true,"href":"https:\/\/baldumarket.lt\/lt\/wp-json\/wp\/v2\/comments?post=190988"}],"wp:featuredmedia":[{"embeddable":true,"href":"https:\/\/baldumarket.lt\/lt\/wp-json\/wp\/v2\/media\/190989"}],"wp:attachment":[{"href":"https:\/\/baldumarket.lt\/lt\/wp-json\/wp\/v2\/media?parent=190988"}],"wp:term":[{"taxonomy":"product_brand","embeddable":true,"href":"https:\/\/baldumarket.lt\/lt\/wp-json\/wp\/v2\/product_brand?post=190988"},{"taxonomy":"product_cat","embeddable":true,"href":"https:\/\/baldumarket.lt\/lt\/wp-json\/wp\/v2\/product_cat?post=190988"},{"taxonomy":"product_tag","embeddable":true,"href":"https:\/\/baldumarket.lt\/lt\/wp-json\/wp\/v2\/product_tag?post=190988"}],"curies":[{"name":"wp","href":"https:\/\/api.w.org\/{rel}","templated":true}]}}