{"id":190727,"date":"2025-12-22T21:37:42","date_gmt":"2025-12-22T18:37:42","guid":{"rendered":"https:\/\/baldumarket.lt\/product\/panel-maskujacy-boczny-dolny-tracy-2233x58\/"},"modified":"2026-02-03T23:25:17","modified_gmt":"2026-02-03T20:25:17","slug":"panel-maskujacy-boczny-dolny-tracy-2233x58","status":"publish","type":"product","link":"https:\/\/baldumarket.lt\/lt\/product\/panel-maskujacy-boczny-dolny-tracy-2233x58\/","title":{"rendered":"Tracy apatin\u0117 \u0161onin\u0117 dang\u010dio plok\u0161t\u0117 223,3\u00d758"},"content":{"rendered":"<p>\u201eTracy\u201c virtuv\u0117 \u012fkv\u0117pta retro stiliaus. Joje yra matiniai, pla\u010diais grioveliais dekoruoti fasadai, pagaminti i\u0161 16 mm storio laminuotos MDF plok\u0161t\u0117s. I\u0161skirtiniai grioveliai suteikia \u012fdomi\u0173 detali\u0173 vienspalviams pavir\u0161iams. Komplekt\u0105 sudaro:<br \/>\n\u0160velniai u\u017esidarantys stal\u010diai<br \/>\n\u0160velniai u\u017esidaran\u010dios priekin\u0117s dalys<br \/>\nDujiniai keltuvai u\u017etikrina lengv\u0105 prieig\u0105 prie spinteli\u0173 turinio<br \/>\nRankenos tik kra\u0161tuose, kaip parodyta vizualizacijose \u2013 galima \u012fsigyti kaip papildom\u0105 \u012frang\u0105 \u2013 galima \u012fsigyti ir be ranken\u0173<br \/>\n\u00a0<br \/>\nStalvir\u0161i\u0173 pasirinkimas<br \/>\nPlatus papildom\u0173 pried\u0173 asortimentas<br \/>\nReguliuojamos kojel\u0117s<br \/>\n\u00a0<br \/>\nVirtuv\u0117s spalvos:<br \/>\nPRIEKIN\u0116 PUS\u0116: MDF FOLIJA 16 MM<br \/>\nSPALVA: MATIN\u0116 \u017dALIA arba MATIN\u0116 JUODA \u017dIRNEL\u0116 arba MATIN\u0116 KREMIN\u0116 arba MATIN\u0116 SM\u0116LIO SPALVOS PILKA arba MATIN\u0116 PILKA<br \/>\nKORPUSAS: BALTA arba GRAFITO<br \/>\nTAUR\u0116: SATINATO<br \/>\nAPATINIS SPINTELI\u0172 ATSTOVIS: 524 mm \u2013 MONTAVIMO KOJEL\u0116S<br \/>\nSTAL\u010cIAI: \u0160VELNIAI U\u017dSIDARO<br \/>\nVYRIS: \u0160VELNUS U\u017dSIDARYMAS<br \/>\nSistemos parametrai:<br \/>\nModelio pavadinimas: TRACY<br \/>\nBald\u0173 sistema: TREND LINE<br \/>\nSpintel\u0117s spalva: BALTA \/ GRAFITO PILKA<br \/>\nVir\u0161utin\u0117s spintel\u0117s priekin\u0117s dalies spalva: KREMIN\u0116 MATIN\u0116 \/ SM\u0116LIO SPALVOS MATIN\u0116 \/ PILKA MATIN\u0116 \/ \u017dALIA MATIN\u0116 \/ JUODOJI \u017dIRNELI\u0172 MATIN\u0116<br \/>\nApatin\u0117s spintel\u0117s priekin\u0117s dalies spalva: KREMIN\u0116 MATIN\u0116 \/ SM\u0116LIO SPALVOS MATIN\u0116 \/ PILKA MATIN\u0116 \/ \u017dALIA MATIN\u0116 \/ JUODOJI \u017dIRNELI\u0172 MATIN\u0116<br \/>\nPriekin\u0117 med\u017eiaga: MDF PVC folija 16 mm<br \/>\nSpintel\u0117s med\u017eiaga: 16 mm laminuota plok\u0161t\u0117<br \/>\nStalvir\u0161is \u012fskai\u010diuotas: NE, PARDUODAMA ATSKIRAI<br \/>\nRankenos: NE, PARDUODAMOS ATSKIRAI<br \/>\n\u0160velnus u\u017edarymas: TAIP<br \/>\nVir\u0161utini\u0173 spinteli\u0173 auk\u0161tis [mm]: 360 \/ 720 \/ 880 \/ 920<br \/>\nVir\u0161utini\u0173 spinteli\u0173 gylis be fasad\u0173 [mm]: 300 \/ 560<br \/>\nApatin\u0117s spintel\u0117s auk\u0161tis [mm]: 820<br \/>\nApatin\u0117s spintel\u0117s gylis be fasad\u0173 [mm]: 524<br \/>\nStulpo auk\u0161tis [mm]: 2133 \/ 2183<br \/>\nStulpo gylis be fasad\u0173 [mm]: 560<br \/>\n\u00a0<\/p>","protected":false},"excerpt":{"rendered":"<p>Virtuv\u0117s specifikacijos \u2013 juoda, \u017ealia, pilka, kremin\u0117, sm\u0117lio pilka | Virtuv\u0117s stilius \u2013 retro | Fasado tipas: Laminuota plok\u0161t\u0117 \/ MDF \/ Lakuota grioveliais MDF plok\u0161t\u0117 | Matmenys: plotis [cm]&gt;58 gylis [cm]&gt;1,6 auk\u0161tis [cm]&gt;223,3<\/p>","protected":false},"featured_media":190728,"comment_status":"open","ping_status":"open","template":"","meta":[],"product_brand":[],"product_cat":[1043,2822],"product_tag":[],"class_list":{"0":"post-190727","1":"product","2":"type-product","3":"status-publish","4":"has-post-thumbnail","6":"product_cat-extras","7":"product_cat-stolkar","9":"first","10":"instock","11":"purchasable","12":"product-type-simple"},"_links":{"self":[{"href":"https:\/\/baldumarket.lt\/lt\/wp-json\/wp\/v2\/product\/190727","targetHints":{"allow":["GET"]}}],"collection":[{"href":"https:\/\/baldumarket.lt\/lt\/wp-json\/wp\/v2\/product"}],"about":[{"href":"https:\/\/baldumarket.lt\/lt\/wp-json\/wp\/v2\/types\/product"}],"replies":[{"embeddable":true,"href":"https:\/\/baldumarket.lt\/lt\/wp-json\/wp\/v2\/comments?post=190727"}],"wp:featuredmedia":[{"embeddable":true,"href":"https:\/\/baldumarket.lt\/lt\/wp-json\/wp\/v2\/media\/190728"}],"wp:attachment":[{"href":"https:\/\/baldumarket.lt\/lt\/wp-json\/wp\/v2\/media?parent=190727"}],"wp:term":[{"taxonomy":"product_brand","embeddable":true,"href":"https:\/\/baldumarket.lt\/lt\/wp-json\/wp\/v2\/product_brand?post=190727"},{"taxonomy":"product_cat","embeddable":true,"href":"https:\/\/baldumarket.lt\/lt\/wp-json\/wp\/v2\/product_cat?post=190727"},{"taxonomy":"product_tag","embeddable":true,"href":"https:\/\/baldumarket.lt\/lt\/wp-json\/wp\/v2\/product_tag?post=190727"}],"curies":[{"name":"wp","href":"https:\/\/api.w.org\/{rel}","templated":true}]}}