{"id":19029,"date":"2025-11-14T11:00:32","date_gmt":"2025-11-14T08:00:32","guid":{"rendered":"https:\/\/baldumarket.lt\/product\/latina-180x200-stelaz-drew\/"},"modified":"2026-03-24T17:07:37","modified_gmt":"2026-03-24T14:07:37","slug":"latina-180x200-stelaz-drew","status":"publish","type":"product","link":"https:\/\/baldumarket.lt\/lt\/product\/latina-180x200-stelaz-drew\/","title":{"rendered":"Lotyn\u0173 amerikiet\u0117 180\u00d7200 + medinis r\u0117mas"},"content":{"rendered":"<p>\u201eLatina\u201c \u2013 stilinga ir funkcionali lova, si\u016bloma keturi\u0173 dyd\u017ei\u0173: 140\/160\/180\/200 x 200 cm, kurioje dera tradicijos ir modernumas. \u201eLatina\u201c dizain\u0105 papildo mink\u0161tas lovaties\u0117s pagrindas ir eleganti\u0161kas, auk\u0161tas galv\u016bgalis, papildomai padengtas mink\u0161tu T25 putplas\u010diu, kuris yra prisi\u016btas netaisyklingomis sta\u010diakamp\u0117mis formomis. \u0160is sprendimas suteiks ne tik auk\u0161t\u0105 atram\u0105 su mink\u0161ta apdaila, bet ir unikal\u0173 miegamojo dekor\u0105. M\u016bs\u0173 lova, suteikianti daug erdv\u0117s poilsiui, yra dviej\u0173 versij\u0173: su mediniu r\u0117mu arba su metaliniu r\u0117mu su dujiniu keltuvu, kuriame yra erdvi patalyn\u0117s d\u0117\u017e\u0117, kuri pakyla labai paprastai ir tyliai. Ji yra tinkamai i\u0161lenkta ir sutvirtinta, u\u017etikrinant patog\u0173 poils\u012f ir stuburo apsaug\u0105. M\u016bs\u0173 baldai yra \u012fvairi\u0173 spalv\u0173, tod\u0117l galite laisvai susikurti savo miegam\u0105j\u012f pagal savo svajones. \u201eLatina\u201c yra savo klas\u0117je, o visa tai tiesiog tobula!<\/p>","protected":false},"excerpt":{"rendered":"<p>\u201eLatina\u201c \u2013 stilinga ir funkcionali lova, si\u016bloma keturi\u0173 dyd\u017ei\u0173: 140\/160\/180\/200 x 200 cm, kurioje dera tradicijos ir modernumo prisilietimas. \u201eLatina\u201c dizain\u0105 pary\u0161kina apmu\u0161tas lovaties\u0117 ir eleganti\u0161kas, auk\u0161tas galv\u016bgalis, papildomai apr\u016bpintas mink\u0161tu T25 putplas\u010diu, kuris yra papildomai prisi\u016btas netaisyklingo sta\u010diakampio formos si\u016bl\u0117mis. \u0160is sprendimas u\u017etikrins auk\u0161t\u0105 [\u2026]<\/p>","protected":false},"featured_media":19026,"comment_status":"open","ping_status":"open","template":"","meta":[],"product_brand":[],"product_cat":[505,1972,2012,9173],"product_tag":[],"class_list":{"0":"post-19029","1":"product","2":"type-product","3":"status-publish","4":"has-post-thumbnail","6":"product_cat-bedroom-beds","7":"product_cat-beds-180x200","8":"product_cat-eltap","9":"product_cat-lozka-eltap","11":"first","12":"instock","13":"purchasable","14":"product-type-variable","15":"wvs-archive-product-wrapper"},"_links":{"self":[{"href":"https:\/\/baldumarket.lt\/lt\/wp-json\/wp\/v2\/product\/19029","targetHints":{"allow":["GET"]}}],"collection":[{"href":"https:\/\/baldumarket.lt\/lt\/wp-json\/wp\/v2\/product"}],"about":[{"href":"https:\/\/baldumarket.lt\/lt\/wp-json\/wp\/v2\/types\/product"}],"replies":[{"embeddable":true,"href":"https:\/\/baldumarket.lt\/lt\/wp-json\/wp\/v2\/comments?post=19029"}],"wp:featuredmedia":[{"embeddable":true,"href":"https:\/\/baldumarket.lt\/lt\/wp-json\/wp\/v2\/media\/19026"}],"wp:attachment":[{"href":"https:\/\/baldumarket.lt\/lt\/wp-json\/wp\/v2\/media?parent=19029"}],"wp:term":[{"taxonomy":"product_brand","embeddable":true,"href":"https:\/\/baldumarket.lt\/lt\/wp-json\/wp\/v2\/product_brand?post=19029"},{"taxonomy":"product_cat","embeddable":true,"href":"https:\/\/baldumarket.lt\/lt\/wp-json\/wp\/v2\/product_cat?post=19029"},{"taxonomy":"product_tag","embeddable":true,"href":"https:\/\/baldumarket.lt\/lt\/wp-json\/wp\/v2\/product_tag?post=19029"}],"curies":[{"name":"wp","href":"https:\/\/api.w.org\/{rel}","templated":true}]}}