{"id":190136,"date":"2025-12-22T21:07:52","date_gmt":"2025-12-22T18:07:52","guid":{"rendered":"https:\/\/baldumarket.lt\/product\/front-zmywarki-45-cm-panel-odkryty-mina-fz45po\/"},"modified":"2026-02-03T23:25:25","modified_gmt":"2026-02-03T20:25:25","slug":"front-zmywarki-45-cm-panel-odkryty-mina-fz45po","status":"publish","type":"product","link":"https:\/\/baldumarket.lt\/lt\/product\/front-zmywarki-45-cm-panel-odkryty-mina-fz45po\/","title":{"rendered":"Mina FZ45PO indaplov\u0117s priekin\u0117 dalis, 45 cm, atvira panel\u0117"},"content":{"rendered":"<p>\u201eMina\u201c virtuv\u0117s spintel\u0117s su juodais fasadais spinduliuoja elegancija ir moderniu \u017eavesiu. J\u0173 matinis pavir\u0161ius su smulkia gr\u016bd\u0117ta tekst\u016bra traukia ak\u012f ir suteikia kambariui unikal\u0173 charakter\u012f. Tiksliai pagamintos juodos virtuv\u0117s fasadai sukuria ry\u0161k\u0173 kontrast\u0105 interjere, suteikdami jam i\u0161skirtin\u012f charakter\u012f ir stili\u0173.<br \/>\n\u012e rinkin\u012f \u012feina:<br \/>\n400 mm gylio metaliniai METALBOX stal\u010diai.<br \/>\nDujiniai keltuvai u\u017etikrina lengv\u0105 prieig\u0105 prie spinteli\u0173 turinio.<br \/>\nMetalin\u0117s rankenos.<br \/>\nStalvir\u0161i\u0173 pasirinkimas.<br \/>\nReguliuojamos kojel\u0117s.<br \/>\n\u017dirnio gr\u016bdelio tekst\u016bra priekin\u0117se pus\u0117se.<br \/>\nVirtuv\u0117s spalvos:<br \/>\nPRIEKIN\u0116 DALIS: 16 MM LAMINUOTA PLOKSTE: JUODIEJI \u017dIRNIAI<br \/>\nKORPUSAS: UOSIS \u2013 JUODAS KRA\u0160TAS<br \/>\nDARBAS: BE VIR\u0160AUS<br \/>\nRANKENA: JUODA U\u017dD\u0116TA<br \/>\nAPA\u010cIN\u0116S SPINTEL\u0116S: 446 MM \u2013 MONTAVIMO KOJEL\u0116S<br \/>\nVYRIS: TYLUS U\u017dSIDARYMAS<br \/>\nSTAL\u010cIAI \u2013 TYLUS U\u017dSIDARYMAS \u2013 METALIN\u0116 D\u0116\u017dUT\u0116 + STABDYS<br \/>\n\u00a0<br \/>\nSistemos parametrai:<br \/>\nModelio pavadinimas: Mina<br \/>\nBald\u0173 sistema: Klasikin\u0117 linija<br \/>\nPriekin\u0117 med\u017eiaga: 16 mm laminuota plok\u0161t\u0117<br \/>\nKorpuso med\u017eiaga: 16 mm laminuota plok\u0161t\u0117<br \/>\nCokolin\u0117 med\u017eiaga: 16 mm laminuota plok\u0161t\u0117<br \/>\n\u012e komplekt\u0105 \u012feina stalvir\u0161is: ne, parduodamas atskirai<br \/>\nRankenos: pritaikytos<br \/>\nTylus u\u017edarymas: Taip<br \/>\nVir\u0161utini\u0173 spinteli\u0173 auk\u0161tis [mm]: 720<br \/>\nVir\u0161utini\u0173 spinteli\u0173 gylis be fasad\u0173 [mm]: 288<br \/>\nApatin\u0117s spintel\u0117s auk\u0161tis [mm]: 820<br \/>\nApatin\u0117s spintel\u0117s gylis be fasad\u0173 [mm]: 446<br \/>\n\u00a0<\/p>","protected":false},"excerpt":{"rendered":"<p>Virtuv\u0117s specifikacija \u2013 juoda | Virtuv\u0117s stilius \u2013 modernus | Fasado tipas: Laminuota plok\u0161t\u0117 \/ MDF \/ Lakuota laminuota plok\u0161t\u0117 | Matmenys: plotis [cm]&gt;44,6 auk\u0161tis [cm]&gt;57<\/p>","protected":false},"featured_media":190137,"comment_status":"open","ping_status":"open","template":"","meta":[],"product_brand":[],"product_cat":[1043,2822],"product_tag":[],"class_list":{"0":"post-190136","1":"product","2":"type-product","3":"status-publish","4":"has-post-thumbnail","6":"product_cat-extras","7":"product_cat-stolkar","9":"first","10":"instock","11":"purchasable","12":"product-type-simple"},"_links":{"self":[{"href":"https:\/\/baldumarket.lt\/lt\/wp-json\/wp\/v2\/product\/190136","targetHints":{"allow":["GET"]}}],"collection":[{"href":"https:\/\/baldumarket.lt\/lt\/wp-json\/wp\/v2\/product"}],"about":[{"href":"https:\/\/baldumarket.lt\/lt\/wp-json\/wp\/v2\/types\/product"}],"replies":[{"embeddable":true,"href":"https:\/\/baldumarket.lt\/lt\/wp-json\/wp\/v2\/comments?post=190136"}],"wp:featuredmedia":[{"embeddable":true,"href":"https:\/\/baldumarket.lt\/lt\/wp-json\/wp\/v2\/media\/190137"}],"wp:attachment":[{"href":"https:\/\/baldumarket.lt\/lt\/wp-json\/wp\/v2\/media?parent=190136"}],"wp:term":[{"taxonomy":"product_brand","embeddable":true,"href":"https:\/\/baldumarket.lt\/lt\/wp-json\/wp\/v2\/product_brand?post=190136"},{"taxonomy":"product_cat","embeddable":true,"href":"https:\/\/baldumarket.lt\/lt\/wp-json\/wp\/v2\/product_cat?post=190136"},{"taxonomy":"product_tag","embeddable":true,"href":"https:\/\/baldumarket.lt\/lt\/wp-json\/wp\/v2\/product_tag?post=190136"}],"curies":[{"name":"wp","href":"https:\/\/api.w.org\/{rel}","templated":true}]}}