{"id":190128,"date":"2025-12-22T21:07:36","date_gmt":"2025-12-22T18:07:36","guid":{"rendered":"https:\/\/baldumarket.lt\/product\/wyspa-kuchenna-prosta-bez-szafek-90-120-140-cm-stolkar\/"},"modified":"2026-02-03T23:25:25","modified_gmt":"2026-02-03T20:25:25","slug":"wyspa-kuchenna-prosta-bez-szafek-90-120-140-cm-stolkar","status":"publish","type":"product","link":"https:\/\/baldumarket.lt\/lt\/product\/wyspa-kuchenna-prosta-bez-szafek-90-120-140-cm-stolkar\/","title":{"rendered":"Tiesi virtuv\u0117s sala be spinteli\u0173 90-120-140 cm Stolkar"},"content":{"rendered":"<p>Virtuv\u0117s salos u\u017edanga yra vienas pirm\u0173j\u0173 rinkoje esan\u010di\u0173 paruo\u0161t\u0173 salos sprendim\u0173, kurio konstrukcija leid\u017eia j\u0105 surinkti patiems, nereikalaujant dailid\u0117s paslaug\u0173, taip suma\u017einant s\u0105naudas ir gamybos laik\u0105 bei sukuriant efektyv\u0173 interjero dizain\u0105.<br \/>\nVienoje salos pus\u0117je galima \u012frengti apatines spinteles \u2013 bet kuri\u0105 \u201eStolkar\u201c virtuv\u0119 i\u0161 \u201eClassic Line\u201c arba \u201eTrend Line\u201c, o kitoje pus\u0117je yra patogi vieta taburet\u0117ms.<br \/>\nSala yra trij\u0173 ilgi\u0173: 90, 120 arba 140 cm. Tai vidinis matmuo, rodantis virtuv\u0117s spinteli\u0173 plot\u012f.<br \/>\nPrie salos vidini\u0173 matmen\u0173 prid\u0117kite 7,4 cm.<br \/>\nPavyzdys: jei u\u017esakote sal\u0105, kurios \u012fmontuoto ilgis yra 90 cm, i\u0161orinis salos matmuo bus 97,4 cm.<br \/>\nMed\u017eiaga:<br \/>\nSalos pagamintos i\u0161 36 mm storio laminuotos plok\u0161t\u0117s, o nugar\u0117l\u0117 (pertvara) \u2013 i\u0161 16 mm plok\u0161t\u0117s.<br \/>\nSpalvos:<br \/>\n\u0104\u017dUOLAS \u201eWOTAN\u201c, \u0104\u017dUOLAS \u201eARTISAN\u201c, GRAFITO PILKA \u2013 36 MM LAMINUOTA LENTA<br \/>\nWOTAN \u0104\u017dUOLAS, ARTISAN \u0104\u017dUOLAS, GRAFITO PILKA \u2013 STALVIR\u0160IS + KOJOS I\u0160 STALVIR\u0160IO<br \/>\nNUGARA: 16 MM LAMINUOTA LENTA \u2013 (GAMYBOS SPALVA) WOTAN \u0104\u017dUOLAS, ARTISAN \u0104\u017dUOLAS, GRAFITO PILKA<br \/>\nSpalvotose nuotraukose matomas \u201eArtisan Oak\u201c \u0105\u017euolas yra gana tamsus \u2013 \u017ei\u016br\u0117kite pirm\u0105sias nuotraukas su antra\u0161t\u0117mis galerijoje.<br \/>\n\u012e kainas \u012fskai\u010diuota:<br \/>\nVir\u0161utinis stalvir\u0161is, 36 mm storio, 1 komplektas \u0161onini\u0173 lenteli\u0173 (2 vnt. po 36 mm), 16 mm storio galin\u0117 sienel\u0117 \u2013 be spinteli\u0173.<br \/>\nSala supakuota \u012f 3 pakuotes: stalvir\u0161\u012f, \u0161onus, nugar\u0117l\u0119.<br \/>\nVirtuvei skirta sala: \u201eStolkar Classic\u201c ir \u201eTrend Line ID27\u201c kolekcijos.<\/p>","protected":false},"excerpt":{"rendered":"<p>Matmenys: ilgis [cm]&gt;90-120-140 (97,4-127,4-147,4) gylis [cm]&gt;80 auk\u0161tis [cm]&gt;82-85,6<\/p>","protected":false},"featured_media":190129,"comment_status":"open","ping_status":"open","template":"","meta":[],"product_brand":[],"product_cat":[2822,1934],"product_tag":[],"class_list":{"0":"post-190128","1":"product","2":"type-product","3":"status-publish","4":"has-post-thumbnail","6":"product_cat-stolkar","7":"product_cat-tables","9":"first","10":"instock","11":"purchasable","12":"product-type-simple"},"_links":{"self":[{"href":"https:\/\/baldumarket.lt\/lt\/wp-json\/wp\/v2\/product\/190128","targetHints":{"allow":["GET"]}}],"collection":[{"href":"https:\/\/baldumarket.lt\/lt\/wp-json\/wp\/v2\/product"}],"about":[{"href":"https:\/\/baldumarket.lt\/lt\/wp-json\/wp\/v2\/types\/product"}],"replies":[{"embeddable":true,"href":"https:\/\/baldumarket.lt\/lt\/wp-json\/wp\/v2\/comments?post=190128"}],"wp:featuredmedia":[{"embeddable":true,"href":"https:\/\/baldumarket.lt\/lt\/wp-json\/wp\/v2\/media\/190129"}],"wp:attachment":[{"href":"https:\/\/baldumarket.lt\/lt\/wp-json\/wp\/v2\/media?parent=190128"}],"wp:term":[{"taxonomy":"product_brand","embeddable":true,"href":"https:\/\/baldumarket.lt\/lt\/wp-json\/wp\/v2\/product_brand?post=190128"},{"taxonomy":"product_cat","embeddable":true,"href":"https:\/\/baldumarket.lt\/lt\/wp-json\/wp\/v2\/product_cat?post=190128"},{"taxonomy":"product_tag","embeddable":true,"href":"https:\/\/baldumarket.lt\/lt\/wp-json\/wp\/v2\/product_tag?post=190128"}],"curies":[{"name":"wp","href":"https:\/\/api.w.org\/{rel}","templated":true}]}}