{"id":190126,"date":"2025-12-22T21:07:29","date_gmt":"2025-12-22T18:07:29","guid":{"rendered":"https:\/\/baldumarket.lt\/product\/blat-dab-hikora-do-kuchni-producenta-027-grubosc-38-mm-dlugosc-410-cm\/"},"modified":"2026-02-03T23:25:25","modified_gmt":"2026-02-03T20:25:25","slug":"blat-dab-hikora-do-kuchni-producenta-027-grubosc-38-mm-dlugosc-410-cm","status":"publish","type":"product","link":"https:\/\/baldumarket.lt\/lt\/product\/blat-dab-hikora-do-kuchni-producenta-027-grubosc-38-mm-dlugosc-410-cm\/","title":{"rendered":"Hikorio \u0105\u017euolo stalvir\u0161is virtuv\u0117s gamintojui 027, storis 38 mm, ilgis 410 cm"},"content":{"rendered":"<p>Gamintojo 027 virtuv\u0117s stalvir\u0161is, 38 mm storio, galima \u012fsigyti \u0161i\u0173 spalv\u0173:<br \/>\nHikorijos \u0105\u017euolo H3 730, 38 mm storio<br \/>\n\u00a0<br \/>\nGalimas tik pilnas 410 cm ilgis.<br \/>\n\u012e kain\u0105 \u012fskai\u010diuoti 3 pj\u016bviai + PVC kra\u0161t\u0173 apklijavimas.<br \/>\nPagrindinis stalvir\u0161is supakuotas \u012f d\u0117kl\u0105 + kartonin\u0119 d\u0117\u017e\u0119 stalvir\u0161iams; atliekos ne\u012fskai\u010diuotos!<br \/>\nD\u0117l siuntimo \u012fmon\u0117s apribojim\u0173, maksimalus m\u016bs\u0173 siun\u010diamo stalvir\u0161io dydis yra 275 x 60 cm.<br \/>\nPavyzdys:<br \/>\nU\u017e nurodyt\u0105 kain\u0105 perkate 410 cm stalvir\u0161\u012f. Galite j\u012f u\u017esisakyti dalimis:<br \/>\n275 cm (did\u017eiausias vienos dalies ilgis) + 50 cm + 60 cm (275 + 50 + 60 = 385 cm) \u2013 visos trys dalys bus nupjautos iki nurodyto ilgio ir apjuostos kair\u0117je ir de\u0161in\u0117je pus\u0117se.<br \/>\nTaip pat gausite 25 cm nesuvyniot\u0173 ir nesupakuot\u0173 stalvir\u0161io atliek\u0173.<br \/>\n2 pavyzdys:<br \/>\nJei jums reikia 150 cm ilgio stalvir\u0161io, gausite j\u012f faneruot\u0105, o 260 cm ilgio atliek\u0173 gabal\u0105 \u2013 nefaneruot\u0105 ir nesupakuot\u0105.<br \/>\nStalvir\u0161is pristatomas nemokamai, jei spinteli\u0173 ar virtuvi\u0173 u\u017esakymo suma vir\u0161ija 3 500 PLN. U\u017esakymams, ma\u017eesniems nei \u0161i suma arba didesniems nei 275 cm, pristatymas kainuoja 549 PLN.<br \/>\nPASTABA \u2013 U\u017esakymo pastabose nurodykite reikiam\u0105 stalvir\u0161i\u0173 ilg\u012f.<br \/>\nStalvir\u0161is gali b\u016bti i\u0161si\u0173stas tik u\u017esakant virtuves ar virtuv\u0117s spinteles i\u0161 gamintojo 027.<\/p>","protected":false},"excerpt":{"rendered":"<p>Matmenys: gylis [cm]&gt;60 auk\u0161tis [cm]&gt;3,8<\/p>","protected":false},"featured_media":190127,"comment_status":"open","ping_status":"open","template":"","meta":[],"product_brand":[],"product_cat":[1043,2822],"product_tag":[],"class_list":{"0":"post-190126","1":"product","2":"type-product","3":"status-publish","4":"has-post-thumbnail","6":"product_cat-extras","7":"product_cat-stolkar","9":"first","10":"instock","11":"purchasable","12":"product-type-simple"},"_links":{"self":[{"href":"https:\/\/baldumarket.lt\/lt\/wp-json\/wp\/v2\/product\/190126","targetHints":{"allow":["GET"]}}],"collection":[{"href":"https:\/\/baldumarket.lt\/lt\/wp-json\/wp\/v2\/product"}],"about":[{"href":"https:\/\/baldumarket.lt\/lt\/wp-json\/wp\/v2\/types\/product"}],"replies":[{"embeddable":true,"href":"https:\/\/baldumarket.lt\/lt\/wp-json\/wp\/v2\/comments?post=190126"}],"wp:featuredmedia":[{"embeddable":true,"href":"https:\/\/baldumarket.lt\/lt\/wp-json\/wp\/v2\/media\/190127"}],"wp:attachment":[{"href":"https:\/\/baldumarket.lt\/lt\/wp-json\/wp\/v2\/media?parent=190126"}],"wp:term":[{"taxonomy":"product_brand","embeddable":true,"href":"https:\/\/baldumarket.lt\/lt\/wp-json\/wp\/v2\/product_brand?post=190126"},{"taxonomy":"product_cat","embeddable":true,"href":"https:\/\/baldumarket.lt\/lt\/wp-json\/wp\/v2\/product_cat?post=190126"},{"taxonomy":"product_tag","embeddable":true,"href":"https:\/\/baldumarket.lt\/lt\/wp-json\/wp\/v2\/product_tag?post=190126"}],"curies":[{"name":"wp","href":"https:\/\/api.w.org\/{rel}","templated":true}]}}