{"id":190110,"date":"2025-12-22T21:06:43","date_gmt":"2025-12-22T18:06:43","guid":{"rendered":"https:\/\/baldumarket.lt\/product\/panel-boczny-szafki-wiszacej-wysokiej-niskiej-108x304-max\/"},"modified":"2026-02-03T23:25:25","modified_gmt":"2026-02-03T20:25:25","slug":"panel-boczny-szafki-wiszacej-wysokiej-niskiej-108x304-max","status":"publish","type":"product","link":"https:\/\/baldumarket.lt\/lt\/product\/panel-boczny-szafki-wiszacej-wysokiej-niskiej-108x304-max\/","title":{"rendered":"\u0160onin\u0117 sienin\u0117 spintel\u0117 auk\u0161tai ir \u017eemai 108&#215;30.4 Max"},"content":{"rendered":"<p>108\u00d730,4 Max auk\u0161tos ir \u017eemos sienin\u0117s spintel\u0117s \u0161onin\u0117 panel\u0117 yra \u201eTrend line\u201c virtuv\u0117s bald\u0173 komplekto dalis, kurios specifikacijos yra \u0161ios:<br \/>\nDizainas:<br \/>\nPriekin\u0117s dalys pagamintos i\u0161 MDF plok\u0161t\u0117s, padengtos matine PVC pl\u0117vele.<br \/>\nPriekin\u0117se dalyse n\u0117ra i\u0161 anksto i\u0161gr\u0119\u017et\u0173 skyli\u0173 rankenoms; jas reikia i\u0161gr\u0119\u017eti patiems (jose yra i\u0161 anksto i\u0161gr\u0119\u017etos skyl\u0117s, i\u0161d\u0117stytos 16 cm atstumu viena nuo kitos).<br \/>\nKorpusai pagaminti i\u0161 16 mm laminuotos plok\u0161t\u0117s.<br \/>\nRankenos yra prieinamos.<br \/>\nReguliuojamos tvirtinimo kojel\u0117s, 10 cm auk\u0161\u010dio.<br \/>\nKiekvienos spintel\u0117s pagrindas pjaustomas atskirai.<br \/>\nVyriai \u2013 \u0161velnaus u\u017edarymo sistema.<br \/>\nStal\u010diai \u2013 su \u0161velnaus u\u017edarymo sistema.<br \/>\nDujiniai keltuvai.<br \/>\nApatin\u0117s spintel\u0117s galimos be stalvir\u0161i\u0173.<br \/>\nSistemos specifikacijos:<br \/>\nModelio pavadinimas: MAX<br \/>\nBald\u0173 sistema: TREND LINE<br \/>\nR\u0117mo spalva: BALTA \/ GRAFITO PILKA \/ ARTISAN OAK<br \/>\nSpintel\u0117s priekin\u0117s dalies spalva Vir\u0161utin\u0117s spintel\u0117s: ALPI\u0172 BALTA \/ PILKA \/ \u0160VIESIAI SM\u0116LIO SPALVOS \/ JUODA \/ ANTRACITO \/ TAMSI M\u0116LYNA \/ PLYT\u0172 RAUDONA \/ RUDA \/ TAMSI \u017dALIA<br \/>\nApatini\u0173 spinteli\u0173 fasadai: ALPI\u0172 BALTA \/ PILKA \/ \u0160VIESIAI SM\u0116LIO SPALVOS \/ JUODA \/ ANTRACITO \/ TAMSI M\u0116LYNA \/ PLYT\u0172 RAUDONA \/ RUDA \/ TAMSI \u017dALIA<br \/>\nPriekin\u0117 med\u017eiaga: 18 mm matin\u0117 akrilin\u0117 plok\u0161t\u0117<br \/>\nKorpuso med\u017eiaga: 16 mm laminuota plok\u0161t\u0117<br \/>\nStalvir\u0161is \u012fskai\u010diuotas: NE, PARDUODAMA ATSKIRAI<br \/>\nRankenos: NE, PARDUODAMOS ATSKIRAI<br \/>\n\u0160velnus u\u017edarymas: TAIP<br \/>\nVir\u0161utin\u0117s spintel\u0117s auk\u0161tis [mm]: 360 \/ 720 \/ 880 \/ 920<br \/>\nVir\u0161utini\u0173 spinteli\u0173 gylis be fasad\u0173 [mm]: 300 \/ 560<br \/>\nApatini\u0173 spinteli\u0173 auk\u0161tis [mm]: 820<br \/>\nApatini\u0173 spinteli\u0173 be fasad\u0173 gylis [mm]: 524<br \/>\nAtram\u0173 auk\u0161tis [mm]: 2133 \/ 2183<br \/>\nAtram\u0173 gylis be fasad\u0173 [mm]: 560<br \/>\nVirtuv\u0117s spalvos (galimos i\u0161 pasirinkim\u0173):<br \/>\nPRIEKIN\u0116 PUS\u0116: MATIN\u0116 AKRILIN\u0116 LENTA<br \/>\nSPALVA: ALPI\u0172 BALTA \/ PILKA \/ \u0160VIESIAI SM\u0116LIO SPALVOS \/ JUODA \/ ANTRACITO \/ TAMSI M\u0116LYNA \/ PLYT\u0172 RAUDONA \/ RUDAI \/ TAMSI \u017dALIA<br \/>\nKORPUSAS: BALTA arba GRAFITO arba ARTISAN OAK<br \/>\nTAUR\u0116: SATINATO<br \/>\nRANKENA: BE RANKENOS<br \/>\nAPA\u010cIN\u0116S SPINTEL\u0116S: 524 mm \u2013 MONTAVIMO KOJEL\u0116S<br \/>\nSTAL\u010cIAI: TYLUS U\u017dSIDARYMAS<br \/>\nVYRIS: TYLUS U\u017dSIDARYMAS<br \/>\n\u00a0<\/p>","protected":false},"excerpt":{"rendered":"<p>Virtuv\u0117s stilius \u2013 modernus | Fasado tipas: Laminuota plok\u0161t\u0117 \/ MDF \/ Lakuota MDF plok\u0161t\u0117, padengta PVC folija | Matmenys: gylis [cm]&gt;1,8 plotis [cm]&gt;30,4 auk\u0161tis [cm]&gt;108<\/p>","protected":false},"featured_media":190111,"comment_status":"open","ping_status":"open","template":"","meta":[],"product_brand":[],"product_cat":[1043,2822],"product_tag":[],"class_list":{"0":"post-190110","1":"product","2":"type-product","3":"status-publish","4":"has-post-thumbnail","6":"product_cat-extras","7":"product_cat-stolkar","9":"first","10":"instock","11":"purchasable","12":"product-type-simple"},"_links":{"self":[{"href":"https:\/\/baldumarket.lt\/lt\/wp-json\/wp\/v2\/product\/190110","targetHints":{"allow":["GET"]}}],"collection":[{"href":"https:\/\/baldumarket.lt\/lt\/wp-json\/wp\/v2\/product"}],"about":[{"href":"https:\/\/baldumarket.lt\/lt\/wp-json\/wp\/v2\/types\/product"}],"replies":[{"embeddable":true,"href":"https:\/\/baldumarket.lt\/lt\/wp-json\/wp\/v2\/comments?post=190110"}],"wp:featuredmedia":[{"embeddable":true,"href":"https:\/\/baldumarket.lt\/lt\/wp-json\/wp\/v2\/media\/190111"}],"wp:attachment":[{"href":"https:\/\/baldumarket.lt\/lt\/wp-json\/wp\/v2\/media?parent=190110"}],"wp:term":[{"taxonomy":"product_brand","embeddable":true,"href":"https:\/\/baldumarket.lt\/lt\/wp-json\/wp\/v2\/product_brand?post=190110"},{"taxonomy":"product_cat","embeddable":true,"href":"https:\/\/baldumarket.lt\/lt\/wp-json\/wp\/v2\/product_cat?post=190110"},{"taxonomy":"product_tag","embeddable":true,"href":"https:\/\/baldumarket.lt\/lt\/wp-json\/wp\/v2\/product_tag?post=190110"}],"curies":[{"name":"wp","href":"https:\/\/api.w.org\/{rel}","templated":true}]}}