{"id":189542,"date":"2025-12-22T20:49:42","date_gmt":"2025-12-22T17:49:42","guid":{"rendered":"https:\/\/baldumarket.lt\/product\/zestaw-mebli-kuchennych-kuchnia-180-240-cm-emily\/"},"modified":"2026-02-03T23:25:32","modified_gmt":"2026-02-03T20:25:32","slug":"zestaw-mebli-kuchennych-kuchnia-180-240-cm-emily","status":"publish","type":"product","link":"https:\/\/baldumarket.lt\/lt\/product\/zestaw-mebli-kuchennych-kuchnia-180-240-cm-emily\/","title":{"rendered":"Virtuv\u0117s bald\u0173 komplektas, virtuv\u0117 180-240 cm Emily"},"content":{"rendered":"<p>\u201eEmily\u201c virtuv\u0117s komplektas, 180\u2013240 cm virtuv\u0117 \u2013 komplekte yra \u0161ios spintel\u0117s:<br \/>\nApatin\u0117 spintel\u0117 60 cm, D60 R\/L<br \/>\nApatin\u0117 spintel\u0117 40 cm D40S\/3 stal\u010diai<br \/>\nApatin\u0117 spintel\u0117 80 cm D80ZL kriauklei<br \/>\nPakabinama spintel\u0117 60 cm P60 R\/K<br \/>\nPakabinama spintel\u0117 60 cm W60OKGR<br \/>\nPakabinama spintel\u0117 40 cm P40 R\/K<br \/>\nPakabinama spintel\u0117 80 cm WS80 vitrina<br \/>\nDizainas:<br \/>\nPriekin\u0117s dalys pagamintos i\u0161 16 mm storio MDF plok\u0161t\u0117s, padengtos matine PVC pl\u0117vele.<br \/>\nPriekin\u0117se dalyse n\u0117ra i\u0161 anksto i\u0161gr\u0119\u017et\u0173 skyli\u0173 rankenoms; jas reikia i\u0161gr\u0119\u017eti patiems (jose yra i\u0161 anksto i\u0161gr\u0119\u017etos skyl\u0117s, i\u0161d\u0117stytos 16 cm atstumu viena nuo kitos).<br \/>\nKorpusas pagamintas i\u0161 16 mm laminuotos plok\u0161t\u0117s.<br \/>\nRankenos, kurias galima \u012fsigyti pagal parinktis:<br \/>\n10 cm auk\u0161\u010dio reguliuojamo auk\u0161\u010dio tvirtinimo kojel\u0117s<br \/>\nCokolis pjaunamas atskirai kiekvienai spintelei<br \/>\nVyriai \u2013 \u0161velnaus u\u017edarymo sistema<br \/>\nStal\u010diai \u2013 \u0161velnaus u\u017edarymo sistema<br \/>\nDujiniai keltuvai<br \/>\nApatin\u0117s spintel\u0117s galimos be stalvir\u0161i\u0173<br \/>\nSistemos parametrai:<br \/>\nModelio vardas: EMILY<br \/>\nBald\u0173 sistema: TREND LINE<br \/>\nR\u0117mo spalva: BALTA \/ GRAFITO PILKA<br \/>\nVir\u0161utin\u0117s spintel\u0117s priekin\u0117s dalies spalva: BALTA MATIN\u0116 \/ KREMIN\u0116 MATIN\u0116 \/ PILKA MATIN\u0116 \/ \u0160VIESIAI PILKA MATIN\u0116 \/ RAUDONA TOSKANO \/ MATIN\u0116 \u017dALIA \/ JUOD\u0172J\u0172 \u017dIRNELI\u0172 MATIN\u0116 \/ PASIRINKTI RIE\u0160UTMED\u017dIO \/ \u0104\u017dUOLO<br \/>\nApatin\u0117s spintel\u0117s priekin\u0117s dalies spalva: BALTA MATIN\u0116 \/ KREMIN\u0116 MATIN\u0116 \/ PILKA MATIN\u0116 \/ \u0160VIESIAI PILKA MATIN\u0116 \/ RAUDONA TOSKANO \/ MATIN\u0116 \u017dALIA \/ JUOD\u0172J\u0172 \u017dIRNELI\u0172 MATIN\u0116 \/ PASIRINKTI RIE\u0160UTMED\u017dIO \/ \u0104\u017dUOLO SPALVOS<br \/>\nApatin\u0117s spintel\u0117s priekin\u0117s dalies spalva: BALTA MATIN\u0116 \/ KREMIN\u0116 MATIN\u0116 \/ PILKA MATIN\u0116 \/ \u0160VIESIAI PILKA MATIN\u0116 \/ RAUDONA TOSKANO \/ MATIN\u0116 \u017dALIA \/ JUOD\u0172J\u0172 \u017dIRNELI\u0172 MATIN\u0116 \/ PASIRINKTI RIE\u0160UTMED\u017dIO \/ \u0104\u017dUOLO SPALVOS<br \/>\nPriekin\u0117 med\u017eiaga: 16 mm MDF folija<br \/>\nKorpuso med\u017eiaga: 16 mm laminuota plok\u0161t\u0117<br \/>\nStalvir\u0161is \u012fskai\u010diuotas: NE, PARDUODAMA ATSKIRAI<br \/>\nRankenos: NE, PARDUODAMOS ATSKIRAI<br \/>\n\u0160velnus u\u017edarymas: TAIP<br \/>\nVir\u0161utini\u0173 spinteli\u0173 auk\u0161tis [mm]: 360 \/ 720 \/ 880 \/ 920<br \/>\nVir\u0161utini\u0173 spinteli\u0173 gylis be fasad\u0173 [mm]: 300 \/ 560<br \/>\nApatini\u0173 spinteli\u0173 auk\u0161tis [mm]: 820<br \/>\nApatini\u0173 spinteli\u0173 be fasad\u0173 gylis [mm]: 524<br \/>\nAtram\u0173 auk\u0161tis [mm]: 2133 \/ 2183<br \/>\nAtram\u0173 gylis be fasad\u0173 [mm]: 560<br \/>\nVirtuv\u0117s spalvos (galimos parinktyse):<br \/>\nPRIEKIN\u0116 PUS\u0116: MDF FOLIJA<br \/>\nSPALVA: BALTA MATIN\u0116 \/ KREMIN\u0116 MATIN\u0116 \/ PILKA MATIN\u0116 \/ \u0160VIESIAI PILKA MATIN\u0116 \/ RAUDONA TOSKANO \/ \u017dALIA MATIN\u0116 \/ JUOD\u0172J\u0172 \u017dIRNELI\u0172 MATIN\u0116 \/ PASIRINKTI RIE\u0160UTME\u010cIO \/ \u0104\u017dUOLO<br \/>\nKORPUSAS: BALTA arba GRAFITO<br \/>\nTAUR\u0116: SATINATO<br \/>\nRANKENA: BE RANKENOS<br \/>\nAPA\u010cIN\u0116S SPINTEL\u0116S: 524 mm \u2013 MONTAVIMO KOJEL\u0116S<br \/>\nSTAL\u010cIAI: TYLUS U\u017dSIDARYMAS<br \/>\nVYRIS: TYLUS U\u017dSIDARYMAS<br \/>\n\u00a0<\/p>","protected":false},"excerpt":{"rendered":"<p>Virtuv\u0117s stilius \u2013 modernus | Fasado tipas: Laminuota plok\u0161t\u0117 \/ MDF \/ Lakuota MDF plok\u0161t\u0117, 16 mm storio, padengta PVC folija | Matmenys: gylis [cm]&gt;30; vir\u0161utinis gylis be stalvir\u0161io [cm]&gt;52,4; gylis su stalvir\u0161iu [cm]&gt;60; plotis [cm]&gt;180\u2013240; auk\u0161tis [cm]&gt;72; vir\u0161utinis auk\u0161tis be stalvir\u0161io [cm]&gt;82<\/p>","protected":false},"featured_media":189543,"comment_status":"open","ping_status":"open","template":"","meta":[],"product_brand":[],"product_cat":[1932,2822],"product_tag":[],"class_list":{"0":"post-189542","1":"product","2":"type-product","3":"status-publish","4":"has-post-thumbnail","6":"product_cat-kitchen-sets","7":"product_cat-stolkar","9":"first","10":"instock","11":"purchasable","12":"product-type-simple"},"_links":{"self":[{"href":"https:\/\/baldumarket.lt\/lt\/wp-json\/wp\/v2\/product\/189542","targetHints":{"allow":["GET"]}}],"collection":[{"href":"https:\/\/baldumarket.lt\/lt\/wp-json\/wp\/v2\/product"}],"about":[{"href":"https:\/\/baldumarket.lt\/lt\/wp-json\/wp\/v2\/types\/product"}],"replies":[{"embeddable":true,"href":"https:\/\/baldumarket.lt\/lt\/wp-json\/wp\/v2\/comments?post=189542"}],"wp:featuredmedia":[{"embeddable":true,"href":"https:\/\/baldumarket.lt\/lt\/wp-json\/wp\/v2\/media\/189543"}],"wp:attachment":[{"href":"https:\/\/baldumarket.lt\/lt\/wp-json\/wp\/v2\/media?parent=189542"}],"wp:term":[{"taxonomy":"product_brand","embeddable":true,"href":"https:\/\/baldumarket.lt\/lt\/wp-json\/wp\/v2\/product_brand?post=189542"},{"taxonomy":"product_cat","embeddable":true,"href":"https:\/\/baldumarket.lt\/lt\/wp-json\/wp\/v2\/product_cat?post=189542"},{"taxonomy":"product_tag","embeddable":true,"href":"https:\/\/baldumarket.lt\/lt\/wp-json\/wp\/v2\/product_tag?post=189542"}],"curies":[{"name":"wp","href":"https:\/\/api.w.org\/{rel}","templated":true}]}}