{"id":189534,"date":"2025-12-22T20:49:31","date_gmt":"2025-12-22T17:49:31","guid":{"rendered":"https:\/\/baldumarket.lt\/product\/zestaw-mebli-kuchennych-kuchnia-270-cm-emily\/"},"modified":"2026-02-03T23:25:32","modified_gmt":"2026-02-03T20:25:32","slug":"zestaw-mebli-kuchennych-kuchnia-270-cm-emily","status":"publish","type":"product","link":"https:\/\/baldumarket.lt\/lt\/product\/zestaw-mebli-kuchennych-kuchnia-270-cm-emily\/","title":{"rendered":"Virtuv\u0117s bald\u0173 komplektas, 270 cm virtuv\u0117 Emily"},"content":{"rendered":"<p>\u201eEmily\u201c virtuv\u0117s komplektas, 270 cm virtuv\u0117 \u2013 komplekte yra \u0161ios spintel\u0117s:<br \/>\n60 cm sudedama spintel\u0117 su orkaite D60PK\/2133 P\/L<br \/>\n60 cm apatin\u0117 spintel\u0117 su stal\u010diais D60S\/3<br \/>\n60 cm apatin\u0117 spintel\u0117 kaitlentei D60 PC P\/L<br \/>\n30 cm apatin\u0117 spintel\u0117 D30 P\/L<br \/>\n60 cm apatin\u0117 spintel\u0117 su kriaukle D60ZL P\/L<br \/>\n60 cm pakabinama spintel\u0117 su d\u017eiovykle W60SU P\/L ALU<br \/>\n30 cm pakabinama spintel\u0117 W30 P\/L<br \/>\n60 cm i\u0161traukiama pakabinama spintel\u0117 W60OKGR<br \/>\n60 cm pakabinama spintel\u0117 W60 P\/L<br \/>\nDizainas:<br \/>\nPriekin\u0117s dalys pagamintos i\u0161 16 mm storio MDF plok\u0161t\u0117s, padengtos matine PVC pl\u0117vele.<br \/>\nPriekyje n\u0117ra i\u0161 anksto i\u0161gr\u0119\u017et\u0173 skyli\u0173. Rankenas turite pasigaminti patys (jose yra i\u0161 anksto i\u0161gr\u0119\u017etos gr\u0119\u017eimo angos, i\u0161d\u0117stytos 16 cm atstumu viena nuo kitos).<br \/>\n16 mm laminuot\u0173 plok\u0161\u010di\u0173 korpusai<br \/>\nRankenos galimos pagal pasirinkimus<br \/>\nReguliuojamos tvirtinimo kojel\u0117s, 10 cm auk\u0161\u010dio<br \/>\nCokolin\u0117s dalys pjaustomos atskirai kiekvienai spintelei<br \/>\nVyriai \u2013 \u0161velnaus u\u017edarymo sistema<br \/>\nStal\u010diai \u2013 \u0161velnaus u\u017edarymo sistema<br \/>\nDujiniai keltuvai<br \/>\nApatin\u0117s spintel\u0117s galimos be stalvir\u0161i\u0173<br \/>\nSistemos parametrai:<br \/>\nModelio vardas: EMILY<br \/>\nBald\u0173 sistema: TREND LINE<br \/>\nSpintel\u0117s spalva: BALTA \/ GRAFITO PILKA<br \/>\nVir\u0161utin\u0117s spintel\u0117s priekin\u0117s dalies spalva: MATIN\u0116 BALTA \/ MATIN\u0116 KREMIN\u0116 \/ MATIN\u0116 PILKA \/ MATIN\u0116 \u0160VIESIAI PILKA \/ TOSKANO RAUDONA \/ MATIN\u0116 \u017dALIA \/ MATIN\u0116 JUODA \/ SELECT RIE\u0160UTMEDIS \/ \u0104\u017dUOLAS<br \/>\nApatin\u0117s spintel\u0117s priekin\u0117s dalies spalva: BALTA MATIN\u0116 \/ KREMIN\u0116 MATIN\u0116 \/ PILKA MATIN\u0116 \/ \u0160VIESIAI PILKA MATIN\u0116 \/ RAUDONA TOSKANO \/ \u017dALIA MATIN\u0116 \/ JUOD\u0172J\u0172 \u017dIRNELI\u0172 MATIN\u0116 \/ PASIRINKTI RIE\u0160UTMED\u017dIO \/ \u0104\u017dUOLO SPALVOS<br \/>\nPriekin\u0117 med\u017eiaga: 16 mm MDF folija<br \/>\nKorpuso med\u017eiaga: 16 mm laminuota plok\u0161t\u0117<br \/>\nVir\u0161utinis dangtis \u012fskai\u010diuotas: NE, PARDUODAMA ATSKIRAI<br \/>\nRankenos: NE, PARDUODAMOS ATSKIRAI<br \/>\n\u0160velnus u\u017edarymas: TAIP<br \/>\nVir\u0161utini\u0173 spinteli\u0173 auk\u0161tis [mm]: 360 \/ 720 \/ 880 \/ 920<br \/>\nVir\u0161utini\u0173 spinteli\u0173 gylis be fasad\u0173 [mm]: 300 \/ 560<br \/>\nApatini\u0173 spinteli\u0173 auk\u0161tis [mm]: 820<br \/>\nApatini\u0173 spinteli\u0173 gylis be fasad\u0173 [mm]: 524<br \/>\nStatrams\u010di\u0173 auk\u0161tis [mm]: 2133 \/ 2183<br \/>\nStulpo gylis be fasad\u0173 [mm]: 560<br \/>\nVirtuv\u0117s spalvos (galimos i\u0161 pasirinkim\u0173):<br \/>\nPRIEKIN\u0116 PUS\u0116: MDF FOLIJA<br \/>\nSPALVA: BALTA MATIN\u0116 \/ KREMIN\u0116 MATIN\u0116 \/ PILKA MATIN\u0116 \/ \u0160VIESIAI PILKA MATIN\u0116 \/ RAUDONA TOSKANO \/ \u017dALIA MATIN\u0116 \/ JUOD\u0172J\u0172 \u017dIRNELI\u0172 MATIN\u0116 \/ PASIRINKTI RIE\u0160UTME\u010cIO \/ \u0104\u017dUOLO<br \/>\nKORPUSAS: BALTA arba GRAFITO<br \/>\nTAUR\u0116: SATINATO<br \/>\nRANKENA: BE RANKENOS<br \/>\nAPATINIS SPINTELI\u0172 ATSTOVIS: 524 mm \u2013 MONTAVIMO KOJEL\u0116S<br \/>\nSTAL\u010cIAI: \u0160VELNIAI U\u017dSIDARO<br \/>\nVYRIS: \u0160VELNUS U\u017dSIDARYMAS<\/p>","protected":false},"excerpt":{"rendered":"<p>Virtuv\u0117s stilius \u2013 modernus | Fasado tipas: Laminuota plok\u0161t\u0117 \/ MDF \/ Lakuota MDF plok\u0161t\u0117, 16 mm storio, padengta PVC folija | Matmenys: gylis [cm]&gt;30; vir\u0161utinis gylis be stalvir\u0161io [cm]&gt;52,4; gylis su stalvir\u0161iu [cm]&gt;60; plotis [cm]&gt;270; auk\u0161tis [cm]&gt;72; vir\u0161utinis auk\u0161tis be stalvir\u0161io [cm]&gt;82<\/p>","protected":false},"featured_media":189535,"comment_status":"open","ping_status":"open","template":"","meta":[],"product_brand":[],"product_cat":[1932,2822],"product_tag":[],"class_list":{"0":"post-189534","1":"product","2":"type-product","3":"status-publish","4":"has-post-thumbnail","6":"product_cat-kitchen-sets","7":"product_cat-stolkar","9":"first","10":"instock","11":"purchasable","12":"product-type-simple"},"_links":{"self":[{"href":"https:\/\/baldumarket.lt\/lt\/wp-json\/wp\/v2\/product\/189534","targetHints":{"allow":["GET"]}}],"collection":[{"href":"https:\/\/baldumarket.lt\/lt\/wp-json\/wp\/v2\/product"}],"about":[{"href":"https:\/\/baldumarket.lt\/lt\/wp-json\/wp\/v2\/types\/product"}],"replies":[{"embeddable":true,"href":"https:\/\/baldumarket.lt\/lt\/wp-json\/wp\/v2\/comments?post=189534"}],"wp:featuredmedia":[{"embeddable":true,"href":"https:\/\/baldumarket.lt\/lt\/wp-json\/wp\/v2\/media\/189535"}],"wp:attachment":[{"href":"https:\/\/baldumarket.lt\/lt\/wp-json\/wp\/v2\/media?parent=189534"}],"wp:term":[{"taxonomy":"product_brand","embeddable":true,"href":"https:\/\/baldumarket.lt\/lt\/wp-json\/wp\/v2\/product_brand?post=189534"},{"taxonomy":"product_cat","embeddable":true,"href":"https:\/\/baldumarket.lt\/lt\/wp-json\/wp\/v2\/product_cat?post=189534"},{"taxonomy":"product_tag","embeddable":true,"href":"https:\/\/baldumarket.lt\/lt\/wp-json\/wp\/v2\/product_tag?post=189534"}],"curies":[{"name":"wp","href":"https:\/\/api.w.org\/{rel}","templated":true}]}}