{"id":189462,"date":"2025-12-22T20:47:36","date_gmt":"2025-12-22T17:47:36","guid":{"rendered":"https:\/\/baldumarket.lt\/product\/kuchnia-kate-zestaw-kuchenny-270-cm\/"},"modified":"2026-02-03T23:25:33","modified_gmt":"2026-02-03T20:25:33","slug":"kuchnia-kate-zestaw-kuchenny-270-cm","status":"publish","type":"product","link":"https:\/\/baldumarket.lt\/lt\/product\/kuchnia-kate-zestaw-kuchenny-270-cm\/","title":{"rendered":"Keit\u0117s virtuv\u0117 270 cm virtuv\u0117s komplektas"},"content":{"rendered":"<p>Kate virtuv\u0117s komplektas 270 cm \u2013 komplekte yra \u0161ios spintel\u0117s:<br \/>\nApa\u010dia:<br \/>\n60 cm orkait\u0117s stovas \u2013 D60PK\/2133 P\/L<br \/>\n15 cm krovininis vienetas \u2013 D15 CARGO + \u0161velniai u\u017esidarantis krep\u0161elis<br \/>\n60 cm kaitlent\u0117s stovas \u2013 D60PC S\/2 DANGTELIS<br \/>\n15 cm krovininis vienetas \u2013 D15 CARGO + \u0161velniai u\u017esidarantis krep\u0161elis<br \/>\n60 cm kriaukl\u0117s stovas \u2013 D60ZL P\/L *<br \/>\n60 cm stal\u010diai \u2013 D60S\/3<br \/>\nPastaba: papildoma juoda pus\u0117 \u2013 nepridedama<br \/>\nVir\u0161uje:<br \/>\n60 cm vyriais \u2013 W60GRF\/2 \u2013 2 vnt.<br \/>\nDizainas:<br \/>\nPriekin\u0117s dalys pagamintos i\u0161 16 mm storio MDF plok\u0161t\u0117s, padengtos matine PVC pl\u0117vele.<br \/>\nPriekyje n\u0117ra i\u0161 anksto i\u0161gr\u0119\u017et\u0173 skyli\u0173 rankenai; jas turite i\u0161gr\u0119\u017eti patys (jie turi i\u0161 anksto i\u0161gr\u0119\u017etas skyles ir j\u0173 tarpus). 16 cm)<br \/>\n16 mm laminuot\u0173 plok\u0161\u010di\u0173 korpusai<br \/>\nSatinato stiklas<br \/>\nPapildomos rankenos (spintel\u0117s nuotraukoje esan\u010dios rankenos yra tik iliustracin\u0117s \u2013 \u017er. i\u0161 anksto paruo\u0161tus i\u0161d\u0117stymus ir parinktis)<br \/>\n10 cm reguliuojamo ilgio tvirtinimo kojel\u0117s<br \/>\nCokolis pjaunamas atskirai kiekvienai spintelei<br \/>\nVyriai \u2013 \u0161velnaus u\u017edarymo sistema<br \/>\nStal\u010diai \u2013 \u0161velnaus u\u017edarymo sistema<br \/>\nDujiniai keltuvai<br \/>\nApatin\u0117s spintel\u0117s galimos be stalvir\u0161i\u0173<br \/>\nSistemos parametrai:<br \/>\nModelio pavadinimas: KATE<br \/>\nBald\u0173 sistema: TREND LINE<br \/>\nKorpuso spalva: BALTA \/ GRAFITO PILKA<br \/>\nVir\u0161utin\u0117s spintel\u0117s priekin\u0117s dalies spalva: MATIN\u0116 BALTA \/ \u0160VIESIAI PILKA MATIN\u0116 \/ MATIN\u0116 PILKA \/ MATIN\u0116 JUODA \u017dIRNEL\u0116<br \/>\nApatin\u0117s spintel\u0117s priekin\u0117s dalies spalva: MATIN\u0116 BALTA \/ \u0160VIESIAI PILKA MATIN\u0116 \/ MATIN\u0116 PILKA \/ MATIN\u0116 JUODA MATIN\u0116<br \/>\nPriekin\u0117 med\u017eiaga: MDF PVC folija 16 mm<br \/>\nKorpuso med\u017eiaga: 16 mm laminuota plok\u0161t\u0117<br \/>\nStalvir\u0161is \u012fskai\u010diuotas: NE, PARDUODAMA ATSKIRAI<br \/>\nRankenos: NE, PARDUODAMOS ATSKIRAI<br \/>\n\u0160velnus u\u017edarymas: TAIP<br \/>\nVir\u0161utini\u0173 spinteli\u0173 auk\u0161tis [mm]: 360 \/ 720 \/ 880 \/ 920<br \/>\nVir\u0161utini\u0173 spinteli\u0173 gylis be fasad\u0173 [mm]: 300 \/ 560<br \/>\nApatini\u0173 spinteli\u0173 auk\u0161tis [mm]: 820<br \/>\nApatini\u0173 spinteli\u0173 be fasad\u0173 gylis [mm]: 524<br \/>\nAtram\u0173 auk\u0161tis [mm]: 2133 \/ 2183<br \/>\nAtram\u0173 gylis be fasad\u0173 [mm]: 560<br \/>\nVirtuv\u0117s spalvos (galimos i\u0161 pasirinkim\u0173):<br \/>\nPRIEKIN\u0116 PUS\u0116: MDF FOLIJA<br \/>\nSPALVA: JUOD\u0172J\u0172 \u017dIRNELI\u0172 MATIN\u0116, BALTA MATIN\u0116, \u0160VIESIAI PILKA MATIN\u0116, PILKA MATIN\u0116<br \/>\nKORPUSAS: BALTA arba GRAFITO<br \/>\nTAUR\u0116: SATINATO<br \/>\nRANKENA: BE RANKENOS<br \/>\nAPA\u010cIN\u0116S SPINTEL\u0116S: 524 mm \u2013 MONTAVIMO KOJEL\u0116S<br \/>\nSTAL\u010cIAI: TYLUS U\u017dSIDARYMAS<br \/>\nVYRIS: TYLI DOMY<br \/>\n\u00a0<\/p>","protected":false},"excerpt":{"rendered":"<p>Virtuv\u0117s specifikacija \u2013 balti juodi \u017eirneliai, \u0161viesiai ir tamsiai pilka | Virtuv\u0117s stilius \u2013 modernus | Fasado tipas: Laminuota plok\u0161t\u0117 \/ MDF \/ Lakuota MDF plok\u0161t\u0117 su folija | Matmenys: gylis [cm]&gt;32 vir\u0161utinio pavir\u0161iaus gylis be stalvir\u0161io [cm]&gt;52,4 gylis su stalvir\u0161iu [cm]&gt;60 plotis [cm]&gt;270 auk\u0161tis [cm]&gt;72 vir\u0161utinio pavir\u0161iaus auk\u0161tis be stalvir\u0161io [cm]&gt;82<\/p>","protected":false},"featured_media":189463,"comment_status":"open","ping_status":"open","template":"","meta":[],"product_brand":[],"product_cat":[1932,2822],"product_tag":[],"class_list":{"0":"post-189462","1":"product","2":"type-product","3":"status-publish","4":"has-post-thumbnail","6":"product_cat-kitchen-sets","7":"product_cat-stolkar","9":"first","10":"instock","11":"purchasable","12":"product-type-simple"},"_links":{"self":[{"href":"https:\/\/baldumarket.lt\/lt\/wp-json\/wp\/v2\/product\/189462","targetHints":{"allow":["GET"]}}],"collection":[{"href":"https:\/\/baldumarket.lt\/lt\/wp-json\/wp\/v2\/product"}],"about":[{"href":"https:\/\/baldumarket.lt\/lt\/wp-json\/wp\/v2\/types\/product"}],"replies":[{"embeddable":true,"href":"https:\/\/baldumarket.lt\/lt\/wp-json\/wp\/v2\/comments?post=189462"}],"wp:featuredmedia":[{"embeddable":true,"href":"https:\/\/baldumarket.lt\/lt\/wp-json\/wp\/v2\/media\/189463"}],"wp:attachment":[{"href":"https:\/\/baldumarket.lt\/lt\/wp-json\/wp\/v2\/media?parent=189462"}],"wp:term":[{"taxonomy":"product_brand","embeddable":true,"href":"https:\/\/baldumarket.lt\/lt\/wp-json\/wp\/v2\/product_brand?post=189462"},{"taxonomy":"product_cat","embeddable":true,"href":"https:\/\/baldumarket.lt\/lt\/wp-json\/wp\/v2\/product_cat?post=189462"},{"taxonomy":"product_tag","embeddable":true,"href":"https:\/\/baldumarket.lt\/lt\/wp-json\/wp\/v2\/product_tag?post=189462"}],"curies":[{"name":"wp","href":"https:\/\/api.w.org\/{rel}","templated":true}]}}