{"id":189438,"date":"2025-12-22T20:47:03","date_gmt":"2025-12-22T17:47:03","guid":{"rendered":"https:\/\/baldumarket.lt\/product\/kuchnia-szafki-kuchenne-zestaw-300-cm-irma\/"},"modified":"2026-02-03T23:25:33","modified_gmt":"2026-02-03T20:25:33","slug":"kuchnia-szafki-kuchenne-zestaw-300-cm-irma","status":"publish","type":"product","link":"https:\/\/baldumarket.lt\/lt\/product\/kuchnia-szafki-kuchenne-zestaw-300-cm-irma\/","title":{"rendered":"Virtuv\u0117s spinteli\u0173 komplektas 300 cm Irma"},"content":{"rendered":"<p>Irma virtuv\u0117 i\u0161 Trend Line virtuv\u0117s bald\u0173 komplekto su \u0161iomis specifikacijomis:<br \/>\nKomplekt\u0105 sudaro \u0161ios spintel\u0117s:<br \/>\nApa\u010dia:<br \/>\n60 cm \u012fmontuojamas \u0161aldytuvas \u2013 D60LO\/2133 P\/L 2 FR + prapl\u0117timo blokas W60OKGR \/ 560<br \/>\n60 cm \u012fmontuojama orkait\u0117 ir mikrobang\u0173 krosnel\u0117 \u2013 D60PK MV\/2133 P\/L + prapl\u0117timo blokas W60OKGR \/ 560<br \/>\n60 cm su 1 priekine dalimi \u2013 D60P\/L<br \/>\n60 cm stal\u010diai \u2013 D60S\/3<br \/>\n60 cm po kriaukle \u2013 D60ZL P\/L<br \/>\nVir\u0161uje:<br \/>\n60 cm vitrina \u2013 WS60 P\/L + prapl\u0117timo blokas W60OKGR<br \/>\n60 cm vitrina \u2013 WS60 P\/L + prapl\u0117timo blokas W60OKGR<br \/>\nKonstrukcija:<br \/>\nPriekin\u0117s dalys pagamintos i\u0161 19 mm storio MDF plok\u0161t\u0117s su dengta apdaila. Matin\u0117s PVC pl\u0117vel\u0117s.<br \/>\nFrezuoti fasadai<br \/>\n16 mm laminuot\u0173 plok\u0161\u010di\u0173 korpusai<br \/>\nRankenos \u2013 galimos pasirinktinai<br \/>\nGalimi stalvir\u0161i\u0173 ilgiai<br \/>\nReguliuojamos 10 cm tvirtinimo kojel\u0117s<br \/>\nCokolin\u0117s dalys pjaustomos atskirai kiekvienai spintelei \u2013 dera prie spintel\u0117s plok\u0161t\u0117s spalvos<br \/>\nVyriai \u2013 \u0161velnaus u\u017edarymo sistema<br \/>\nStal\u010diai \u2013 \u0161velnaus u\u017edarymo sistema<br \/>\nDujiniai keltuvai<br \/>\nApatin\u0117s spintel\u0117s galimos be stalvir\u0161i\u0173<br \/>\nSistemos parametrai:<br \/>\nModelio pavadinimas: IRMA<br \/>\nBald\u0173 sistema: TREND LINE<br \/>\nFirmin\u0117 spalva: BALTA \/ GRAFITO PILKA<br \/>\nVir\u0161utin\u0117s spintel\u0117s priekin\u0117s dalies spalva: MATIN\u0116 BALTA \/ MATIN\u0116 \u0160VIESIAI PILKA \/ MATIN\u0116 \u017dALIA<br \/>\nApatin\u0117s spintel\u0117s priekin\u0117s dalies spalva: MATIN\u0116 BALTA \/ MATIN\u0116 \u0160VIESIAI PILKA \/ MATIN\u0116 \u017dALIA<br \/>\nPriekin\u0117 med\u017eiaga: 19 mm MDF folija<br \/>\nKorpuso med\u017eiaga: 16 mm laminuota plok\u0161t\u0117<br \/>\nStalvir\u0161is \u012fskai\u010diuotas: NE, PARDUODAMA ATSKIRAI<br \/>\nRankenos: NE, PARDUODAMOS ATSKIRAI<br \/>\n\u0160velnus u\u017edarymas: TAIP<br \/>\nVir\u0161utini\u0173 spinteli\u0173 auk\u0161tis [mm]: 360 \/ 720 \/ 880 \/ 920<br \/>\nVir\u0161utini\u0173 spinteli\u0173 gylis be fasad\u0173 [mm]: 300 \/ 560<br \/>\nApatini\u0173 spinteli\u0173 auk\u0161tis [mm]: 820<br \/>\nApatini\u0173 spinteli\u0173 be fasad\u0173 gylis [mm]: 524<br \/>\nAtram\u0173 auk\u0161tis [mm]: 2133 \/ 2183<br \/>\nAtram\u0173 gylis be fasad\u0173 [mm]: 560<br \/>\nVirtuv\u0117s spalvos (galimos i\u0161 pasirinkim\u0173):<br \/>\nPRIEKIN\u0116 PUS\u0116: MDF FOLIJA<br \/>\nSPALVA: \u0160VIESIAI PILKA MATIN\u0116, \u017dALIA MATIN\u0116, BALTA MATIN\u0116<br \/>\nKORPUSAS: BALTA arba GRAFITO<br \/>\nTAUR\u0116: SATINATO<br \/>\nRANKENA: BE RANKENOS<br \/>\nAPA\u010cIN\u0116S SPINTEL\u0116S: 524 mm \u2013 MONTAVIMO KOJEL\u0116S<br \/>\nSTAL\u010cIAI: \u0160VELNIAI U\u017dSIDARO<br \/>\nVYRIS: \u0160VELNUS U\u017dSIDARYMAS<\/p>","protected":false},"excerpt":{"rendered":"<p>Matmenys: Komplekto plotis [cm]&gt;300 | Vir\u0161utini\u0173 spinteli\u0173 matmenys: plotis i\u0161 kair\u0117s [cm]&gt;60 | 60 auk\u0161tis [cm]&gt;72+36 gylis [cm]&gt;56+30 | Apatini\u0173 spinteli\u0173 matmenys: plotis i\u0161 kair\u0117s [cm]&gt;60 | 60 | 60 | 60 auk\u0161tis be stalvir\u0161io [cm]&gt;82 gylis be stalvir\u0161io [cm]&gt;52,4 gylis su stalvir\u0161iu [cm]&gt;60 | Virtuv\u0117s stilius \u2013 Provanso stilius | Fasad\u0173 tipas: Laminuota plok\u0161t\u0117 \/ MDF \/ MDF lakas<\/p>","protected":false},"featured_media":189439,"comment_status":"open","ping_status":"open","template":"","meta":[],"product_brand":[],"product_cat":[1932,2822],"product_tag":[],"class_list":{"0":"post-189438","1":"product","2":"type-product","3":"status-publish","4":"has-post-thumbnail","6":"product_cat-kitchen-sets","7":"product_cat-stolkar","9":"first","10":"instock","11":"purchasable","12":"product-type-simple"},"_links":{"self":[{"href":"https:\/\/baldumarket.lt\/lt\/wp-json\/wp\/v2\/product\/189438","targetHints":{"allow":["GET"]}}],"collection":[{"href":"https:\/\/baldumarket.lt\/lt\/wp-json\/wp\/v2\/product"}],"about":[{"href":"https:\/\/baldumarket.lt\/lt\/wp-json\/wp\/v2\/types\/product"}],"replies":[{"embeddable":true,"href":"https:\/\/baldumarket.lt\/lt\/wp-json\/wp\/v2\/comments?post=189438"}],"wp:featuredmedia":[{"embeddable":true,"href":"https:\/\/baldumarket.lt\/lt\/wp-json\/wp\/v2\/media\/189439"}],"wp:attachment":[{"href":"https:\/\/baldumarket.lt\/lt\/wp-json\/wp\/v2\/media?parent=189438"}],"wp:term":[{"taxonomy":"product_brand","embeddable":true,"href":"https:\/\/baldumarket.lt\/lt\/wp-json\/wp\/v2\/product_brand?post=189438"},{"taxonomy":"product_cat","embeddable":true,"href":"https:\/\/baldumarket.lt\/lt\/wp-json\/wp\/v2\/product_cat?post=189438"},{"taxonomy":"product_tag","embeddable":true,"href":"https:\/\/baldumarket.lt\/lt\/wp-json\/wp\/v2\/product_tag?post=189438"}],"curies":[{"name":"wp","href":"https:\/\/api.w.org\/{rel}","templated":true}]}}