{"id":189430,"date":"2025-12-22T20:46:52","date_gmt":"2025-12-22T17:46:52","guid":{"rendered":"https:\/\/baldumarket.lt\/product\/zielona-kuchnia-irma-zestaw-240-cm\/"},"modified":"2026-02-03T23:25:33","modified_gmt":"2026-02-03T20:25:33","slug":"zielona-kuchnia-irma-zestaw-240-cm","status":"publish","type":"product","link":"https:\/\/baldumarket.lt\/lt\/product\/zielona-kuchnia-irma-zestaw-240-cm\/","title":{"rendered":"Irma \u017ealia virtuv\u0117s komplektas 240 cm"},"content":{"rendered":"<p>Irma virtuv\u0117 i\u0161 Trend Line virtuv\u0117s bald\u0173 komplekto su \u0161iomis specifikacijomis:<br \/>\nKomplekt\u0105 sudaro \u0161ios spintel\u0117s:<br \/>\nApa\u010dia:<br \/>\n80 cm kriaukl\u0117s spintel\u0117 su dviem fasadais \u2013 D80ZL<br \/>\n60 cm su 1 priekine dalimi \u2013 D60P\/L<br \/>\n60 cm skersmens orkait\u0117 \u2013 DK60<br \/>\n40 cm stal\u010diai \u2013 D40S\/3<br \/>\nVir\u0161uje:<br \/>\n80 cm vitrina \u2013 WS80<br \/>\n60 cm su 1 priekine dalimi \u2013 W60P\/L<br \/>\n60 cm gartraukis \u2013 W60OKGR<br \/>\n40 cm su 1 priekine dalimi \u2013 W40P\/L<br \/>\nDizainas:<br \/>\nPriekin\u0117s dalys pagamintos i\u0161 19 mm MDF plok\u0161t\u0117s, padengtos matine PVC pl\u0117vele<br \/>\nFrezuoti fasadai<br \/>\nKorpusas pagamintas i\u0161 16 mm laminuotos plok\u0161t\u0117s<br \/>\nRankenos \u2013 galimos pasirinktinai<br \/>\nGalimas pasirinktinis stalvir\u0161io ilgis<br \/>\n10 cm tvirtinimo kojel\u0117s su reguliuojamomis rankenomis<br \/>\nKiekvienai spintelei atskirai pjaunamas cokolis \u2013 spinteli\u0173 plok\u0161\u010di\u0173 spalvos<br \/>\nVyriai \u2013 \u0161velnaus u\u017edarymo sistema<br \/>\nStal\u010diai \u2013 \u0161velnaus u\u017edarymo sistema<br \/>\nDujiniai keltuvai<br \/>\nApatin\u0117s spintel\u0117s galimos be stalvir\u0161i\u0173<br \/>\nSistemos parametrai:<br \/>\nModelio pavadinimas: IRMA<br \/>\nBald\u0173 sistema: TREND LINE<br \/>\nKorpuso spalva: BALTA \/ GRAFITO PILKA<br \/>\nVir\u0161utin\u0117s spintel\u0117s priekin\u0117s dalies spalva: BALTA MATIN\u0116 \/ \u0160VIESIAI PILKA MATIN\u0116 \/ \u017dALIA MATIN\u0116<br \/>\nApatin\u0117s spintel\u0117s priekin\u0117s dalies spalva: BALTA MATIN\u0116 \/ \u0160VIESIAI PILKA MATIN\u0116 \/ \u017dALIA MATIN\u0116<br \/>\nPriekin\u0117 med\u017eiaga: 19 mm MDF folija<br \/>\nKorpuso med\u017eiaga: 16 mm laminuota plok\u0161t\u0117<br \/>\nVir\u0161us \u012fskai\u010diuotas: NE, PARDUODAMA ATSKIRAI<br \/>\nRankenos: NE, PARDUODAMOS ATSKIRAI<br \/>\nTylus \u0161velnus u\u017edarymas: TAIP<br \/>\nVir\u0161utin\u0117s spintel\u0117s auk\u0161tis [mm]: 360 \/ 720 \/ 880 \/ 920<br \/>\nVir\u0161utin\u0117s spintel\u0117s gylis be fasad\u0173 [mm]: 300 \/ 560<br \/>\nApatin\u0117s spintel\u0117s auk\u0161tis [mm]: 820<br \/>\nApatin\u0117s spintel\u0117s gylis be fasad\u0173 [mm]: 524<br \/>\nStulpo auk\u0161tis [mm]: 2133 \/ 2183<br \/>\nStulpo gylis be fasad\u0173 [mm]: 560<br \/>\nVirtuv\u0117s spalvos (galimos i\u0161 pasirinkim\u0173):<br \/>\nPRIEKIN\u0116 PUS\u0116: MDF FOLIJA<br \/>\nSPALVA: \u0160VIESIAI PILKA MATIN\u0116, \u017dALIA MATIN\u0116, BALTA MATIN\u0116<br \/>\nKORPUSAS: BALTA arba GRAFITO<br \/>\nTAUR\u0116: SATINATO<br \/>\nRANKENA: BE RANKENOS<br \/>\nAPA\u010cIN\u0116S SPINTEL\u0116S: 524 mm \u2013 KOJ\u0172 SURINKIMAS<br \/>\nSTAL\u010cIAI: TYLUS U\u017dSIDARYMAS<br \/>\nVYRIS: TYLUS U\u017dSIDARYMAS<br \/>\n\u00a0<\/p>","protected":false},"excerpt":{"rendered":"<p>Matmenys: gylis [cm]&gt;30 vir\u0161us gylis be vir\u0161utinio skydelio [cm]&gt;52,4 gylis su vir\u0161utiniu skydeliu [cm]&gt;60 plotis [cm]&gt;240 auk\u0161tis [cm]&gt;72 vir\u0161us auk\u0161tis be vir\u0161utinio skydelio [cm]&gt;82<\/p>","protected":false},"featured_media":189431,"comment_status":"open","ping_status":"open","template":"","meta":[],"product_brand":[],"product_cat":[1932,2822],"product_tag":[],"class_list":{"0":"post-189430","1":"product","2":"type-product","3":"status-publish","4":"has-post-thumbnail","6":"product_cat-kitchen-sets","7":"product_cat-stolkar","9":"first","10":"instock","11":"purchasable","12":"product-type-simple"},"_links":{"self":[{"href":"https:\/\/baldumarket.lt\/lt\/wp-json\/wp\/v2\/product\/189430","targetHints":{"allow":["GET"]}}],"collection":[{"href":"https:\/\/baldumarket.lt\/lt\/wp-json\/wp\/v2\/product"}],"about":[{"href":"https:\/\/baldumarket.lt\/lt\/wp-json\/wp\/v2\/types\/product"}],"replies":[{"embeddable":true,"href":"https:\/\/baldumarket.lt\/lt\/wp-json\/wp\/v2\/comments?post=189430"}],"wp:featuredmedia":[{"embeddable":true,"href":"https:\/\/baldumarket.lt\/lt\/wp-json\/wp\/v2\/media\/189431"}],"wp:attachment":[{"href":"https:\/\/baldumarket.lt\/lt\/wp-json\/wp\/v2\/media?parent=189430"}],"wp:term":[{"taxonomy":"product_brand","embeddable":true,"href":"https:\/\/baldumarket.lt\/lt\/wp-json\/wp\/v2\/product_brand?post=189430"},{"taxonomy":"product_cat","embeddable":true,"href":"https:\/\/baldumarket.lt\/lt\/wp-json\/wp\/v2\/product_cat?post=189430"},{"taxonomy":"product_tag","embeddable":true,"href":"https:\/\/baldumarket.lt\/lt\/wp-json\/wp\/v2\/product_tag?post=189430"}],"curies":[{"name":"wp","href":"https:\/\/api.w.org\/{rel}","templated":true}]}}