{"id":189414,"date":"2025-12-22T20:46:30","date_gmt":"2025-12-22T17:46:30","guid":{"rendered":"https:\/\/baldumarket.lt\/product\/panel-boczny-szafki-wiszacej-wysokiej-92x304-cm-kate\/"},"modified":"2026-02-03T23:25:33","modified_gmt":"2026-02-03T20:25:33","slug":"panel-boczny-szafki-wiszacej-wysokiej-92x304-cm-kate","status":"publish","type":"product","link":"https:\/\/baldumarket.lt\/lt\/product\/panel-boczny-szafki-wiszacej-wysokiej-92x304-cm-kate\/","title":{"rendered":"Auk\u0161tos pakabinamos spintel\u0117s \u0161onin\u0117 sienel\u0117 92&#215;30,4 cm Kate"},"content":{"rendered":"<p>92 \u00d7 30,4 cm auk\u0161\u010dio pakabinamos spintel\u0117s \u201eKate\u201c \u0161onin\u0117 sienel\u0117 yra virtuv\u0117s bald\u0173 komplekto dalis, kurios specifikacijos yra \u0161ios:<br \/>\nDizainas:<br \/>\nPriekin\u0117s dalys pagamintos i\u0161 16 mm storio MDF plok\u0161t\u0117s, padengtos matine PVC pl\u0117vele.<br \/>\nPriekin\u0117se dalyse n\u0117ra i\u0161 anksto i\u0161gr\u0119\u017et\u0173 skyli\u0173 rankenoms; jas reikia i\u0161gr\u0119\u017eti patiems (jose yra i\u0161 anksto i\u0161gr\u0119\u017etos skyl\u0117s, i\u0161d\u0117stytos 16 cm atstumu viena nuo kitos).<br \/>\nKorpusai pagaminti i\u0161 16 mm laminuotos plok\u0161t\u0117s.<br \/>\nSatinato stiklas.<br \/>\nRankenos gali b\u016bti pasirenkamos (spintel\u0117s nuotraukoje esan\u010dios ranken\u0117l\u0117s yra tik iliustracin\u0117s \u2013 \u017er. i\u0161 anksto paruo\u0161tus i\u0161d\u0117stymus ir parinktis).<br \/>\nReguliuojamos tvirtinimo kojel\u0117s, 10 cm auk\u0161\u010dio.<br \/>\nCokolin\u0117s dalys pjaustomos atskirai kiekvienai spintelei.<br \/>\nVyriai \u2013 \u0161velnaus u\u017edarymo sistema.<br \/>\nStal\u010diai \u2013 su \u0161velnaus u\u017edarymo sistema.<br \/>\nDujiniai keltuvai.<br \/>\nApatin\u0117s spintel\u0117s galimos be stalvir\u0161i\u0173.<br \/>\nSistemos specifikacijos:<br \/>\nModelio pavadinimas: KATE<br \/>\nBald\u0173 sistema: TREND LINE<br \/>\nSpintel\u0117s spalva: BALTA \/ GRAFITO PILKA<br \/>\nSpintel\u0117s priekin\u0117s dalies spalva: MATIN\u0116 BALTA \/ MATIN\u0116 \u0160VIESIAI PILKA \/ MATIN\u0116 PILKA \/ MATIN\u0116 JUODA \u017dIRNEL\u0116<br \/>\nSpintel\u0117s priekin\u0117s dalies spalva: MATIN\u0116 BALTA \/ MATIN\u0116 \u0160VIESIAI PILKA \/ MATIN\u0116 PILKA \/ MATIN\u0116 JUODA \u017dIRNEL\u0116<br \/>\nSpintel\u0117s priekin\u0117s dalies med\u017eiaga: MDF, PVC folija, 16 mm<br \/>\nSpintel\u0117s med\u017eiaga: 16 mm laminuota plok\u0161t\u0117<br \/>\nStalvir\u0161is \u012fskai\u010diuotas: NE, PARDUODAMA ATSKIRAI<br \/>\nRankenos: NE, PARDUODAMOS ATSKIRAI<br \/>\n\u0160velnus u\u017edarymas: TAIP<br \/>\nSpintel\u0117s auk\u0161tis [mm]: 360 \/ 720 \/ 880 \/ 920<br \/>\nSpintel\u0117s gylis be fasad\u0173 [mm]: 300 \/ 560<br \/>\nApatin\u0117s spintel\u0117s auk\u0161tis [mm]: 820<br \/>\nApatin\u0117s spintel\u0117s gylis be fasad\u0173 [mm]: 524<br \/>\nStulpo auk\u0161tis [mm]: 2133 \/ 2183<br \/>\nStulpo gylis be fasad\u0173 [mm]: 560<br \/>\nVirtuv\u0117s spalvos (galimos i\u0161 pasirinkim\u0173):<br \/>\nPRIEKIN\u0116 PUS\u0116: MDF FOLIJA<br \/>\nSPALVA: MATIN\u0116 JUODA \u017dIRNEL\u0116, MATIN\u0116 BALTA, MATIN\u0116 \u0160VIESIAI PILKA, MATIN\u0116 PILKA<br \/>\nKORPUSAS: BALTA arba GRAFITO<br \/>\nTAUR\u0116: SATINATO<br \/>\nRANKENA: BE RANKENOS<br \/>\nAPA\u010cIN\u0116S SPINTEL\u0116S: 524 mm \u2013 MONTAVIMO KOJEL\u0116S<br \/>\nSTAL\u010cIAI: \u0160VELNIAI U\u017dSIDARO<br \/>\nVYRIS: \u0160VELNUS U\u017dSIDARYMAS<\/p>","protected":false},"excerpt":{"rendered":"<p>Virtuv\u0117s specifikacija \u2013 balti juodi \u017eirneliai, \u0161viesiai ir tamsiai pilka | Virtuv\u0117s stilius \u2013 modernus | Fasado tipas: Laminuota plok\u0161t\u0117 \/ MDF \/ Lakuota MDF plok\u0161t\u0117 | Matmenys: plotis [cm]&gt;30,4, auk\u0161tis [cm]&gt;92<\/p>","protected":false},"featured_media":189415,"comment_status":"open","ping_status":"open","template":"","meta":[],"product_brand":[],"product_cat":[1043,2822],"product_tag":[],"class_list":{"0":"post-189414","1":"product","2":"type-product","3":"status-publish","4":"has-post-thumbnail","6":"product_cat-extras","7":"product_cat-stolkar","9":"first","10":"instock","11":"purchasable","12":"product-type-simple"},"_links":{"self":[{"href":"https:\/\/baldumarket.lt\/lt\/wp-json\/wp\/v2\/product\/189414","targetHints":{"allow":["GET"]}}],"collection":[{"href":"https:\/\/baldumarket.lt\/lt\/wp-json\/wp\/v2\/product"}],"about":[{"href":"https:\/\/baldumarket.lt\/lt\/wp-json\/wp\/v2\/types\/product"}],"replies":[{"embeddable":true,"href":"https:\/\/baldumarket.lt\/lt\/wp-json\/wp\/v2\/comments?post=189414"}],"wp:featuredmedia":[{"embeddable":true,"href":"https:\/\/baldumarket.lt\/lt\/wp-json\/wp\/v2\/media\/189415"}],"wp:attachment":[{"href":"https:\/\/baldumarket.lt\/lt\/wp-json\/wp\/v2\/media?parent=189414"}],"wp:term":[{"taxonomy":"product_brand","embeddable":true,"href":"https:\/\/baldumarket.lt\/lt\/wp-json\/wp\/v2\/product_brand?post=189414"},{"taxonomy":"product_cat","embeddable":true,"href":"https:\/\/baldumarket.lt\/lt\/wp-json\/wp\/v2\/product_cat?post=189414"},{"taxonomy":"product_tag","embeddable":true,"href":"https:\/\/baldumarket.lt\/lt\/wp-json\/wp\/v2\/product_tag?post=189414"}],"curies":[{"name":"wp","href":"https:\/\/api.w.org\/{rel}","templated":true}]}}