{"id":189366,"date":"2025-12-22T20:45:06","date_gmt":"2025-12-22T17:45:06","guid":{"rendered":"https:\/\/baldumarket.lt\/product\/szafka-gorna-80-cm-w80-92-irma\/"},"modified":"2026-02-03T23:25:33","modified_gmt":"2026-02-03T20:25:33","slug":"szafka-gorna-80-cm-w80-92-irma","status":"publish","type":"product","link":"https:\/\/baldumarket.lt\/lt\/product\/szafka-gorna-80-cm-w80-92-irma\/","title":{"rendered":"Vir\u0161utin\u0117 spintel\u0117 80 cm W80 92 Irma"},"content":{"rendered":"<p>80 cm W80 Irma vir\u0161utin\u0117 spintel\u0117 (spintel\u0117 turi 3 lentynas) yra \u201eTrend Line\u201c virtuv\u0117s bald\u0173 komplekto spintel\u0117, pasi\u017eyminti \u0161iomis specifikacijomis:<br \/>\nDizainas:<br \/>\nPriekin\u0117s dalys pagamintos i\u0161 19 mm MDF plok\u0161t\u0117s, padengtos matine PVC pl\u0117vele.<br \/>\nFrezuoti fasadai<br \/>\nVe\u017eim\u0117liai pagaminti i\u0161 16 mm laminuotos plok\u0161t\u0117s<br \/>\nRankenos \u2013 galimos pasirinktinai<br \/>\nGalimas pasirinktinis stalvir\u0161io ilgis<br \/>\n10 cm reguliuojamo ilgio tvirtinimo kojel\u0117s<br \/>\nCokolis pjaunamas kiekvienai spintelei atskirai \u2013 atitinka spintel\u0117s plok\u0161t\u0117s spalv\u0105<br \/>\nVyriai \u2013 \u0161velnaus u\u017edarymo sistema<br \/>\nStal\u010diai \u2013 \u0161velnaus u\u017edarymo sistema<br \/>\nDujiniai keltuvai<br \/>\nApatin\u0117s spintel\u0117s galimos be stalvir\u0161i\u0173<br \/>\nSistemos specifikacijos:<br \/>\nModelio pavadinimas: IRMA<br \/>\nBald\u0173 sistema: TREND LINE<br \/>\nKaset\u0117s spalva: BALTA \/ GRAFITO PILKA<br \/>\nSpintel\u0117s priekin\u0117s dalies spalva: MATIN\u0116 BALTA \/ \u0160VIESIAI PILKA MATIN\u0116 \/ MATIN\u0116 \u017dALIA<br \/>\nApatin\u0117s spintel\u0117s priekin\u0117s dalies spalva: MATIN\u0116 BALTA \/ MATIN\u0116 \u0160VIESIAI PILKA \/ MATIN\u0116 \u017dALIA<br \/>\nPriekin\u0117 med\u017eiaga: 19 mm MDF folija<br \/>\nKorpuso med\u017eiaga: 16 mm laminuota plok\u0161t\u0117<br \/>\nStalvir\u0161is \u012fskai\u010diuotas: NE, PARDUODAMA ATSKIRAI<br \/>\nRankenos: NE, PARDUODAMOS ATSKIRAI<br \/>\n\u0160velnus u\u017edarymas: TAIP<br \/>\nVir\u0161utini\u0173 spinteli\u0173 auk\u0161tis [mm]: 360 \/ 720 \/ 880 \/ 920<br \/>\nVir\u0161utini\u0173 spinteli\u0173 gylis be fasad\u0173 [mm]: 300 \/ 560<br \/>\nApatini\u0173 spinteli\u0173 auk\u0161tis [mm]: 820<br \/>\nApatini\u0173 spinteli\u0173 be fasad\u0173 gylis [mm]: 524<br \/>\nStulp\u0173 auk\u0161tis [mm]: 2133 \/ 2183<br \/>\nStulp\u0173 be fasad\u0173 gylis [mm]: 560<br \/>\nVirtuv\u0117s spalvos (galimos i\u0161 pasirinkim\u0173):<br \/>\nPRIEKIN\u0116 PUS\u0116: MDF FOLIJA<br \/>\nSPALVA: \u0160VIESIAI PILKA MATIN\u0116, \u017dALIA MATIN\u0116, BALTA MATIN\u0116<br \/>\nKORPUSAS: BALTA arba GRAFITO<br \/>\nTAUR\u0116: SATINATO<br \/>\nRANKENA: BE RANKENOS<br \/>\nAPA\u010cIN\u0116S SPINTEL\u0116S: 524 mm \u2013 MONTAVIMO KOJEL\u0116S<br \/>\nSTAL\u010cIAI: \u0160VELNIAI U\u017dSIDARO<br \/>\nVYRIS: \u0160VELNUS U\u017dSIDARYMAS<\/p>","protected":false},"excerpt":{"rendered":"<p>Virtuv\u0117s specifikacija \u2013 balta matin\u0117, \u0161viesiai pilka matin\u0117, kavos matin\u0117, \u017ealia matin\u0117 | Virtuv\u0117s stilius \u2013 modernus | Fasado tipas: Laminuota plok\u0161t\u0117 \/ MDF \/ Lakuota MDF folija | Matmenys: gylis [cm]&gt;30 plotis [cm]&gt;80 auk\u0161tis [cm]&gt;92<\/p>","protected":false},"featured_media":189367,"comment_status":"open","ping_status":"open","template":"","meta":[],"product_brand":[],"product_cat":[9118,2822],"product_tag":[],"class_list":{"0":"post-189366","1":"product","2":"type-product","3":"status-publish","4":"has-post-thumbnail","6":"product_cat-kitchen-cabinets","7":"product_cat-stolkar","9":"first","10":"instock","11":"purchasable","12":"product-type-simple"},"_links":{"self":[{"href":"https:\/\/baldumarket.lt\/lt\/wp-json\/wp\/v2\/product\/189366","targetHints":{"allow":["GET"]}}],"collection":[{"href":"https:\/\/baldumarket.lt\/lt\/wp-json\/wp\/v2\/product"}],"about":[{"href":"https:\/\/baldumarket.lt\/lt\/wp-json\/wp\/v2\/types\/product"}],"replies":[{"embeddable":true,"href":"https:\/\/baldumarket.lt\/lt\/wp-json\/wp\/v2\/comments?post=189366"}],"wp:featuredmedia":[{"embeddable":true,"href":"https:\/\/baldumarket.lt\/lt\/wp-json\/wp\/v2\/media\/189367"}],"wp:attachment":[{"href":"https:\/\/baldumarket.lt\/lt\/wp-json\/wp\/v2\/media?parent=189366"}],"wp:term":[{"taxonomy":"product_brand","embeddable":true,"href":"https:\/\/baldumarket.lt\/lt\/wp-json\/wp\/v2\/product_brand?post=189366"},{"taxonomy":"product_cat","embeddable":true,"href":"https:\/\/baldumarket.lt\/lt\/wp-json\/wp\/v2\/product_cat?post=189366"},{"taxonomy":"product_tag","embeddable":true,"href":"https:\/\/baldumarket.lt\/lt\/wp-json\/wp\/v2\/product_tag?post=189366"}],"curies":[{"name":"wp","href":"https:\/\/api.w.org\/{rel}","templated":true}]}}