{"id":188846,"date":"2025-12-22T20:24:27","date_gmt":"2025-12-22T17:24:27","guid":{"rendered":"https:\/\/baldumarket.lt\/product\/kuchnia-zestaw-szafek-kuchennych-340-cm-irma\/"},"modified":"2026-02-03T23:25:39","modified_gmt":"2026-02-03T20:25:39","slug":"kuchnia-zestaw-szafek-kuchennych-340-cm-irma","status":"publish","type":"product","link":"https:\/\/baldumarket.lt\/lt\/product\/kuchnia-zestaw-szafek-kuchennych-340-cm-irma\/","title":{"rendered":"Virtuv\u0117s spinteli\u0173 komplektas 340 cm Irma"},"content":{"rendered":"<p>Irma virtuv\u0117 i\u0161 Trend Line virtuv\u0117s bald\u0173 komplekto su \u0161iais parametrais:<br \/>\nKomplekt\u0105 sudaro \u0161ios spintel\u0117s:<br \/>\nApa\u010dia:<br \/>\n60 cm \u012fmontuojamas \u0161aldytuvas \u2013 D60LO\/2133 P\/L 2 FR + prapl\u0117timo blokas W60OKGR \/ 560<br \/>\n60 cm \u012fmontuojama orkait\u0117 ir mikrobang\u0173 krosnel\u0117 \u2013 D60PK MV\/2133 P\/L + prapl\u0117timo blokas W60OKGR \/ 560<br \/>\n60 cm spintel\u0117 su 1 priekiu \u2013 D60P\/L<br \/>\n60 cm kaitlent\u0117s spintel\u0117 \u2013 D60PC S\/2 GALINIS DANGTELIS<br \/>\n40 cm spintel\u0117 su 1 fasadu \u2013 D40 P\/L<br \/>\n80 cm kriaukl\u0117s spintel\u0117 su dviem fasadais \u2013 D80ZL<br \/>\nVir\u0161uje:<br \/>\n60 cm vitrina \u2013 WS60 P\/L + prapl\u0117timo blokas W60OKGR<br \/>\n80 cm vitrina \u2013 WS80 + W80OKGR prailginimas<br \/>\n\u012e kain\u0105 ne\u012fskai\u010diuotos kampin\u0117s ir kitos nuotraukoje matomos spintel\u0117s, tik tos, kurios stovi ant tiesios sienos.<br \/>\nPriekin\u0117s dalys pagamintos i\u0161 19 mm MDF plok\u0161t\u0117s, padengtos matine PVC pl\u0117vele.<br \/>\nFrezuoti fasadai.<br \/>\n16 mm laminuot\u0173 plok\u0161\u010di\u0173 korpusai.<br \/>\nRankenos \u2013 galimos pasirinktinai.<br \/>\nGalimas stalvir\u0161io ilgis.<br \/>\n10 cm reguliuojamo ilgio tvirtinimo kojel\u0117s.<br \/>\nCokolis pjaunamas kiekvienai spintelei atskirai \u2013 dera prie spintel\u0117s plok\u0161t\u0117s spalvos.<br \/>\nVyriai \u2013 \u0161velnaus u\u017edarymo sistema.<br \/>\nStal\u010diai \u2013 su \u0161velnaus u\u017edarymo sistema.<br \/>\nDujiniai keltuvai.<br \/>\nApatin\u0117s spintel\u0117s galimos be stalvir\u0161i\u0173.<br \/>\nSistemos parametrai:<br \/>\nModelio pavadinimas: IRMA<br \/>\nBald\u0173 sistema: TREND LINE<br \/>\nKorpuso spalva: BALTA \/ GRAFITO PILKA<br \/>\nVir\u0161utin\u0117s spintel\u0117s priekin\u0117s dalies spalva: MATIN\u0116 BALTA \/ MATIN\u0116 \u0160VIESIAI PILKA \/ MATIN\u0116 \u017dALIA<br \/>\nApatin\u0117s spintel\u0117s priekin\u0117s dalies spalva: MATIN\u0116 BALTA \/ MATIN\u0116 \u0160VIESIAI PILKA \/ MATIN\u0116 \u017dALIA Priekin\u0117s dalies med\u017eiaga: 19 mm folija dengta MDF plok\u0161t\u0117<br \/>\nKorpuso med\u017eiaga: 16 mm laminuota plok\u0161t\u0117<br \/>\nStalvir\u0161is \u012fskai\u010diuotas: NE, PARDUODAMA ATSKIRAI<br \/>\nRankenos: NE, PARDUODAMOS ATSKIRAI<br \/>\n\u0160velnus u\u017edarymas: TAIP<br \/>\nVir\u0161utini\u0173 spinteli\u0173 auk\u0161tis [mm]: 360 \/ 720 \/ 880 \/ 920<br \/>\nVir\u0161utini\u0173 spinteli\u0173 gylis be fasad\u0173 [mm]: 300 \/ 560<br \/>\nApatini\u0173 spinteli\u0173 auk\u0161tis [mm]: 820<br \/>\nApatini\u0173 spinteli\u0173 be fasad\u0173 gylis [mm]: 524<br \/>\nAtram\u0173 auk\u0161tis [mm]: 2133 \/ 2183<br \/>\nAtram\u0173 gylis be fasad\u0173 [mm]: 560<br \/>\nVirtuv\u0117s spalvos (galimos i\u0161 pasirinkim\u0173):<br \/>\nPRIEKIN\u0116 PUS\u0116: MDF FOLIJA<br \/>\nSPALVA: \u0160VIESIAI PILKA MATIN\u0116, \u017dALIA MATIN\u0116, BALTA MATIN\u0116<br \/>\nKORPUSAS: BALTA arba GRAFITO<br \/>\nTAUR\u0116: SATINATO<br \/>\nRANKENA: BE RANKENOS<br \/>\nAPA\u010cIN\u0116S SPINTEL\u0116S: 524 mm \u2013 MONTAVIMO KOJEL\u0116S<br \/>\nSTAL\u010cIAI: \u0160VELNIAI U\u017dSIDARO<br \/>\nVYRIS: \u0160VELNUS U\u017dSIDARYMAS<\/p>","protected":false},"excerpt":{"rendered":"<p>Virtuv\u0117s specifikacija \u2013 balta matin\u0117, \u0161viesiai pilka matin\u0117, kavos matin\u0117, \u017ealia matin\u0117 | Virtuv\u0117s stilius \u2013 modernus | Fasado tipas: Laminuota plok\u0161t\u0117 \/ MDF \/ MDF lakuota folija | Matmenys: gylis [cm]&gt;30 vir\u0161utinio pavir\u0161iaus gylis be stalvir\u0161io [cm]&gt;52,4 gylis su stalvir\u0161iu [cm]&gt;60 plotis [cm]&gt;340 auk\u0161tis [cm]&gt;72 vir\u0161utinio pavir\u0161iaus auk\u0161tis be stalvir\u0161io [cm]&gt;82<\/p>","protected":false},"featured_media":188847,"comment_status":"open","ping_status":"open","template":"","meta":[],"product_brand":[],"product_cat":[1932,2822],"product_tag":[],"class_list":{"0":"post-188846","1":"product","2":"type-product","3":"status-publish","4":"has-post-thumbnail","6":"product_cat-kitchen-sets","7":"product_cat-stolkar","9":"first","10":"instock","11":"purchasable","12":"product-type-simple"},"_links":{"self":[{"href":"https:\/\/baldumarket.lt\/lt\/wp-json\/wp\/v2\/product\/188846","targetHints":{"allow":["GET"]}}],"collection":[{"href":"https:\/\/baldumarket.lt\/lt\/wp-json\/wp\/v2\/product"}],"about":[{"href":"https:\/\/baldumarket.lt\/lt\/wp-json\/wp\/v2\/types\/product"}],"replies":[{"embeddable":true,"href":"https:\/\/baldumarket.lt\/lt\/wp-json\/wp\/v2\/comments?post=188846"}],"wp:featuredmedia":[{"embeddable":true,"href":"https:\/\/baldumarket.lt\/lt\/wp-json\/wp\/v2\/media\/188847"}],"wp:attachment":[{"href":"https:\/\/baldumarket.lt\/lt\/wp-json\/wp\/v2\/media?parent=188846"}],"wp:term":[{"taxonomy":"product_brand","embeddable":true,"href":"https:\/\/baldumarket.lt\/lt\/wp-json\/wp\/v2\/product_brand?post=188846"},{"taxonomy":"product_cat","embeddable":true,"href":"https:\/\/baldumarket.lt\/lt\/wp-json\/wp\/v2\/product_cat?post=188846"},{"taxonomy":"product_tag","embeddable":true,"href":"https:\/\/baldumarket.lt\/lt\/wp-json\/wp\/v2\/product_tag?post=188846"}],"curies":[{"name":"wp","href":"https:\/\/api.w.org\/{rel}","templated":true}]}}