{"id":18863,"date":"2025-11-14T10:50:00","date_gmt":"2025-11-14T07:50:00","guid":{"rendered":"https:\/\/baldumarket.lt\/product\/loze-lamica-180x200-stelaz-drew-pod-stand-kontener\/"},"modified":"2026-03-24T17:08:37","modified_gmt":"2026-03-24T14:08:37","slug":"loze-lamica-180x200-stelaz-drew-pod-stand-kontener","status":"publish","type":"product","link":"https:\/\/baldumarket.lt\/lt\/product\/loze-lamica-180x200-stelaz-drew-pod-stand-kontener\/","title":{"rendered":"Lamica lova 180\u00d7200 + medinis r\u0117mas\/stovas\/konteineris"},"content":{"rendered":"<p>\u201eLamica\u201c \u2013 tai labai patogi, mink\u0161ta ir unikali, \u017eavinga lova, kuri \u017eavi savo unikalia forma ir i\u0161vaizda. \u0160\u012f bald\u0105 sudaro r\u0117mas ir medinis r\u0117mas. Joje taip pat yra du erdv\u016bs patalyn\u0117s skyriai. Miegamojo pavir\u0161iaus matmenys \u2013 trij\u0173 dyd\u017ei\u0173 (140\/160\/180 \u00d7 200 cm) \u2013 suteikia daug erdv\u0117s netrukdomam poilsiui \u012fvairi\u0173 dyd\u017ei\u0173 miegamajame, pritaikytame j\u016bs\u0173 pageidavimams ir poreikiams. M\u016bs\u0173 lova i\u0161siskiria savo meistri\u0161kumu \u2013 auk\u0161tu galv\u016bgaliu ir \u0161onais, pagamintais i\u0161 papildomo putplas\u010dio. Estetin\u012f poj\u016bt\u012f sustiprina ilgas, gausus dygsniavimas. Platus spalv\u0173 pasirinkimas leid\u017eia lengvai priderinti lov\u0105 prie likusios kambario dalies. Papildomas privalumas \u2013 galv\u016bgalis su LED ap\u0161vietimu, kuris poils\u012f paver\u010dia dar malonesniu. \u0160iuo atveju modernumas ir modernistin\u0117 apdaila dera su elegancija, tod\u0117l \u201eLamica\u201c visada yra idealus pasirinkimas. J\u0105 tikrai verta \u012fsigyti.<\/p>","protected":false},"excerpt":{"rendered":"<p>\u201eLamica\u201c \u2013 tai labai patogi, mink\u0161ta ir unikali, \u017eavinga lova, kuri \u017eavi savo unikalia forma ir i\u0161vaizda. \u0160\u012f bald\u0105 sudaro r\u0117mas ir medinis r\u0117mas. Joje taip pat yra du erdv\u016bs patalyn\u0117s skyriai. Miegamojo pavir\u0161iaus matmenys \u2013 trij\u0173 dyd\u017ei\u0173 (140\/160\/180 \u00d7 200 cm) \u2013 suteikia daug erdv\u0117s netrukdomam poilsiui [\u2026]<\/p>","protected":false},"featured_media":18853,"comment_status":"open","ping_status":"open","template":"","meta":[],"product_brand":[],"product_cat":[505,1972,2012,9173],"product_tag":[],"class_list":{"0":"post-18863","1":"product","2":"type-product","3":"status-publish","4":"has-post-thumbnail","6":"product_cat-bedroom-beds","7":"product_cat-beds-180x200","8":"product_cat-eltap","9":"product_cat-lozka-eltap","11":"first","12":"instock","13":"purchasable","14":"product-type-variable","15":"wvs-archive-product-wrapper"},"_links":{"self":[{"href":"https:\/\/baldumarket.lt\/lt\/wp-json\/wp\/v2\/product\/18863","targetHints":{"allow":["GET"]}}],"collection":[{"href":"https:\/\/baldumarket.lt\/lt\/wp-json\/wp\/v2\/product"}],"about":[{"href":"https:\/\/baldumarket.lt\/lt\/wp-json\/wp\/v2\/types\/product"}],"replies":[{"embeddable":true,"href":"https:\/\/baldumarket.lt\/lt\/wp-json\/wp\/v2\/comments?post=18863"}],"wp:featuredmedia":[{"embeddable":true,"href":"https:\/\/baldumarket.lt\/lt\/wp-json\/wp\/v2\/media\/18853"}],"wp:attachment":[{"href":"https:\/\/baldumarket.lt\/lt\/wp-json\/wp\/v2\/media?parent=18863"}],"wp:term":[{"taxonomy":"product_brand","embeddable":true,"href":"https:\/\/baldumarket.lt\/lt\/wp-json\/wp\/v2\/product_brand?post=18863"},{"taxonomy":"product_cat","embeddable":true,"href":"https:\/\/baldumarket.lt\/lt\/wp-json\/wp\/v2\/product_cat?post=18863"},{"taxonomy":"product_tag","embeddable":true,"href":"https:\/\/baldumarket.lt\/lt\/wp-json\/wp\/v2\/product_tag?post=18863"}],"curies":[{"name":"wp","href":"https:\/\/api.w.org\/{rel}","templated":true}]}}