{"id":188342,"date":"2025-12-22T20:11:19","date_gmt":"2025-12-22T17:11:19","guid":{"rendered":"https:\/\/baldumarket.lt\/product\/zestaw-kuchnia-narozna-alina-bialy-polysk-205-285-cm\/"},"modified":"2026-05-03T19:23:24","modified_gmt":"2026-05-03T16:23:24","slug":"zestaw-kuchnia-narozna-alina-bialy-polysk-205-285-cm","status":"publish","type":"product","link":"https:\/\/baldumarket.lt\/lt\/product\/zestaw-kuchnia-narozna-alina-bialy-polysk-205-285-cm\/","title":{"rendered":"Alina kampinis virtuv\u0117s komplektas, baltas blizgus, 205-285 cm"},"content":{"rendered":"<p>\u201eAlina\u201c virtuv\u0117 \u2013 tai \u201ePremium Line\u201c virtuv\u0117s bald\u0173 komplektas, pasi\u017eymintis \u0161iomis specifikacijomis:<br \/>\nDizainas:<br \/>\nPriekin\u0117s dalys pagamintos i\u0161 lakuotos MDF plok\u0161t\u0117s.<br \/>\nLakuoti MDF fasadai gali b\u016bti matiniai ir blizg\u016bs.<br \/>\nKorpusai pagaminti i\u0161 16 mm laminuotos plok\u0161t\u0117s.<br \/>\nPapildomai galima \u012fsigyti juodos, sidabrin\u0117s arba auksin\u0117s spalvos metalines ranken\u0117les, vadinam\u0105sias \u201eshells\u201c, kuri\u0173 tarpai tarp j\u0173 yra 64 mm.<br \/>\nGalima u\u017esisakyti be ranken\u0173; tokiu atveju priekin\u0117je dalyje n\u0117ra ranken\u0173 skyli\u0173; jas reikia pasigaminti patiems (jose yra i\u0161 anksto i\u0161gr\u0119\u017eti gr\u0119\u017eimo ta\u0161kai).<br \/>\nGalima u\u017esisakyti su bet kokio ilgio stalvir\u0161iu.<br \/>\n10 cm reguliuojamo ilgio tvirtinimo kojel\u0117s.<br \/>\n500 mm gylio stal\u010diai yra visi\u0161kai i\u0161traukiami ir turi \u0161velnaus u\u017edarymo sistem\u0105.<br \/>\nTvirti u\u017espaud\u017eiami vyriai turi \u0161velnaus u\u017edarymo sistem\u0105.<br \/>\nSpintel\u0117s su atlenkiamais fasadais turi reguliuojamus keltuvus.<br \/>\nApatin\u0117s spintel\u0117s tiekiamos be stalvir\u0161i\u0173 ir grindjuos\u010di\u0173.<br \/>\nSistemos parametrai:<br \/>\nModelio vardas: Alina Lakier<br \/>\nBald\u0173 sistema: Premium linija<br \/>\nPriekin\u0117 med\u017eiaga: lakuota 19 mm MDF plok\u0161t\u0117<br \/>\nKorpuso med\u017eiaga: 16 mm laminuota plok\u0161t\u0117<br \/>\nCokolin\u0117 med\u017eiaga: 16 mm laminuota plok\u0161t\u0117<br \/>\nStalvir\u0161is komplekte: ne, parduodamas atskirai<br \/>\nRankenos: ne, parduodamos atskirai<br \/>\n\u0160velnus u\u017edarymas: taip<br \/>\nVir\u0161utini\u0173 spinteli\u0173 auk\u0161tis [mm]: 720<br \/>\nVir\u0161utini\u0173 spinteli\u0173 gylis be fasad\u0173 [mm]: 300<br \/>\nApatini\u0173 spinteli\u0173 auk\u0161tis [mm]: 820<br \/>\nApatini\u0173 spinteli\u0173 be fasad\u0173 gylis [mm]: 524<br \/>\nVirtuv\u0117s spalvos (galimos i\u0161 pasirinkim\u0173):<br \/>\nPRIEKIN\u0116 PUS\u0116: MDF LAKAS<br \/>\nSPALVA: BLIZGI BALTA, MATIN\u0116 BALTA, BLIZGI KREMIN\u0116, MATIN\u0116 TAMSI M\u0116LYNA, MATIN\u0116 SIDABRIN\u0116<br \/>\nKORPUSAS: ALASKA WHITE, SAND BEIGE, PLATINOS PILKA<br \/>\nSTIKLAS: SKAIDRUS<br \/>\nRANKENA: KLIENTO PASIRINKIMAS<br \/>\nAPATINIS SPINTELI\u0172 ATSTOVIS: 524 mm \u2013 MONTAVIMO KOJEL\u0116S<br \/>\nSTAL\u010cIAI: \u0160VELNIAI U\u017dSIDARO<br \/>\nVYRIS: \u0160VELNUS U\u017dSIDARYMAS<br \/>\n\u00a0<br \/>\nKomplekt\u0105 sudaro \u0161ios spintel\u0117s:<br \/>\nVir\u0161uje:<br \/>\nWS60 P\/L \u2013 60 cm vitrina<br \/>\nWS80 \u2013 80 cm vitrina<br \/>\nApa\u010dia:<br \/>\nD60PK\/2133 P\/L \u2013 60 cm orkait\u0117s stovas<br \/>\nD15 KROVININI\u0172 KREP\u0160ELIS SU \u0160VELNIU U\u017dSIDARYMU \u2013 15 cm<br \/>\nD60 PC P\/L \u2013 60 cm po kaitlente<br \/>\nD40S\/3 \u2013 40 cm stal\u010diai<br \/>\nDNP R\/L \u2013 kampin\u0117 spintel\u0117 110\/60<br \/>\nFZ. 45 PZ \u2013 45 cm u\u017edengta indaplov\u0117s priekin\u0117 dalis<br \/>\nD60ZL R\/L \u2013 60 cm kriaukl\u0117<br \/>\nD40S\/3 \u2013 40 cm stal\u010diai<br \/>\nSpintel\u0117s be dengiam\u0173j\u0173 plok\u0161\u010di\u0173<\/p>","protected":false},"excerpt":{"rendered":"<p>Matmenys: plotis [cm] &gt; 205\u2013285<\/p>","protected":false},"featured_media":188343,"comment_status":"open","ping_status":"open","template":"","meta":[],"product_brand":[],"product_cat":[10240,1932,2822],"product_tag":[],"class_list":{"0":"post-188342","1":"product","2":"type-product","3":"status-publish","4":"has-post-thumbnail","6":"product_cat-kitchen-system-alina-stolkar","7":"product_cat-kitchen-sets","8":"product_cat-stolkar","10":"first","11":"instock","12":"purchasable","13":"product-type-simple"},"_links":{"self":[{"href":"https:\/\/baldumarket.lt\/lt\/wp-json\/wp\/v2\/product\/188342","targetHints":{"allow":["GET"]}}],"collection":[{"href":"https:\/\/baldumarket.lt\/lt\/wp-json\/wp\/v2\/product"}],"about":[{"href":"https:\/\/baldumarket.lt\/lt\/wp-json\/wp\/v2\/types\/product"}],"replies":[{"embeddable":true,"href":"https:\/\/baldumarket.lt\/lt\/wp-json\/wp\/v2\/comments?post=188342"}],"wp:featuredmedia":[{"embeddable":true,"href":"https:\/\/baldumarket.lt\/lt\/wp-json\/wp\/v2\/media\/188343"}],"wp:attachment":[{"href":"https:\/\/baldumarket.lt\/lt\/wp-json\/wp\/v2\/media?parent=188342"}],"wp:term":[{"taxonomy":"product_brand","embeddable":true,"href":"https:\/\/baldumarket.lt\/lt\/wp-json\/wp\/v2\/product_brand?post=188342"},{"taxonomy":"product_cat","embeddable":true,"href":"https:\/\/baldumarket.lt\/lt\/wp-json\/wp\/v2\/product_cat?post=188342"},{"taxonomy":"product_tag","embeddable":true,"href":"https:\/\/baldumarket.lt\/lt\/wp-json\/wp\/v2\/product_tag?post=188342"}],"curies":[{"name":"wp","href":"https:\/\/api.w.org\/{rel}","templated":true}]}}