{"id":18816,"date":"2025-11-14T10:48:13","date_gmt":"2025-11-14T07:48:13","guid":{"rendered":"https:\/\/baldumarket.lt\/product\/laura\/"},"modified":"2026-03-24T17:09:08","modified_gmt":"2026-03-24T14:09:08","slug":"laura","status":"publish","type":"product","link":"https:\/\/baldumarket.lt\/lt\/product\/laura\/","title":{"rendered":"Laura"},"content":{"rendered":"<p>Klasikin\u0117 forma derinama su moderniu dizainu? \u201eLaura\u201c sofa \u2013 puikus pasirinkimas bet kuriai svetainei. Jos savyb\u0117s: paprasta, patikima konstrukcija, erdv\u016bs, patog\u016bs porankiai ir vinta\u017einio stiliaus elementai \u2013 mediniai \u012fd\u0117klai \u0161onuose. 202 x 84 x 79 cm dyd\u017eio \u201eLaura\u201c sofa skirta tiems, kurie m\u0117gsta rafinuot\u0105 apdail\u0105. Ji puikiai tinka poilsiui dien\u0105 ar nakt\u012f, nes j\u0105 galima paversti 196 x 142 cm dyd\u017eio lova su papildomu erdviu patalyn\u0117s skyriumi, kur\u012f palaiko DL atidarymo mechanizmas. Maksimal\u0173 komfort\u0105 u\u017etikrina sofos u\u017epildas. S\u0117dyn\u0117 pagaminta i\u0161 \u201eBonnell\u201c spyruokli\u0173 ir T25 put\u0173 derinio. \u201eLaura\u201c \u017eavi daugybe spalv\u0173 variant\u0173 ir unikaliu dizainu, pasi\u017eymin\u010diu tikru charakteriu. Ji derina maksimal\u0173 komfort\u0105 su originaliais elementais, tod\u0117l puikiai dera prie bet kuri\u0173 nam\u0173.<\/p>","protected":false},"excerpt":{"rendered":"<p>Klasikin\u0117 forma derinama su moderniu dizainu? Sofa \u201eLaura\u201c \u2013 puikus pasirinkimas bet kuriai svetainei. Jai b\u016bdinga paprasta, patikima konstrukcija, erdv\u016bs, patog\u016bs porankiai ir vinta\u017einio stiliaus elementai \u2013 mediniai \u012fd\u0117klai \u0161onuose. 202 x 84 x 79 cm dyd\u017eio \u201eLaura\u201c sofa skirta tiems, kurie m\u0117gsta rafinuot\u0105 apdail\u0105. Ji [\u2026]<\/p>","protected":false},"featured_media":18817,"comment_status":"open","ping_status":"open","template":"","meta":[],"product_brand":[],"product_cat":[2012,9170,560],"product_tag":[],"class_list":{"0":"post-18816","1":"product","2":"type-product","3":"status-publish","4":"has-post-thumbnail","6":"product_cat-eltap","7":"product_cat-sofy-i-kanapy-eltap","8":"product_cat-sofas-and-couches","10":"first","11":"instock","12":"purchasable","13":"product-type-variable","14":"wvs-archive-product-wrapper"},"_links":{"self":[{"href":"https:\/\/baldumarket.lt\/lt\/wp-json\/wp\/v2\/product\/18816","targetHints":{"allow":["GET"]}}],"collection":[{"href":"https:\/\/baldumarket.lt\/lt\/wp-json\/wp\/v2\/product"}],"about":[{"href":"https:\/\/baldumarket.lt\/lt\/wp-json\/wp\/v2\/types\/product"}],"replies":[{"embeddable":true,"href":"https:\/\/baldumarket.lt\/lt\/wp-json\/wp\/v2\/comments?post=18816"}],"wp:featuredmedia":[{"embeddable":true,"href":"https:\/\/baldumarket.lt\/lt\/wp-json\/wp\/v2\/media\/18817"}],"wp:attachment":[{"href":"https:\/\/baldumarket.lt\/lt\/wp-json\/wp\/v2\/media?parent=18816"}],"wp:term":[{"taxonomy":"product_brand","embeddable":true,"href":"https:\/\/baldumarket.lt\/lt\/wp-json\/wp\/v2\/product_brand?post=18816"},{"taxonomy":"product_cat","embeddable":true,"href":"https:\/\/baldumarket.lt\/lt\/wp-json\/wp\/v2\/product_cat?post=18816"},{"taxonomy":"product_tag","embeddable":true,"href":"https:\/\/baldumarket.lt\/lt\/wp-json\/wp\/v2\/product_tag?post=18816"}],"curies":[{"name":"wp","href":"https:\/\/api.w.org\/{rel}","templated":true}]}}