{"id":188006,"date":"2025-12-22T20:01:34","date_gmt":"2025-12-22T17:01:34","guid":{"rendered":"https:\/\/baldumarket.lt\/product\/szafka-dolna-40-cm-z-szufladami-d40s-3-alina\/"},"modified":"2026-02-03T23:25:50","modified_gmt":"2026-02-03T20:25:50","slug":"szafka-dolna-40-cm-z-szufladami-d40s-3-alina","status":"publish","type":"product","link":"https:\/\/baldumarket.lt\/lt\/product\/szafka-dolna-40-cm-z-szufladami-d40s-3-alina\/","title":{"rendered":"40 cm apatin\u0117 spintel\u0117 su stal\u010diais D40S\/3 Alina"},"content":{"rendered":"<p>40 cm D40S\/3 Alina apatin\u0117 spintel\u0117 su stal\u010diais, be stalvir\u0161io, yra \u201ePremium Line\u201c virtuv\u0117s bald\u0173 komplekto spintel\u0117, pasi\u017eyminti \u0161iomis specifikacijomis:<br \/>\nDizainas:<br \/>\nPriekin\u0117s dalys pagamintos i\u0161 lakuotos MDF plok\u0161t\u0117s.<br \/>\nLakuoti MDF fasadai gali b\u016bti matiniai ir blizg\u016bs.<br \/>\n16 mm laminuot\u0173 plok\u0161\u010di\u0173 korpusai.<br \/>\nJuodos, sidabrin\u0117s arba auksin\u0117s metalin\u0117s ranken\u0117l\u0117s, vadinamosios \u201capvalkalai\u201d \u2013 64 mm tarpai \u2013 galimos kaip papildoma \u012franga.<br \/>\nGalima u\u017esisakyti be ranken\u0173; tokiu atveju priekin\u0117je dalyje n\u0117ra rankenoms skirt\u0173 skyli\u0173; jas reikia pasigaminti patiems (jose yra i\u0161 anksto i\u0161gr\u0119\u017eti gr\u0119\u017eimo ta\u0161kai).<br \/>\nGalima u\u017esisakyti su bet kokio ilgio stalvir\u0161iu.<br \/>\n10 cm reguliuojamo ilgio tvirtinimo kojel\u0117s.<br \/>\n500 mm gylio stal\u010diai yra visi\u0161kai i\u0161traukiami ir turi \u0161velnaus u\u017edarymo sistem\u0105.<br \/>\nTvirti u\u017espaud\u017eiami vyriai su \u0161velnaus u\u017edarymo sistema.<br \/>\nSpintel\u0117s su atlenkiamais fasadais turi reguliuojamo pad\u0117ties keltuvus.<br \/>\nSistemos parametrai:<br \/>\nModelio vardas: Alina Lakier<br \/>\nBald\u0173 sistema: Premium linija<br \/>\nPriekin\u0117 med\u017eiaga: lakuota 19 mm MDF plok\u0161t\u0117<br \/>\nKorpuso med\u017eiaga: 16 mm laminuota plok\u0161t\u0117<br \/>\nCokolin\u0117 med\u017eiaga: 16 mm laminuota plok\u0161t\u0117<br \/>\nStalvir\u0161is komplekte: ne, parduodamas atskirai<br \/>\nRankenos: ne, parduodamos atskirai<br \/>\n\u0160velnus u\u017edarymas: taip<br \/>\nVir\u0161utini\u0173 spinteli\u0173 auk\u0161tis [mm]: 720<br \/>\nVir\u0161utini\u0173 spinteli\u0173 gylis be fasad\u0173 [mm]: 300<br \/>\nApatini\u0173 spinteli\u0173 auk\u0161tis [mm]: 820<br \/>\nApatini\u0173 spinteli\u0173 be fasad\u0173 gylis [mm]: 524<br \/>\nVirtuv\u0117s spalvos (galimos parinktyse):<br \/>\nPRIEKIN\u0116 PUS\u0116: MDF LAKAS<br \/>\nSPALVA: BALTA BLIZGI, BALTA MATIN\u0116, KREMIN\u0116 BLIZGI, TAMSI M\u0116LYNA MATIN\u0116, SIDABRIN\u0116 MATIN\u0116<br \/>\nKORPUSAS: BALTA ALASKA, SM\u0116LIO SPALVA, PLATINOS PILKA<br \/>\nSTIKLAS: SKAIDRUS<br \/>\nRANKENA: KLIENTO PASIRINKIMAS<br \/>\nAPATINIS SPINTELI\u0172 ATSTOVIS: 524 mm \u2013 MONTAVIMO KOJEL\u0116S<br \/>\nSTAL\u010cIAI: TYLUS U\u017dSIDARYMAS<br \/>\nVYRIS: TYLUS U\u017dSIDARYMAS<br \/>\n\u00a0<\/p>","protected":false},"excerpt":{"rendered":"<p>Virtuv\u0117s specifikacija \u2013 balta matin\u0117, balta blizgi, kremin\u0117 blizgi, tamsiai m\u0117lyna matin\u0117, sidabrin\u0117 matin\u0117 | Virtuv\u0117s stilius \u2013 stilingas | Fasado tipas: Laminuota plok\u0161t\u0117 \/ MDF \/ MDF lakas | Matmenys: gylis be stalvir\u0161io [cm]&gt;52,4; gylis su stalvir\u0161iu [cm]&gt;60; plotis [cm]&gt;40; auk\u0161tis be stalvir\u0161io [cm]&gt;82<\/p>","protected":false},"featured_media":188007,"comment_status":"open","ping_status":"open","template":"","meta":[],"product_brand":[],"product_cat":[9118,2822],"product_tag":[],"class_list":{"0":"post-188006","1":"product","2":"type-product","3":"status-publish","4":"has-post-thumbnail","6":"product_cat-kitchen-cabinets","7":"product_cat-stolkar","9":"first","10":"instock","11":"purchasable","12":"product-type-simple"},"_links":{"self":[{"href":"https:\/\/baldumarket.lt\/lt\/wp-json\/wp\/v2\/product\/188006","targetHints":{"allow":["GET"]}}],"collection":[{"href":"https:\/\/baldumarket.lt\/lt\/wp-json\/wp\/v2\/product"}],"about":[{"href":"https:\/\/baldumarket.lt\/lt\/wp-json\/wp\/v2\/types\/product"}],"replies":[{"embeddable":true,"href":"https:\/\/baldumarket.lt\/lt\/wp-json\/wp\/v2\/comments?post=188006"}],"wp:featuredmedia":[{"embeddable":true,"href":"https:\/\/baldumarket.lt\/lt\/wp-json\/wp\/v2\/media\/188007"}],"wp:attachment":[{"href":"https:\/\/baldumarket.lt\/lt\/wp-json\/wp\/v2\/media?parent=188006"}],"wp:term":[{"taxonomy":"product_brand","embeddable":true,"href":"https:\/\/baldumarket.lt\/lt\/wp-json\/wp\/v2\/product_brand?post=188006"},{"taxonomy":"product_cat","embeddable":true,"href":"https:\/\/baldumarket.lt\/lt\/wp-json\/wp\/v2\/product_cat?post=188006"},{"taxonomy":"product_tag","embeddable":true,"href":"https:\/\/baldumarket.lt\/lt\/wp-json\/wp\/v2\/product_tag?post=188006"}],"curies":[{"name":"wp","href":"https:\/\/api.w.org\/{rel}","templated":true}]}}