{"id":187982,"date":"2025-12-22T20:00:53","date_gmt":"2025-12-22T17:00:53","guid":{"rendered":"https:\/\/baldumarket.lt\/product\/szafka-dolna-30-cm-d30-p-l-alina\/"},"modified":"2026-02-03T23:25:50","modified_gmt":"2026-02-03T20:25:50","slug":"szafka-dolna-30-cm-d30-p-l-alina","status":"publish","type":"product","link":"https:\/\/baldumarket.lt\/lt\/product\/szafka-dolna-30-cm-d30-p-l-alina\/","title":{"rendered":"Apatin\u0117 spintel\u0117 30 cm, D30 R\/K, Alina"},"content":{"rendered":"<p>30 cm D30 P\/L Alina apatin\u0117 spintel\u0117 be stalvir\u0161io yra \u201ePremium Line\u201c virtuv\u0117s bald\u0173 komplekto spintel\u0117, pasi\u017eyminti \u0161iomis specifikacijomis:<br \/>\nDizainas:<br \/>\nPriekin\u0117s dalys pagamintos i\u0161 lakuotos MDF plok\u0161t\u0117s.<br \/>\nLakuoti MDF fasadai yra matini\u0173 ir blizgi\u0173 pavir\u0161i\u0173.<br \/>\n16 mm laminuot\u0173 plok\u0161\u010di\u0173 korpusai.<br \/>\nPapildomai galima \u012fsigyti juodos, sidabrin\u0117s arba auksin\u0117s spalvos metalines ranken\u0117les, vadinam\u0105sias \u201eshells\u201c, kuri\u0173 tarpai tarp j\u0173 yra 64 mm.<br \/>\nGalima u\u017esisakyti be ranken\u0173; tokiu atveju priekin\u0117je dalyje n\u0117ra ranken\u0173 skyli\u0173; jas reikia pasigaminti patiems (jose yra i\u0161 anksto i\u0161gr\u0119\u017eti gr\u0119\u017eimo ta\u0161kai).<br \/>\nGalima u\u017esisakyti su bet kokio ilgio stalvir\u0161iu.<br \/>\n10 cm reguliuojamo ilgio tvirtinimo kojel\u0117s.<br \/>\n500 mm gylio stal\u010diai yra visi\u0161kai i\u0161traukiami ir turi \u0161velnaus u\u017edarymo sistem\u0105.<br \/>\nTvirti u\u017espaud\u017eiami vyriai turi \u0161velnaus u\u017edarymo sistem\u0105.<br \/>\nSpintel\u0117s su atlenkiamais fasadais turi reguliuojamus keltuvus.<br \/>\nApatines spinteles galima \u012fsigyti be stalvir\u0161i\u0173 ir grindjuos\u010di\u0173 \u2013 galima \u012fsigyti adresu<br \/>\nSistemos parametrai:<br \/>\nModelio vardas: Alina Lakier<br \/>\nBald\u0173 sistema: Premium linija<br \/>\nPriekin\u0117 med\u017eiaga: 19 mm lakuota MDF plok\u0161t\u0117<br \/>\nKorpuso med\u017eiaga: 16 mm laminuota plok\u0161t\u0117<br \/>\nCokolin\u0117 med\u017eiaga: 16 mm laminuota plok\u0161t\u0117<br \/>\nStalvir\u0161is komplekte: ne, parduodamas atskirai<br \/>\nRankenos: ne, parduodamos atskirai<br \/>\n\u0160velnus u\u017edarymas: taip<br \/>\nVir\u0161utini\u0173 spinteli\u0173 auk\u0161tis [mm]: 720<br \/>\nVir\u0161utini\u0173 spinteli\u0173 gylis be fasad\u0173 [mm]: 300<br \/>\nApatini\u0173 spinteli\u0173 auk\u0161tis [mm]: 820<br \/>\nApatini\u0173 spinteli\u0173 be fasad\u0173 gylis [mm]: 524<br \/>\nVirtuv\u0117s spalvos (galimos i\u0161 pasirinkim\u0173):<br \/>\nPRIEKIN\u0116 PUS\u0116: MDF LAKAS<br \/>\nSPALVA: BLIZGI BALTA, MATIN\u0116 BALTA, BLIZGI KREMIN\u0116, MATIN\u0116 TAMSI M\u0116LYNA, MATIN\u0116 SIDABRIN\u0116<br \/>\nKORPUSAS: ALASKA WHITE, SAND BEIGE, PLATINOS PILKA<br \/>\nSTIKLAS: SKAIDRUS<br \/>\nRANKENA: KLIENTO PASIRINKIMAS<br \/>\nAPA\u010cIN\u0116S SPINTEL\u0116S: 524 mm \u2013 MONTAVIMO KOJEL\u0116S<br \/>\nSTAL\u010cIAI: TYLUS U\u017dSIDARYMAS<br \/>\nVYRIS: TYLUS U\u017dSIDARYMAS<br \/>\n\u00a0<\/p>","protected":false},"excerpt":{"rendered":"<p>Virtuv\u0117s specifikacija \u2013 balta matin\u0117, balta blizgi, kremin\u0117 blizgi, tamsiai m\u0117lyna matin\u0117, sidabrin\u0117 matin\u0117 | Virtuv\u0117s stilius \u2013 stilingas | Fasado tipas: Laminuota plok\u0161t\u0117 \/ MDF \/ MDF lakas | Matmenys: gylis be stalvir\u0161io [cm]&gt;52,4; gylis su stalvir\u0161iu [cm]&gt;60; plotis [cm]&gt;30; auk\u0161tis be stalvir\u0161io [cm]&gt;82<\/p>","protected":false},"featured_media":187983,"comment_status":"open","ping_status":"open","template":"","meta":[],"product_brand":[],"product_cat":[9118,2822],"product_tag":[],"class_list":{"0":"post-187982","1":"product","2":"type-product","3":"status-publish","4":"has-post-thumbnail","6":"product_cat-kitchen-cabinets","7":"product_cat-stolkar","9":"first","10":"instock","11":"purchasable","12":"product-type-simple"},"_links":{"self":[{"href":"https:\/\/baldumarket.lt\/lt\/wp-json\/wp\/v2\/product\/187982","targetHints":{"allow":["GET"]}}],"collection":[{"href":"https:\/\/baldumarket.lt\/lt\/wp-json\/wp\/v2\/product"}],"about":[{"href":"https:\/\/baldumarket.lt\/lt\/wp-json\/wp\/v2\/types\/product"}],"replies":[{"embeddable":true,"href":"https:\/\/baldumarket.lt\/lt\/wp-json\/wp\/v2\/comments?post=187982"}],"wp:featuredmedia":[{"embeddable":true,"href":"https:\/\/baldumarket.lt\/lt\/wp-json\/wp\/v2\/media\/187983"}],"wp:attachment":[{"href":"https:\/\/baldumarket.lt\/lt\/wp-json\/wp\/v2\/media?parent=187982"}],"wp:term":[{"taxonomy":"product_brand","embeddable":true,"href":"https:\/\/baldumarket.lt\/lt\/wp-json\/wp\/v2\/product_brand?post=187982"},{"taxonomy":"product_cat","embeddable":true,"href":"https:\/\/baldumarket.lt\/lt\/wp-json\/wp\/v2\/product_cat?post=187982"},{"taxonomy":"product_tag","embeddable":true,"href":"https:\/\/baldumarket.lt\/lt\/wp-json\/wp\/v2\/product_tag?post=187982"}],"curies":[{"name":"wp","href":"https:\/\/api.w.org\/{rel}","templated":true}]}}