{"id":187934,"date":"2025-12-22T19:59:24","date_gmt":"2025-12-22T16:59:24","guid":{"rendered":"https:\/\/baldumarket.lt\/product\/zestaw-kuchnia-nina-butelkowa-zielen-300-cm\/"},"modified":"2026-02-03T23:25:50","modified_gmt":"2026-02-03T20:25:50","slug":"zestaw-kuchnia-nina-butelkowa-zielen-300-cm","status":"publish","type":"product","link":"https:\/\/baldumarket.lt\/lt\/product\/zestaw-kuchnia-nina-butelkowa-zielen-300-cm\/","title":{"rendered":"Nina virtuv\u0117s komplektas, butelio \u017ealias, 300 cm"},"content":{"rendered":"<p>\u201eNina Kitchen\u201c \u2013 tai \u201ePremium Line\u201c virtuv\u0117s bald\u0173 komplektas, pasi\u017eymintis \u0161iomis specifikacijomis:<br \/>\nDizainas:<br \/>\nPriekin\u0117s dalys pagamintos i\u0161 lakuotos MDF plok\u0161t\u0117s<br \/>\nLakuoti MDF fasadai gali b\u016bti matiniai ir blizg\u016bs<br \/>\nKorpusai pagaminti i\u0161 16 mm laminuotos plok\u0161t\u0117s<br \/>\nFrezuotas prisitraukim\u0173 skersinis \u2013 nereikia ranken\u0173<br \/>\nPastabose nurodykite vienpusi\u0173 spinteli\u0173 atidarymo krypt\u012f.<br \/>\nReguliuojamos 100 mm tvirtinimo kojel\u0117s<br \/>\n500 mm gylio stal\u010diai yra visi\u0161kai i\u0161traukiami ir su \u0161velnaus u\u017edarymo sistema<br \/>\nTvirti u\u017espaud\u017eiami vyriai su \u0161velnaus u\u017edarymo sistema<br \/>\nSpintel\u0117s su atlenkiamais fasadais turi reguliuojamus keltuvus<br \/>\nSistemos specifikacijos:<br \/>\nModelio vardas: Nina<br \/>\nBald\u0173 sistema: Premium linija<br \/>\nPriekin\u0117 med\u017eiaga: 19 mm lakuota MDF plok\u0161t\u0117<br \/>\nKorpuso med\u017eiaga: 16 mm laminuota plok\u0161t\u0117<br \/>\nCokolin\u0117 med\u017eiaga: 16 mm laminuota plok\u0161t\u0117<br \/>\nStalvir\u0161is komplekte: ne, parduodamas atskirai<br \/>\nRankenos: \u2013<br \/>\n\u0160velnus u\u017edarymas: taip<br \/>\nVir\u0161utini\u0173 spinteli\u0173 auk\u0161tis [mm]: 720<br \/>\nVir\u0161utini\u0173 spinteli\u0173 gylis be fasad\u0173 [mm]: 300<br \/>\nApatini\u0173 spinteli\u0173 auk\u0161tis [mm]: 820<br \/>\nApatini\u0173 spinteli\u0173 be fasad\u0173 gylis [mm]: 524<br \/>\nVirtuv\u0117s spalvos (galimos i\u0161 pasirinkim\u0173):<br \/>\nPRIEKIN\u0116 PUS\u0116: MDF LAKAS<br \/>\nSPALVA: BALTA BLIZGI, BALTA MATIN\u0116, NUBE BLIZGI, \u017dALIA MATIN\u0116, SIDABRIN\u0116 BLIZGI<br \/>\nKORPUSAS: BALTA ALASKA, SM\u0116LIO SPALVA, PILKA PLATINUM<br \/>\nSTIKLAS: SKAIDRUS<br \/>\nRANKENA: FREZUOTA<br \/>\nAPA\u010cIN\u0116S SPINTEL\u0116S: 524 mm \u2013 MONTAVIMO KOJEL\u0116S<br \/>\nSTAL\u010cIAI: \u0160VELNIAI U\u017dSIDARO<br \/>\nVYRIS: \u0160VELNUS U\u017dSIDARYMAS<br \/>\n\u00a0<br \/>\nKomplekt\u0105 sudaro \u0161ios spintel\u0117s:<br \/>\nVir\u0161uje:<br \/>\nW60GRF\/2 \u2013 60 cm \u2013 2 vnt.<br \/>\nW60 R\/L \u2013 60 cm \u2013 nurodykite atidarymo krypt\u012f pastabose<br \/>\nW60\/68 SLIM R\/L \u2013 60 cm gartraukiui \u2013 atidarymo krypt\u012f nurodykite pastabose<br \/>\nApa\u010dia:<br \/>\nD60PK\/2133 R\/L \u2013 60 cm krosnies kolonai \u2013 pastabose nurodykite atidarymo krypt\u012f<br \/>\nD60S\/3 \u2013 60 cm stal\u010diai<br \/>\nD60ZL R\/L \u2013 60 cm kriauklei \u2013 pastabose nurodykite atidarymo krypt\u012f<br \/>\nFZ. 60 PZ \u2013 60 cm indaplov\u0117s skydelis su pasl\u0117ptu priekiu<br \/>\nD60 PC P\/L \u2013 60 cm po kaitlente \u2013 atidarymo krypt\u012f nurodykite pastabose<br \/>\nSistemoje yra dengiam\u0173j\u0173 plok\u0161\u010di\u0173, o pagrindai galimi ir kit\u0173 nei standartini\u0173 spalv\u0173 \u2013 kain\u0173 teiraukit\u0117s el. pa\u0161tu \u2013 kuchnie@meblem4.pl<\/p>","protected":false},"excerpt":{"rendered":"<p>Virtuv\u0117s specifikacijos \u2013 balta matin\u0117, balta blizgi, nude blizgi, \u017ealia matin\u0117, sidabro blizgi | Virtuv\u0117s stilius \u2013 modernus | Fasado tipas: Laminuota plok\u0161t\u0117 \/ MDF \/ MDF lakas | Matmenys: gylis [cm]&gt;30 vir\u0161utin\u0117s dalies gylis be stalvir\u0161io [cm]&gt;52,4 gylis su stalvir\u0161iu [cm]&gt;60 plotis [cm]&gt;300 auk\u0161tis [cm]&gt;72 vir\u0161utin\u0117s dalies auk\u0161tis be stalvir\u0161io [cm]&gt;82<\/p>","protected":false},"featured_media":187935,"comment_status":"open","ping_status":"open","template":"","meta":[],"product_brand":[],"product_cat":[1932,2822],"product_tag":[],"class_list":{"0":"post-187934","1":"product","2":"type-product","3":"status-publish","4":"has-post-thumbnail","6":"product_cat-kitchen-sets","7":"product_cat-stolkar","9":"first","10":"instock","11":"purchasable","12":"product-type-simple"},"_links":{"self":[{"href":"https:\/\/baldumarket.lt\/lt\/wp-json\/wp\/v2\/product\/187934","targetHints":{"allow":["GET"]}}],"collection":[{"href":"https:\/\/baldumarket.lt\/lt\/wp-json\/wp\/v2\/product"}],"about":[{"href":"https:\/\/baldumarket.lt\/lt\/wp-json\/wp\/v2\/types\/product"}],"replies":[{"embeddable":true,"href":"https:\/\/baldumarket.lt\/lt\/wp-json\/wp\/v2\/comments?post=187934"}],"wp:featuredmedia":[{"embeddable":true,"href":"https:\/\/baldumarket.lt\/lt\/wp-json\/wp\/v2\/media\/187935"}],"wp:attachment":[{"href":"https:\/\/baldumarket.lt\/lt\/wp-json\/wp\/v2\/media?parent=187934"}],"wp:term":[{"taxonomy":"product_brand","embeddable":true,"href":"https:\/\/baldumarket.lt\/lt\/wp-json\/wp\/v2\/product_brand?post=187934"},{"taxonomy":"product_cat","embeddable":true,"href":"https:\/\/baldumarket.lt\/lt\/wp-json\/wp\/v2\/product_cat?post=187934"},{"taxonomy":"product_tag","embeddable":true,"href":"https:\/\/baldumarket.lt\/lt\/wp-json\/wp\/v2\/product_tag?post=187934"}],"curies":[{"name":"wp","href":"https:\/\/api.w.org\/{rel}","templated":true}]}}