{"id":187566,"date":"2025-12-22T19:49:40","date_gmt":"2025-12-22T16:49:40","guid":{"rendered":"https:\/\/baldumarket.lt\/product\/szafka-dolna-20-cm-cargo-d20-z-koszem-z-cichym-domykiem-nina\/"},"modified":"2026-02-03T23:25:54","modified_gmt":"2026-02-03T20:25:54","slug":"szafka-dolna-20-cm-cargo-d20-z-koszem-z-cichym-domykiem-nina","status":"publish","type":"product","link":"https:\/\/baldumarket.lt\/lt\/product\/szafka-dolna-20-cm-cargo-d20-z-koszem-z-cichym-domykiem-nina\/","title":{"rendered":"Apatin\u0117 spintel\u0117 20 cm cargo D20 su krep\u0161iu ir \u0161velniu u\u017edarymu Nina"},"content":{"rendered":"<p>20 cm D20 Nina apatin\u0117 spintel\u0117 su \u0161velniai u\u017esidaran\u010diu krep\u0161eliu ir be stalvir\u0161io yra \u201ePremium Line\u201c virtuv\u0117s komplekto spintel\u0117, pasi\u017eyminti \u0161iomis specifikacijomis:<br \/>\nDizainas:<br \/>\nPriekin\u0117s dalys pagamintos i\u0161 lakuotos MDF plok\u0161t\u0117s<br \/>\nLakuoti MDF fasadai, galimi matin\u0117s ir blizgios apdailos<br \/>\nKorpusai pagaminti i\u0161 16 mm laminuotos plok\u0161t\u0117s<br \/>\nFrezuota rankena \u2013 ranken\u0173 montuoti nereikia<br \/>\nReguliuojamos 100 mm tvirtinimo kojel\u0117s<br \/>\n500 mm gylio stal\u010diai yra visi\u0161kai i\u0161traukiami ir su \u0161velnaus u\u017edarymo sistema<br \/>\nTvirti u\u017espaud\u017eiami vyriai su \u0161velnaus u\u017edarymo sistema<br \/>\nSpintel\u0117s su atlenkiamais fasadais turi reguliuojamus keltuvus<br \/>\nSistemos parametrai:<br \/>\nModelio vardas: Nina<br \/>\nBald\u0173 sistema: Premium linija<br \/>\nPriekin\u0117 med\u017eiaga: 19 mm lakuota MDF plok\u0161t\u0117<br \/>\nKorpuso med\u017eiaga: 16 mm laminuota plok\u0161t\u0117<br \/>\nCokolin\u0117 med\u017eiaga: 16 mm laminuota plok\u0161t\u0117<br \/>\nStalvir\u0161is komplekte: ne, parduodamas atskirai<br \/>\nRankenos: \u2013<br \/>\n\u0160velnus u\u017edarymas: taip<br \/>\nVir\u0161utini\u0173 spinteli\u0173 auk\u0161tis [mm]: 720<br \/>\nVir\u0161utini\u0173 spinteli\u0173 gylis be fasad\u0173 [mm]: 300<br \/>\nApatini\u0173 spinteli\u0173 auk\u0161tis [mm]: 820<br \/>\nApatini\u0173 spinteli\u0173 be fasad\u0173 gylis [mm]: 524<br \/>\nVirtuv\u0117s spalvos (galimos i\u0161 pasirinkim\u0173):<br \/>\nPRIEKIN\u0116 PUS\u0116: MDF LAKAS<br \/>\nSPALVA: BALTA BLIZGI, MATIN\u0116 BALTA, NUBE BLIZGI, MATIN\u0116 \u017dALIA, MATIN\u0116 SIDABRIN\u0116 BLIZGI<br \/>\nKORPUSAS: ALASKA WHITE, SAND BEIGE, PLATINOS PILKA<br \/>\nSTIKLAS: SKAIDRUS<br \/>\nRANKENA: FREZUOTA<br \/>\nAPA\u010cIN\u0116S SPINTEL\u0116S: 524 mm \u2013 MONTAVIMO KOJEL\u0116S<br \/>\nSTAL\u010cIAI: TYLUS U\u017dSIDARYMAS<br \/>\nVYRIS: TYLUS U\u017dSIDARYMAS<br \/>\n\u00a0<\/p>","protected":false},"excerpt":{"rendered":"<p>Virtuv\u0117s specifikacija \u2013 balta matin\u0117, balta blizgi, nude blizgi, \u017ealia matin\u0117, sidabro blizgi | Virtuv\u0117s stilius \u2013 modernus | Fasado tipas: Laminuota plok\u0161t\u0117 \/ MDF \/ MDF lakas | Matmenys: gylis be stalvir\u0161io [cm]&gt;52,4; gylis su stalvir\u0161iu [cm]&gt;60; plotis [cm]&gt;20; auk\u0161tis be stalvir\u0161io [cm]&gt;82<\/p>","protected":false},"featured_media":187567,"comment_status":"open","ping_status":"open","template":"","meta":[],"product_brand":[],"product_cat":[9118,2822],"product_tag":[],"class_list":{"0":"post-187566","1":"product","2":"type-product","3":"status-publish","4":"has-post-thumbnail","6":"product_cat-kitchen-cabinets","7":"product_cat-stolkar","9":"first","10":"instock","11":"purchasable","12":"product-type-simple"},"_links":{"self":[{"href":"https:\/\/baldumarket.lt\/lt\/wp-json\/wp\/v2\/product\/187566","targetHints":{"allow":["GET"]}}],"collection":[{"href":"https:\/\/baldumarket.lt\/lt\/wp-json\/wp\/v2\/product"}],"about":[{"href":"https:\/\/baldumarket.lt\/lt\/wp-json\/wp\/v2\/types\/product"}],"replies":[{"embeddable":true,"href":"https:\/\/baldumarket.lt\/lt\/wp-json\/wp\/v2\/comments?post=187566"}],"wp:featuredmedia":[{"embeddable":true,"href":"https:\/\/baldumarket.lt\/lt\/wp-json\/wp\/v2\/media\/187567"}],"wp:attachment":[{"href":"https:\/\/baldumarket.lt\/lt\/wp-json\/wp\/v2\/media?parent=187566"}],"wp:term":[{"taxonomy":"product_brand","embeddable":true,"href":"https:\/\/baldumarket.lt\/lt\/wp-json\/wp\/v2\/product_brand?post=187566"},{"taxonomy":"product_cat","embeddable":true,"href":"https:\/\/baldumarket.lt\/lt\/wp-json\/wp\/v2\/product_cat?post=187566"},{"taxonomy":"product_tag","embeddable":true,"href":"https:\/\/baldumarket.lt\/lt\/wp-json\/wp\/v2\/product_tag?post=187566"}],"curies":[{"name":"wp","href":"https:\/\/api.w.org\/{rel}","templated":true}]}}