{"id":187542,"date":"2025-12-22T19:49:06","date_gmt":"2025-12-22T16:49:06","guid":{"rendered":"https:\/\/baldumarket.lt\/product\/panel-boczny-szafki-gornej-wysokiej-niskiej-108x304-denis\/"},"modified":"2026-02-03T23:25:55","modified_gmt":"2026-02-03T20:25:55","slug":"panel-boczny-szafki-gornej-wysokiej-niskiej-108x304-denis","status":"publish","type":"product","link":"https:\/\/baldumarket.lt\/lt\/product\/panel-boczny-szafki-gornej-wysokiej-niskiej-108x304-denis\/","title":{"rendered":"\u0160onin\u0117 panel\u0117 vir\u0161utinei auk\u0161tai ir \u017eemai spintelei 108&#215;30.4 Denis"},"content":{"rendered":"<p>Mading\u0173 spalv\u0173 \u201eDenis\u201c virtuv\u0117 si\u016blo kompakti\u0161kus sprendimus su moderniu akcentu. Dizainas:<br \/>\nPriekin\u0117s sienel\u0117s pagamintos i\u0161 19 mm storio MDF plok\u0161t\u0117s.<br \/>\nPriekin\u0117se dalyse n\u0117ra i\u0161 anksto i\u0161gr\u0119\u017et\u0173 skyli\u0173 rankenoms; jas reikia i\u0161gr\u0119\u017eti patiems (jose yra i\u0161 anksto i\u0161gr\u0119\u017etos skyl\u0117s, i\u0161d\u0117stytos 16 cm atstumu viena nuo kitos).<br \/>\nKorpusai pagaminti i\u0161 16 mm laminuotos plok\u0161t\u0117s.<br \/>\nSatinato stiklas.<br \/>\nRankenos yra prieinamos.<br \/>\nReguliuojamos tvirtinimo kojel\u0117s, 10 cm auk\u0161\u010dio.<br \/>\nCokolin\u0117s dalys pjaustomos atskirai kiekvienai spintelei.<br \/>\nVyriai \u2013 \u0161velnaus u\u017edarymo sistema.<br \/>\nStal\u010diai \u2013 su \u0161velnaus u\u017edarymo sistema.<br \/>\nDujiniai keltuvai.<br \/>\nApatin\u0117s spintel\u0117s galimos be stalvir\u0161i\u0173.<br \/>\nSistemos parametrai:<br \/>\nModelio pavadinimas: DENIS<br \/>\nBald\u0173 sistema: TREND LINE<br \/>\nKorpuso spalva: BALTA arba GRAFITO PILKA<br \/>\nVir\u0161utin\u0117s spintel\u0117s priekin\u0117s dalies spalva: WHITE PEAS MATT \/ BLACK PEAS MATT \/ NAVY M\u0116LYNA MATT \/ CREAM MATT \/ SELECT WALNUT \/ LONDON OAK \/ WHITE GLOSS \/ PIGEON GLOSS \/ GREY MAT<br \/>\nApatin\u0117s spintel\u0117s priekin\u0117s dalies spalva: WHITE PEAS MATT \/ BLACK PEAS MATT \/ NAVY MATT \/ CREAM MATT \/ SELECT WALNUT \/ LONDON OAK \/ WHITE GLOSS \/ PIGEON GLOSS \/ GREY MAT<br \/>\nPriekin\u0117 med\u017eiaga: 19 mm MDF folija<br \/>\nKorpuso med\u017eiaga: 16 mm laminuota plok\u0161t\u0117<br \/>\nStalvir\u0161is \u012fskai\u010diuotas: NE, PARDUODAMA ATSKIRAI<br \/>\nRankenos: NE, PARDUODAMOS ATSKIRAI<br \/>\n\u0160velnus u\u017edarymas: TAIP<br \/>\nVir\u0161utini\u0173 spinteli\u0173 auk\u0161tis [mm]: 360 \/ 720 \/ 880 \/ 920<br \/>\nVir\u0161utini\u0173 spinteli\u0173 gylis be fasad\u0173 [mm]: 300 \/ 560<br \/>\nApatin\u0117s spintel\u0117s auk\u0161tis [mm]: 820<br \/>\nApatin\u0117s spintel\u0117s gylis be fasad\u0173 [mm]: 524<br \/>\nStulpo auk\u0161tis [mm]: 2133 \/ 2183<br \/>\nStulpo gylis be fasad\u0173 [mm]: 560<br \/>\nVirtuv\u0117s spalvos (galimos i\u0161 pasirinkim\u0173):<br \/>\nPRIEKIN\u0116 PUS\u0116: MDF<br \/>\nSPALVA: BALTASIS \u017dIRNIS MATIN\u0116 \/ JUODASIS \u017dIRNIS MATIN\u0116 \/ TAMSI M\u0116LYNA MATIN\u0116 \/ KREMIN\u0116 MATIN\u0116 \/ PASIRINKTI RIE\u0160UTO SPALV\u0104 \/ LONDONO \u0104\u017dUOLAS \/ BALTA BLIZGI \/ BALAND\u017dIO \u0160UNS BLIZGI \/ \u0160VIESIAI PILKA MATIN\u0116<br \/>\nKORPUSAS: BALTA arba PILKA<br \/>\nTAUR\u0116: SATINATO<br \/>\nRANKENA: BE RANKENOS<br \/>\nAPA\u010cIN\u0116S SPINTEL\u0116S: 524 mm \u2013 MONTAVIMO KOJEL\u0116S<br \/>\nSTAL\u010cIAI: TYLUS U\u017dSIDARYMAS<br \/>\nVYRIS: TYLUS U\u017dSIDARYMAS<br \/>\n\u00a0<\/p>","protected":false},"excerpt":{"rendered":"<p>Virtuv\u0117s specifikacijos \u2013 balta matin\u0117, juoda matin\u0117, kavos spalvos matin\u0117, Londono \u0105\u017euolas | Virtuv\u0117s stilius \u2013 modernus\/loftas | Fasado tipas: Laminuota plok\u0161t\u0117 \/ MDF \/ lakuota MDF plok\u0161t\u0117 | Matmenys: plotis [cm]&gt;30,4, auk\u0161tis [cm]&gt;108<\/p>","protected":false},"featured_media":187543,"comment_status":"open","ping_status":"open","template":"","meta":[],"product_brand":[],"product_cat":[1043,2822],"product_tag":[],"class_list":{"0":"post-187542","1":"product","2":"type-product","3":"status-publish","4":"has-post-thumbnail","6":"product_cat-extras","7":"product_cat-stolkar","9":"first","10":"instock","11":"purchasable","12":"product-type-simple"},"_links":{"self":[{"href":"https:\/\/baldumarket.lt\/lt\/wp-json\/wp\/v2\/product\/187542","targetHints":{"allow":["GET"]}}],"collection":[{"href":"https:\/\/baldumarket.lt\/lt\/wp-json\/wp\/v2\/product"}],"about":[{"href":"https:\/\/baldumarket.lt\/lt\/wp-json\/wp\/v2\/types\/product"}],"replies":[{"embeddable":true,"href":"https:\/\/baldumarket.lt\/lt\/wp-json\/wp\/v2\/comments?post=187542"}],"wp:featuredmedia":[{"embeddable":true,"href":"https:\/\/baldumarket.lt\/lt\/wp-json\/wp\/v2\/media\/187543"}],"wp:attachment":[{"href":"https:\/\/baldumarket.lt\/lt\/wp-json\/wp\/v2\/media?parent=187542"}],"wp:term":[{"taxonomy":"product_brand","embeddable":true,"href":"https:\/\/baldumarket.lt\/lt\/wp-json\/wp\/v2\/product_brand?post=187542"},{"taxonomy":"product_cat","embeddable":true,"href":"https:\/\/baldumarket.lt\/lt\/wp-json\/wp\/v2\/product_cat?post=187542"},{"taxonomy":"product_tag","embeddable":true,"href":"https:\/\/baldumarket.lt\/lt\/wp-json\/wp\/v2\/product_tag?post=187542"}],"curies":[{"name":"wp","href":"https:\/\/api.w.org\/{rel}","templated":true}]}}