{"id":187312,"date":"2025-12-22T19:43:18","date_gmt":"2025-12-22T16:43:18","guid":{"rendered":"https:\/\/baldumarket.lt\/product\/kuchnia-clara-120-180-cm-dab-artisan-szary-oferta-specjalna\/"},"modified":"2026-02-03T23:25:57","modified_gmt":"2026-02-03T20:25:57","slug":"kuchnia-clara-120-180-cm-dab-artisan-szary-oferta-specjalna","status":"publish","type":"product","link":"https:\/\/baldumarket.lt\/lt\/product\/kuchnia-clara-120-180-cm-dab-artisan-szary-oferta-specjalna\/","title":{"rendered":"\u201eClara\u201c virtuv\u0117 120\u2013180 cm, \u201eArtisan Oak\/Peak\u201c \u2013 SPECIALUS PASI\u016aLYMAS"},"content":{"rendered":"<p>\u201eClara 120\/180 cm\u201c virtuv\u0117 \u2013 tai ergonomi\u0161kas komplektas, susidedantis i\u0161 5 prakti\u0161k\u0173 spinteli\u0173, \u012fskaitant apatines spinteles be stalvir\u0161i\u0173. Skirtas modernioms virtuv\u0117ms ir virtuv\u0117l\u0117ms. Parametrai:<br \/>\nPRIEKIN\u0116 PUS\u0116: GRAFITO PILKA \/ \u0104\u017dUOLAS ARTISAN<br \/>\nK\u016aNAS: UOSIS<br \/>\nPjedestalas: grafito pilka<br \/>\nVIR\u0160US: BE VIR\u0160AUS<br \/>\nTAUR\u0116: SATINATO<br \/>\nRANKENA: METALAS<br \/>\nAPA\u010cIN\u0116S SPINTEL\u0116S: 446 MM \u2013 MONTAVIMO KOJEL\u0116S<br \/>\nVYRIS: \u0160VELNUS U\u017dSIDARYMAS<br \/>\nSTAL\u010cIAI: \u0160VELNUS U\u017dSIDARYMAS \u2013 METALIN\u0116 D\u0116\u017dUT\u0116 + STABDYS<br \/>\n\u00a0<br \/>\nSistemos parametrai:<br \/>\nModelio pavadinimas: Klara<br \/>\nBald\u0173 sistema: Klasikin\u0117 linija<br \/>\nKorpuso spalva: pelen\u0173<br \/>\nVir\u0161utin\u0117s spintel\u0117s priekin\u0117s dalies spalva: grafito spalvos<br \/>\nApatin\u0117s spintel\u0117s priekin\u0117s dalies spalva: \u0105\u017euolas<br \/>\nStovo spalva: grafito<br \/>\nPriekin\u0117 med\u017eiaga: 16 mm laminuota plok\u0161t\u0117<br \/>\nKorpuso med\u017eiaga: 16 mm laminuota plok\u0161t\u0117<br \/>\nPagrindo med\u017eiaga: 16 mm laminuota plok\u0161t\u0117<br \/>\nStalvir\u0161is komplekte: ne, parduodamas atskirai<br \/>\nRankenos: plastikin\u0117s<br \/>\n\u0160velnus u\u017edarymas: taip<br \/>\nVir\u0161utini\u0173 spinteli\u0173 auk\u0161tis [mm]: 720<br \/>\nVir\u0161utini\u0173 spinteli\u0173 gylis be fasad\u0173 [mm]: 288<br \/>\nApatini\u0173 spinteli\u0173 auk\u0161tis [mm]: 820<br \/>\nApatini\u0173 spinteli\u0173 be fasad\u0173 gylis [mm]: 446<br \/>\nKomplekt\u0105 sudaro \u0161ios spintel\u0117s:<br \/>\nApatin\u0117s spintel\u0117s:<br \/>\nD80ZL \u2013 80 cm po kriaukle<br \/>\nD40S\/1 \u2013 40 cm su stal\u010diumi<br \/>\nVir\u0161utin\u0117s spintel\u0117s:<br \/>\nP80\u201380 cm<br \/>\nW40 P\/L \u2013 40 cm<br \/>\nW60OKGR \u2013 60 cm po gaubtu<br \/>\nApatin\u0117s spintel\u0117s be stalvir\u0161io \u2013 120 cm ilgio sekcija juodo akmens spalvos galima \u012fsigyti kaip papildom\u0105 variant\u0105<\/p>","protected":false},"excerpt":{"rendered":"<p>Virtuv\u0117s specifikacija \u2013 med\u017eio imitacijos, grafito | Virtuv\u0117s stilius \u2013 loftas | Fasado tipas: Laminuota plok\u0161t\u0117 \/ MDF \/ Lakuota laminuota plok\u0161t\u0117 | Matmenys: gylis [cm]&gt;28,8 vir\u0161us; gylis be stalvir\u0161io [cm]&gt;44,6 gylis su stalvir\u0161iu [cm]&gt;60 plotis [cm]&gt;120\u2013180 auk\u0161tis be stalvir\u0161io [cm]&gt;82 auk\u0161tis [cm]&gt;72 vir\u0161us<\/p>","protected":false},"featured_media":187313,"comment_status":"open","ping_status":"open","template":"","meta":[],"product_brand":[],"product_cat":[1932,2822],"product_tag":[],"class_list":{"0":"post-187312","1":"product","2":"type-product","3":"status-publish","4":"has-post-thumbnail","6":"product_cat-kitchen-sets","7":"product_cat-stolkar","9":"first","10":"instock","11":"purchasable","12":"product-type-simple"},"_links":{"self":[{"href":"https:\/\/baldumarket.lt\/lt\/wp-json\/wp\/v2\/product\/187312","targetHints":{"allow":["GET"]}}],"collection":[{"href":"https:\/\/baldumarket.lt\/lt\/wp-json\/wp\/v2\/product"}],"about":[{"href":"https:\/\/baldumarket.lt\/lt\/wp-json\/wp\/v2\/types\/product"}],"replies":[{"embeddable":true,"href":"https:\/\/baldumarket.lt\/lt\/wp-json\/wp\/v2\/comments?post=187312"}],"wp:featuredmedia":[{"embeddable":true,"href":"https:\/\/baldumarket.lt\/lt\/wp-json\/wp\/v2\/media\/187313"}],"wp:attachment":[{"href":"https:\/\/baldumarket.lt\/lt\/wp-json\/wp\/v2\/media?parent=187312"}],"wp:term":[{"taxonomy":"product_brand","embeddable":true,"href":"https:\/\/baldumarket.lt\/lt\/wp-json\/wp\/v2\/product_brand?post=187312"},{"taxonomy":"product_cat","embeddable":true,"href":"https:\/\/baldumarket.lt\/lt\/wp-json\/wp\/v2\/product_cat?post=187312"},{"taxonomy":"product_tag","embeddable":true,"href":"https:\/\/baldumarket.lt\/lt\/wp-json\/wp\/v2\/product_tag?post=187312"}],"curies":[{"name":"wp","href":"https:\/\/api.w.org\/{rel}","templated":true}]}}