{"id":187256,"date":"2025-12-22T19:41:50","date_gmt":"2025-12-22T16:41:50","guid":{"rendered":"https:\/\/baldumarket.lt\/product\/szafka-wiszaca-60-cm-z-okapem-srebrnym-w60-68-slim-p-l-adele\/"},"modified":"2026-02-03T23:25:58","modified_gmt":"2026-02-03T20:25:58","slug":"szafka-wiszaca-60-cm-z-okapem-srebrnym-w60-68-slim-p-l-adele","status":"publish","type":"product","link":"https:\/\/baldumarket.lt\/lt\/product\/szafka-wiszaca-60-cm-z-okapem-srebrnym-w60-68-slim-p-l-adele\/","title":{"rendered":"Pakabinama spintel\u0117 60 cm su sidabriniu gaubtu W60\/68 SLIM P\/L Adele"},"content":{"rendered":"<p>60 cm pakabinama spintel\u0117 su sidabriniu gartraukiu W60\/68 SLIM P\/L Adele (pra\u0161ome nekreipti d\u0117mesio \u012f nuotrauk\u0105 \u2013 gartraukis bus sidabrin\u0117s spalvos) \u2013 \u0161i spintel\u0117 priklauso \u201eTrend line\u201c virtuv\u0117s bald\u0173 komplektui, kurio specifikacijos:<br \/>\nKonstrukcija:<br \/>\nPriekin\u0117s dalys pagamintos i\u0161 19 mm storio MDF plok\u0161t\u0117s, padengtos matine PVC pl\u0117vele.<br \/>\nRankenoms fasaduose skyl\u0117s n\u0117ra gr\u0119\u017eiamos; jas reikia gr\u0119\u017eti patiems (jose i\u0161 anksto i\u0161gr\u0119\u017eti gr\u0119\u017eimo ta\u0161kai, i\u0161d\u0117styti 16 cm atstumu vienas nuo kito).<br \/>\nKarkasai pagaminti i\u0161 16 mm laminuotos plok\u0161t\u0117s.<br \/>\nSatinato stiklas.<br \/>\nRankenos gali b\u016bti pasirenkamos (spintel\u0117s nuotraukoje esan\u010dios ranken\u0117l\u0117s yra tik iliustracin\u0117s \u2013 \u017er. i\u0161 anksto paruo\u0161tus i\u0161d\u0117stymus ir parinktis).<br \/>\n10 cm auk\u0161\u010dio reguliuojamo auk\u0161\u010dio tvirtinimo kojel\u0117s.<br \/>\nCokolin\u0117s dalys pjaustomos atskirai kiekvienai spintelei.<br \/>\nVyriai \u2013 \u0161velnaus u\u017edarymo sistema.<br \/>\nStal\u010diai \u2013 su \u0161velnaus u\u017edarymo sistema.<br \/>\nLiftai. Dujos.<br \/>\nApatin\u0117s spintel\u0117s galimos be stalvir\u0161i\u0173<br \/>\nSistemos parametrai:<br \/>\nModelio pavadinimas: ADELE<br \/>\nBald\u0173 sistema: TREND LINE<br \/>\nSpalvos \u2013 pasirinkite spalv\u0173 skirtuk\u0105 \u2013 spustel\u0117kite<br \/>\nPriekin\u0117 med\u017eiaga: 19 mm MDF folija<br \/>\nKorpuso med\u017eiaga: 16 mm laminuota plok\u0161t\u0117<br \/>\nStalvir\u0161is \u012fskai\u010diuotas: NE, PARDUODAMA ATSKIRAI<br \/>\nRankenos: NE, PARDUODAMOS ATSKIRAI<br \/>\n\u0160velnus u\u017edarymas: TAIP<br \/>\nVir\u0161utini\u0173 spinteli\u0173 auk\u0161tis [mm]: 360 \/ 720 \/ 880 \/ 920<br \/>\nVir\u0161utini\u0173 spinteli\u0173 gylis be fasad\u0173 [mm]: 300 \/ 560<br \/>\nApatini\u0173 spinteli\u0173 auk\u0161tis [mm]: 820<br \/>\nApatini\u0173 spinteli\u0173 be fasad\u0173 gylis [mm]: 524<br \/>\nStatrams\u010di\u0173 auk\u0161tis [mm]: 2133 \/ 2183<br \/>\nStulpo gylis be fasad\u0173 [mm]: 560<br \/>\nVirtuv\u0117s spalvos (galimos i\u0161 pasirinkim\u0173):<br \/>\nPRIEKIN\u0116 PUS\u0116: MDF FOLIJOS R\u0116MAS<br \/>\nSPALVA: BALTA MATIN\u0116, JUODOJI \u017dIRNIAI, TAMSIAI M\u0116LYNA MATIN\u0116, KREMIN\u0116 MATIN\u0116, SM\u0116LIO SPALVOS MATIN\u0116, \u017dALIA MATIN\u0116, \u0160VIESIAI PILKA MATIN\u0116, RAUDONA TOSKANO MATIN\u0116, MOKA PILKA MATIN\u0116, ALYVUOGI\u0172 SPALVOS MATIN\u0116, PILKA MATIN\u0116, PASIRINKTA RIE\u0160UTMEDIS, LONDONO \u0104\u017dUOLAS, HALIFAKSO \u0104\u017dUOLAS, \u0104\u017dUOLAS, \u0160VIESUS TAIGOS \u0104\u017dUOLAS<br \/>\nK\u016aNAS: BALTA, GRAFITO arba ARTISAN<br \/>\nTAUR\u0116: SATINATO<br \/>\nRANKENA: BE RANKENOS<br \/>\nAPATINIS SPINTELI\u0172 ATSTOVIS: 524 mm \u2013 MONTAVIMO KOJEL\u0116S<br \/>\nSTAL\u010cIAI: TYLUS U\u017dSIDARYMAS<br \/>\nVYRIS: TYLUS U\u017dSIDARYMAS<br \/>\n\u00a0<\/p>","protected":false},"excerpt":{"rendered":"<p>Virtuv\u0117s stilius \u2013 modernus | Fasado tipas: Laminuota plok\u0161t\u0117 \/ MDF \/ Lakuota MDF plok\u0161t\u0117, 19 mm storio, padengta PVC folija | Matmenys: gylis [cm]&gt;30 plotis [cm]&gt;60 auk\u0161tis [cm]&gt;68<\/p>","protected":false},"featured_media":187257,"comment_status":"open","ping_status":"open","template":"","meta":[],"product_brand":[],"product_cat":[9118,2822],"product_tag":[],"class_list":{"0":"post-187256","1":"product","2":"type-product","3":"status-publish","4":"has-post-thumbnail","6":"product_cat-kitchen-cabinets","7":"product_cat-stolkar","9":"first","10":"instock","11":"purchasable","12":"product-type-simple"},"_links":{"self":[{"href":"https:\/\/baldumarket.lt\/lt\/wp-json\/wp\/v2\/product\/187256","targetHints":{"allow":["GET"]}}],"collection":[{"href":"https:\/\/baldumarket.lt\/lt\/wp-json\/wp\/v2\/product"}],"about":[{"href":"https:\/\/baldumarket.lt\/lt\/wp-json\/wp\/v2\/types\/product"}],"replies":[{"embeddable":true,"href":"https:\/\/baldumarket.lt\/lt\/wp-json\/wp\/v2\/comments?post=187256"}],"wp:featuredmedia":[{"embeddable":true,"href":"https:\/\/baldumarket.lt\/lt\/wp-json\/wp\/v2\/media\/187257"}],"wp:attachment":[{"href":"https:\/\/baldumarket.lt\/lt\/wp-json\/wp\/v2\/media?parent=187256"}],"wp:term":[{"taxonomy":"product_brand","embeddable":true,"href":"https:\/\/baldumarket.lt\/lt\/wp-json\/wp\/v2\/product_brand?post=187256"},{"taxonomy":"product_cat","embeddable":true,"href":"https:\/\/baldumarket.lt\/lt\/wp-json\/wp\/v2\/product_cat?post=187256"},{"taxonomy":"product_tag","embeddable":true,"href":"https:\/\/baldumarket.lt\/lt\/wp-json\/wp\/v2\/product_tag?post=187256"}],"curies":[{"name":"wp","href":"https:\/\/api.w.org\/{rel}","templated":true}]}}