{"id":187200,"date":"2025-12-22T19:40:31","date_gmt":"2025-12-22T16:40:31","guid":{"rendered":"https:\/\/baldumarket.lt\/product\/zestaw-kuchenny-narozny-kuchnia-300-195-cm-zoya\/"},"modified":"2026-02-03T23:25:58","modified_gmt":"2026-02-03T20:25:58","slug":"zestaw-kuchenny-narozny-kuchnia-300-195-cm-zoya","status":"publish","type":"product","link":"https:\/\/baldumarket.lt\/lt\/product\/zestaw-kuchenny-narozny-kuchnia-300-195-cm-zoya\/","title":{"rendered":"Kampinis virtuv\u0117s komplektas, virtuv\u0117 300\u2013195 cm Zoya"},"content":{"rendered":"<p>\u201eZoya\u201c virtuv\u0117s komplektas yra \u201eTrend line\u201c virtuv\u0117s baldas, pasi\u017eymintis \u0161iomis specifikacijomis:<br \/>\nDizainas:<br \/>\nPriekin\u0117s dalys pagamintos i\u0161 19 mm storio MDF plok\u0161t\u0117s, padengtos PVC folija, kuri gali b\u016bti matin\u0117s spalvos.<br \/>\nKorpusai pagaminti i\u0161 16 mm laminuotos plok\u0161t\u0117s.<br \/>\nSatinato stiklas.<br \/>\nFrezuotos rankenos.<br \/>\n10 cm auk\u0161\u010dio reguliuojamo auk\u0161\u010dio tvirtinimo kojel\u0117s.<br \/>\nCokolin\u0117s dalys pjaustomos atskirai kiekvienai spintelei.<br \/>\nVyriai \u2013 \u0161velnaus u\u017edarymo sistema.<br \/>\nStal\u010diai \u2013 su \u0161velnaus u\u017edarymo sistema.<br \/>\nDujiniai keltuvai.<br \/>\nApatin\u0117s spintel\u0117s galimos be stalvir\u0161i\u0173.<br \/>\nSistemos specifikacijos:<br \/>\nModelio pavadinimas: ZOYA<br \/>\nBald\u0173 sistema: TREND LINE<br \/>\nSpalvos \u2013 pasirinkite spalv\u0173 skirtuk\u0105 \u2013 spustel\u0117kite.<br \/>\nPriekin\u0117 med\u017eiaga: 19 mm MDF folija<br \/>\nKorpuso med\u017eiaga: 16 mm laminuota plok\u0161t\u0117<br \/>\nStalvir\u0161is \u012fskai\u010diuotas: NE, PARDUODAMA ATSKIRAI.<br \/>\nRankenos: NE, PARDUODAMOS ATSKIRAI<br \/>\n\u0160velnus u\u017edarymas: TAIP<br \/>\nVir\u0161utini\u0173 spinteli\u0173 auk\u0161tis [mm]: 360 \/ 720 \/ 880 \/ 920<br \/>\nVir\u0161utini\u0173 spinteli\u0173 gylis be fasad\u0173 [mm]: 300 \/ 560<br \/>\nApatini\u0173 spinteli\u0173 auk\u0161tis [mm]: 820<br \/>\nApatini\u0173 spinteli\u0173 be fasad\u0173 gylis [mm]: 524<br \/>\nAtram\u0173 auk\u0161tis [mm]: 2133 \/ 2183<br \/>\nAtram\u0173 gylis be fasad\u0173 [mm]: 560<br \/>\nVirtuv\u0117s spalvos (galimos i\u0161 pasirinkim\u0173):<br \/>\nPRIEKIN\u0116 PUS\u0116: MDF FOLIJA<br \/>\nSPALVA: BALTA MATIN\u0116, JUODOJI \u017dIRNIAI, \u0160VIESIAI PILKA MATIN\u0116, PILKA MATIN\u0116, KAVOS MATIN\u0116, MOKA PILKA MATIN\u0116, TAMSIAI M\u0116LYNA MATIN\u0116, KREMIN\u0116 MATIN\u0116, SM\u0116LIO SPALVOS MATIN\u0116, PASIRINKTA RIE\u0160UTMEDIS, LONDONO \u0104\u017dUOLAS, HALIFAKSO \u0104\u017dUOLAS, \u0104\u017dUOLAS, \u0160VIESUS TAIGOS \u0104\u017dUOLAS<br \/>\nK\u016aNAS: BALTA, GRAFITO arba ARTISAN<br \/>\nTAUR\u0116: SATINATO<br \/>\nRANKENA: BE RANKENOS<br \/>\nAPA\u010cIN\u0116S SPINTEL\u0116S: 524 mm \u2013 MONTAVIMO KOJEL\u0116S<br \/>\nSTAL\u010cIAI: \u0160VELNIAI U\u017dSIDARO<br \/>\nVYRIS: \u0160VELNUS U\u017dSIDARYMAS<br \/>\n\u00a0<br \/>\nKomplekt\u0105 sudaro \u0161ios spintel\u0117s:<br \/>\nApa\u010dia:<br \/>\n1 x \u012fmontuota \u0161aldytuvo spintel\u0117 60 cm D60 S\u0141 LO \u2013 60\/213,3\/56 cm PL\/A\/G<br \/>\n1 x \u012fmontuojama orkait\u0117s spintel\u0117 60 cm G60 PK R\/L \u2013 60\/213,3\/56 cm P\/A\/G<br \/>\n1 x apatin\u0117 spintel\u0117 30 cm G30 D\/K \u2013 30\/82\/52,4 cm P\/A\/G<br \/>\n1 x 60 cm apatin\u0117 spintel\u0117 kaitlentei D60 PC R\/L \u2013 60\/82\/52,4 cm P\/A\/G<br \/>\n1 x kampin\u0117 spintel\u0117 90\/90 cm DRP D\/K \u2013 90\/82\/90 cm P\/A\/G<br \/>\n1 x indaplov\u0117s priekin\u0117 dalis 45 cm FR ZM 45 PU \u2013 44,6\/71,3 cm plo\u010dio\/auk\u0161tio<br \/>\n1 x 60 cm apatin\u0117 spintel\u0117 kriauklei D60ZL R\/L \u2013 60\/82\/52,4 cm P\/A\/G<br \/>\nVir\u0161uje:<br \/>\n1 x 30 cm pakabinama spintel\u0117 P30 D\/K \u2013 30\/72\/30 cm P\/A\/G<br \/>\n1 x pakabinama spintel\u0117 su gartraukiu, 60 cm plo\u010dio \/ auk\u0161\u010dio \/ gylio<br \/>\n1 x Pakabinama spintel\u0117 30 cm P30 D\/K \u2013 30\/72\/30 cm P\/A\/G<br \/>\n1 x Kampin\u0117 pakabinama spintel\u0117 60\/60 cm WRN R\/L \u2013 60\/72\/60 cm P\/A\/G<br \/>\n1 x Pakabinama spintel\u0117 30 cm P30 D\/K \u2013 30\/72\/30 cm P\/A\/G<br \/>\n1 x Pakabinama spintel\u0117 45 cm P45 D\/K \u2013 45\/72\/30 cm P\/A\/G<br \/>\n1 x Pakabinama spintel\u0117 60 cm P60 D\/K \u2013 60\/72\/30 cm P\/A\/G<br \/>\nPjaustyti cokoliai. Spintel\u0117s \u012fskai\u010diuotos \u012f kain\u0105.<br \/>\nPra\u0161ome nurodyti pageidaujamas spinteli\u0173 vir\u0161aus ir apa\u010dios spalvas.<br \/>\nNUOTRAUKOS YRA ILIUSTRACINIO PASKIRTIES. NUOTRAUKOSE RODOMA SPALVA IR R\u016aG\u0172 R\u016a\u0160IS GALI TIEK TIEK SKIRTIS \u2013 HALIFAX \u0104\u017dUOLAS YRA \u0160VIESESNIS NEI PAGRINDIN\u0116JE NUOTRAUKOJE (KAIP ANTROJE NUOTRAUKOJE)<\/p>","protected":false},"excerpt":{"rendered":"<p>Virtuv\u0117s stilius \u2013 modernus | Virtuv\u0117s specifikacija \u2013 balta, pilka, \u0105\u017euolas | Matmenys: gylis [cm]&gt;30 vir\u0161utinio pavir\u0161iaus gylis be stalvir\u0161io [cm]&gt;52,4 gylis su stalvir\u0161iu [cm]&gt;60 plotis [cm]&gt;300\u2013195 auk\u0161tis [cm]&gt;72 vir\u0161utinio pavir\u0161iaus auk\u0161tis be stalvir\u0161io [cm]&gt;82<\/p>","protected":false},"featured_media":187201,"comment_status":"open","ping_status":"open","template":"","meta":[],"product_brand":[],"product_cat":[1932,2822],"product_tag":[],"class_list":{"0":"post-187200","1":"product","2":"type-product","3":"status-publish","4":"has-post-thumbnail","6":"product_cat-kitchen-sets","7":"product_cat-stolkar","9":"first","10":"instock","11":"purchasable","12":"product-type-simple"},"_links":{"self":[{"href":"https:\/\/baldumarket.lt\/lt\/wp-json\/wp\/v2\/product\/187200","targetHints":{"allow":["GET"]}}],"collection":[{"href":"https:\/\/baldumarket.lt\/lt\/wp-json\/wp\/v2\/product"}],"about":[{"href":"https:\/\/baldumarket.lt\/lt\/wp-json\/wp\/v2\/types\/product"}],"replies":[{"embeddable":true,"href":"https:\/\/baldumarket.lt\/lt\/wp-json\/wp\/v2\/comments?post=187200"}],"wp:featuredmedia":[{"embeddable":true,"href":"https:\/\/baldumarket.lt\/lt\/wp-json\/wp\/v2\/media\/187201"}],"wp:attachment":[{"href":"https:\/\/baldumarket.lt\/lt\/wp-json\/wp\/v2\/media?parent=187200"}],"wp:term":[{"taxonomy":"product_brand","embeddable":true,"href":"https:\/\/baldumarket.lt\/lt\/wp-json\/wp\/v2\/product_brand?post=187200"},{"taxonomy":"product_cat","embeddable":true,"href":"https:\/\/baldumarket.lt\/lt\/wp-json\/wp\/v2\/product_cat?post=187200"},{"taxonomy":"product_tag","embeddable":true,"href":"https:\/\/baldumarket.lt\/lt\/wp-json\/wp\/v2\/product_tag?post=187200"}],"curies":[{"name":"wp","href":"https:\/\/api.w.org\/{rel}","templated":true}]}}