{"id":187130,"date":"2025-12-22T19:38:54","date_gmt":"2025-12-22T16:38:54","guid":{"rendered":"https:\/\/baldumarket.lt\/product\/szafka-gorna-20-cm-z-regal-otwarty-natalia-wo20\/"},"modified":"2026-02-03T23:25:59","modified_gmt":"2026-02-03T20:25:59","slug":"szafka-gorna-20-cm-z-regal-otwarty-natalia-wo20","status":"publish","type":"product","link":"https:\/\/baldumarket.lt\/lt\/product\/szafka-gorna-20-cm-z-regal-otwarty-natalia-wo20\/","title":{"rendered":"Vir\u0161utin\u0117 spintel\u0117 20 cm su atvira lentyna Natalia WO20"},"content":{"rendered":"<p>\u201eNatalia Kitchen\u201c \u2013 tai ergonomi\u0161kas komplektas, susidedantis i\u0161 keli\u0173 prakti\u0161k\u0173 spinteli\u0173, \u012fskaitant apatines spinteles be stalvir\u0161i\u0173, skirtas modernioms, stilingoms virtuv\u0117ms ir virtuv\u0117l\u0117ms.<br \/>\n\u012e rinkin\u012f \u012feina:<br \/>\n400 mm gylio metaliniai METALBOX stal\u010diai.<br \/>\nDujiniai keltuvai u\u017etikrina lengv\u0105 prieig\u0105 prie spintel\u0117s turinio.<br \/>\nMetalin\u0117s rankenos.<br \/>\nGalimas stalvir\u0161i\u0173 pasirinkimas.<br \/>\nPlatus papildom\u0173 pried\u0173 asortimentas.<br \/>\nReguliuojamos kojel\u0117s.<br \/>\nSpintel\u0117 turi pelen\u0173 pilkos spalvos korpus\u0105.<br \/>\nVirtuv\u0117s spalvos:<br \/>\nPRIEKIN\u0116 PUS\u0116: MDF PLOK\u0160T\u0116 SU BALTA BLIZGIOS FOLIJOS ARBA \u0160VIESIAI PILKA MATINE FOLIJOS PAVIR\u0160IUMI<br \/>\nKORPUSAS: PELEN\u0172 PILKA<br \/>\nDARBAS: BE VIR\u0160AUS<br \/>\nTAUR\u0116: SATINATO<br \/>\nRANKENA: NER\u016aDIJAN\u010cIO PLIENO<br \/>\nAPATINIS SPINTELI\u0172 LYGIS: 446 MM \u2013 MONTAVIMO KOJEL\u0116S<br \/>\nVYRIS: TYLUS U\u017dSIDARYMAS<br \/>\nSTAL\u010cIAI: TYLUS U\u017dSIDARYMAS \u2013 METALIN\u0116 D\u0116\u017dUT\u0116 + STABDIS<br \/>\nSistemos parametrai:<br \/>\nModelio pavadinimas: Natalia Light Gray Matte \/ Natalia White Gloss<br \/>\nBald\u0173 sistema: Klasikin\u0117 linija<br \/>\nKorpuso spalva: pelen\u0173 pilka<br \/>\nVir\u0161utin\u0117s spintel\u0117s priekin\u0117s dalies spalva: \u0161viesiai pilka matin\u0117 \/ balta blizgi<br \/>\nApatin\u0117s spintel\u0117s priekin\u0117s dalies spalva: \u0161viesiai pilka matin\u0117 \/ balta blizgi<br \/>\nCokolin\u0117s spalvos: pelen\u0173 pilka<br \/>\nPriekin\u0117 med\u017eiaga: 16 mm laminuota MDF plok\u0161t\u0117<br \/>\nKorpuso med\u017eiaga: 16 mm laminuota plok\u0161t\u0117<br \/>\nCokolin\u0117 med\u017eiaga: 16 mm laminuota plok\u0161t\u0117<br \/>\nVir\u0161utin\u0117 plok\u0161t\u0117 pridedama: ne, parduodama atskirai<br \/>\nRankenos: metalin\u0117s<br \/>\n\u0160velnus u\u017edarymas: taip<br \/>\nVir\u0161utini\u0173 spinteli\u0173 auk\u0161tis [mm]: 720<br \/>\nVir\u0161utini\u0173 spinteli\u0173 gylis be fasad\u0173 [mm]: 288<br \/>\nApatini\u0173 spinteli\u0173 auk\u0161tis [mm]: 820<br \/>\nApatini\u0173 spinteli\u0173 gylis be fasad\u0173 [mm]: 446<\/p>","protected":false},"excerpt":{"rendered":"<p>Virtuv\u0117s specifikacija \u2013 pilka, balta blizgi | Virtuv\u0117s stilius \u2013 modernus | Matmenys: gylis [cm]&gt;28,8 plotis [cm]&gt;20 auk\u0161tis [cm]&gt;72<\/p>","protected":false},"featured_media":187131,"comment_status":"open","ping_status":"open","template":"","meta":[],"product_brand":[],"product_cat":[1987,2822],"product_tag":[],"class_list":{"0":"post-187130","1":"product","2":"type-product","3":"status-publish","4":"has-post-thumbnail","6":"product_cat-shelving-units","7":"product_cat-stolkar","9":"first","10":"instock","11":"purchasable","12":"product-type-simple"},"_links":{"self":[{"href":"https:\/\/baldumarket.lt\/lt\/wp-json\/wp\/v2\/product\/187130","targetHints":{"allow":["GET"]}}],"collection":[{"href":"https:\/\/baldumarket.lt\/lt\/wp-json\/wp\/v2\/product"}],"about":[{"href":"https:\/\/baldumarket.lt\/lt\/wp-json\/wp\/v2\/types\/product"}],"replies":[{"embeddable":true,"href":"https:\/\/baldumarket.lt\/lt\/wp-json\/wp\/v2\/comments?post=187130"}],"wp:featuredmedia":[{"embeddable":true,"href":"https:\/\/baldumarket.lt\/lt\/wp-json\/wp\/v2\/media\/187131"}],"wp:attachment":[{"href":"https:\/\/baldumarket.lt\/lt\/wp-json\/wp\/v2\/media?parent=187130"}],"wp:term":[{"taxonomy":"product_brand","embeddable":true,"href":"https:\/\/baldumarket.lt\/lt\/wp-json\/wp\/v2\/product_brand?post=187130"},{"taxonomy":"product_cat","embeddable":true,"href":"https:\/\/baldumarket.lt\/lt\/wp-json\/wp\/v2\/product_cat?post=187130"},{"taxonomy":"product_tag","embeddable":true,"href":"https:\/\/baldumarket.lt\/lt\/wp-json\/wp\/v2\/product_tag?post=187130"}],"curies":[{"name":"wp","href":"https:\/\/api.w.org\/{rel}","templated":true}]}}