{"id":186773,"date":"2025-12-22T19:30:27","date_gmt":"2025-12-22T16:30:27","guid":{"rendered":"https:\/\/baldumarket.lt\/product\/szafka-dolna-40-cm-z-szufladami-vita-d40s-3\/"},"modified":"2026-02-03T23:26:04","modified_gmt":"2026-02-03T20:26:04","slug":"szafka-dolna-40-cm-z-szufladami-vita-d40s-3","status":"publish","type":"product","link":"https:\/\/baldumarket.lt\/lt\/product\/szafka-dolna-40-cm-z-szufladami-vita-d40s-3\/","title":{"rendered":"40 cm apatin\u0117 spintel\u0117 su stal\u010diais Vita D40S\/3"},"content":{"rendered":"<p>Balta \u201eVita\u201c virtuv\u0117 si\u016blo kompakti\u0161kus sprendimus su moderniu akcentu.<br \/>\n\u012e rinkin\u012f \u012feina:<br \/>\n400 mm gylio metaliniai METALBOX stal\u010diai.<br \/>\nDujiniai keltuvai u\u017etikrina lengv\u0105 prieig\u0105 prie spinteli\u0173 turinio.<br \/>\nMetalin\u0117s rankenos.<br \/>\nGalimas stalvir\u0161i\u0173 pasirinkimas.<br \/>\nPlatus papildom\u0173 pried\u0173 asortimentas. Reguliuojamos kojel\u0117s.<br \/>\n\u00a0<br \/>\nVirtuv\u0117s spalvos:<br \/>\nPRIEKIN\u0116 PUS\u0116: BALTA BLIZGUS LAMINUOTAS PLOKSTAS<br \/>\nKORPUSAS: BALTA<br \/>\nDARBAVIR\u0160US: BE STALVIR\u0160IAUS<br \/>\nTAUR\u0116: SATINATO<br \/>\nRANKENA: METALAS<br \/>\nAPA\u010cIN\u0116S SPINTEL\u0116S: 446 MM \u2013 MONTAVIMO KOJEL\u0116S<br \/>\nVYRIS: \u0160VELNUS U\u017dSIDARYMAS<br \/>\nSTAL\u010cIAI: \u0160VELNUS U\u017dSIDARYMAS \u2013 METALIN\u0116 D\u0116\u017dUT\u0116 + STABDYS<br \/>\n\u00a0<br \/>\nSistemos parametrai:<br \/>\nModelio pavadinimas: Vita<br \/>\nBald\u0173 sistema: Klasikin\u0117 linija<br \/>\nKorpuso spalva: balta<br \/>\nVir\u0161utin\u0117s spintel\u0117s priekin\u0117s dalies spalva: blizgi balta<br \/>\nApatin\u0117s spintel\u0117s priekin\u0117s dalies spalva: blizgi balta<br \/>\nCokolio spalva: balta<br \/>\nPriekin\u0117 med\u017eiaga: 16 mm akrilo laminuota plok\u0161t\u0117<br \/>\nKorpuso med\u017eiaga: 16 mm laminuota plok\u0161t\u0117<br \/>\nCokolin\u0117 med\u017eiaga: 16 mm laminuota plok\u0161t\u0117<br \/>\nStalvir\u0161is \u012fskai\u010diuotas: ne. Parduodamas atskirai.<br \/>\nRankenos: metalin\u0117s<br \/>\n\u0160velnus u\u017edarymas: taip<br \/>\nVir\u0161utini\u0173 spinteli\u0173 auk\u0161tis [mm]: 720<br \/>\nVir\u0161utini\u0173 spinteli\u0173 gylis be fasad\u0173 [mm]: 288<br \/>\nApatini\u0173 spinteli\u0173 auk\u0161tis [mm]: 820<br \/>\nApatini\u0173 spinteli\u0173 be fasad\u0173 gylis [mm]: 446<br \/>\n\u00a0<\/p>","protected":false},"excerpt":{"rendered":"<p>Virtuv\u0117s specifikacija \u2013 balta blizgi | Virtuv\u0117s stilius \u2013 modernus | Fasado tipas: Laminuota plok\u0161t\u0117 \/ MDF \/ Lakuota akrilo plok\u0161t\u0117 | Matmenys: gylis be stalvir\u0161io [cm]&gt;44,6 gylis su stalvir\u0161iu [cm]&gt;60 plotis [cm]&gt;40 auk\u0161tis be stalvir\u0161io [cm]&gt;82 auk\u0161tis su stalvir\u0161iu [cm]&gt;84,8<\/p>","protected":false},"featured_media":186774,"comment_status":"open","ping_status":"open","template":"","meta":[],"product_brand":[],"product_cat":[9118,2822],"product_tag":[],"class_list":{"0":"post-186773","1":"product","2":"type-product","3":"status-publish","4":"has-post-thumbnail","6":"product_cat-kitchen-cabinets","7":"product_cat-stolkar","9":"first","10":"instock","11":"purchasable","12":"product-type-simple"},"_links":{"self":[{"href":"https:\/\/baldumarket.lt\/lt\/wp-json\/wp\/v2\/product\/186773","targetHints":{"allow":["GET"]}}],"collection":[{"href":"https:\/\/baldumarket.lt\/lt\/wp-json\/wp\/v2\/product"}],"about":[{"href":"https:\/\/baldumarket.lt\/lt\/wp-json\/wp\/v2\/types\/product"}],"replies":[{"embeddable":true,"href":"https:\/\/baldumarket.lt\/lt\/wp-json\/wp\/v2\/comments?post=186773"}],"wp:featuredmedia":[{"embeddable":true,"href":"https:\/\/baldumarket.lt\/lt\/wp-json\/wp\/v2\/media\/186774"}],"wp:attachment":[{"href":"https:\/\/baldumarket.lt\/lt\/wp-json\/wp\/v2\/media?parent=186773"}],"wp:term":[{"taxonomy":"product_brand","embeddable":true,"href":"https:\/\/baldumarket.lt\/lt\/wp-json\/wp\/v2\/product_brand?post=186773"},{"taxonomy":"product_cat","embeddable":true,"href":"https:\/\/baldumarket.lt\/lt\/wp-json\/wp\/v2\/product_cat?post=186773"},{"taxonomy":"product_tag","embeddable":true,"href":"https:\/\/baldumarket.lt\/lt\/wp-json\/wp\/v2\/product_tag?post=186773"}],"curies":[{"name":"wp","href":"https:\/\/api.w.org\/{rel}","templated":true}]}}