{"id":186590,"date":"2025-12-22T19:26:14","date_gmt":"2025-12-22T16:26:14","guid":{"rendered":"https:\/\/baldumarket.lt\/product\/front-zmywarki-60-cm-panel-odkryty-elena-fz60po\/"},"modified":"2026-02-03T23:26:06","modified_gmt":"2026-02-03T20:26:06","slug":"front-zmywarki-60-cm-panel-odkryty-elena-fz60po","status":"publish","type":"product","link":"https:\/\/baldumarket.lt\/lt\/product\/front-zmywarki-60-cm-panel-odkryty-elena-fz60po\/","title":{"rendered":"Indaplov\u0117s priekin\u0117 60 cm atvira panel\u0117 Elena FZ60PO"},"content":{"rendered":"<p>\u201eElena\u201c virtuv\u0117 \u2013 tai ergonomi\u0161kas sienini\u0173 ir apatini\u0173 spinteli\u0173 komplektas. Komplekt\u0105 sudaro:<br \/>\nauk\u0161tos kokyb\u0117s fasadai i\u0161 laminuotos plok\u0161t\u0117s<br \/>\nerdvios spintel\u0117s<br \/>\nplastikin\u0117s rankenos<br \/>\nmetaliniai vyriai ir stal\u010diai<br \/>\nreguliuojamos kojel\u0117s<br \/>\nVirtuv\u0117s spalvos:<br \/>\nPRIEKIN\u0116JE DALYJE: ARTISAN OAK + JUOD\u0172J\u0172 \u017dIRNELI\u0172 \u012eD\u0116KLAI<br \/>\nKORPUSAS: BALTA (JUODAS KORPUSAS SPINTEL\u0116SE W80PD, WPO P\/L, WO20, DPO P\/L, DO20)<br \/>\nPjedestalas: juodas<br \/>\nDARBAVIR\u0160US: BE STALVIR\u0160IAUS<br \/>\nTAUR\u0116: SATINATO<br \/>\nRANKENA: JUODA DANGA<br \/>\nAPATINIS SPINTELI\u0172 LYGIS: 446 MM \u2013 MONTAVIMO KOJEL\u0116S<br \/>\nVYRIS: \u0160VELNUS U\u017dSIDARYMAS<br \/>\nSTAL\u010cIAI: \u0160VELNUS U\u017dSIDARYMAS \u2013 METALIN\u0116 D\u0116\u017dUT\u0116 + STABDYS<br \/>\nParametr\u0173 sistema:<br \/>\nModelio vardas: Elena<br \/>\nBald\u0173 sistema: Klasikin\u0117 linija<br \/>\nKorpuso spalva: balta ir juoda pasirinktuose korpusuose<br \/>\nVir\u0161utin\u0117s spintel\u0117s priekin\u0117s dalies spalva: Artisan Oak<br \/>\nApatin\u0117s spintel\u0117s priekin\u0117s dalies spalva: Artisan Oak\/Black Pea<br \/>\nCokolin\u0117s spalvos: juodieji \u017eirneliai<br \/>\nPriekin\u0117 med\u017eiaga: 16 mm laminuota plok\u0161t\u0117<br \/>\nKorpuso med\u017eiaga: 16 mm laminuota plok\u0161t\u0117<br \/>\nCokolin\u0117 med\u017eiaga: 16 mm laminuota plok\u0161t\u0117<br \/>\n\u012etrauktas stalvir\u0161is: Ne<br \/>\nRankenos: plastikin\u0117s<br \/>\n\u0160velnus u\u017edarymas: Taip<br \/>\nVir\u0161utini\u0173 spinteli\u0173 auk\u0161tis [mm]: 720<br \/>\nVir\u0161utini\u0173 spinteli\u0173 gylis be fasad\u0173 [mm]: 288<br \/>\nApatini\u0173 spinteli\u0173 auk\u0161tis [mm]: 820<br \/>\nApatini\u0173 spinteli\u0173 be fasad\u0173 gylis [mm]: 446<\/p>","protected":false},"excerpt":{"rendered":"<p>Virtuv\u0117s specifikacija \u2013 \u0161viesaus med\u017eio imitacijos fasadai | Virtuv\u0117s stilius \u2013 modernus | Matmenys: plotis [cm]&gt;59,6 auk\u0161tis [cm]&gt;57<\/p>","protected":false},"featured_media":186591,"comment_status":"open","ping_status":"open","template":"","meta":[],"product_brand":[],"product_cat":[1043,2822],"product_tag":[],"class_list":{"0":"post-186590","1":"product","2":"type-product","3":"status-publish","4":"has-post-thumbnail","6":"product_cat-extras","7":"product_cat-stolkar","9":"first","10":"instock","11":"purchasable","12":"product-type-simple"},"_links":{"self":[{"href":"https:\/\/baldumarket.lt\/lt\/wp-json\/wp\/v2\/product\/186590","targetHints":{"allow":["GET"]}}],"collection":[{"href":"https:\/\/baldumarket.lt\/lt\/wp-json\/wp\/v2\/product"}],"about":[{"href":"https:\/\/baldumarket.lt\/lt\/wp-json\/wp\/v2\/types\/product"}],"replies":[{"embeddable":true,"href":"https:\/\/baldumarket.lt\/lt\/wp-json\/wp\/v2\/comments?post=186590"}],"wp:featuredmedia":[{"embeddable":true,"href":"https:\/\/baldumarket.lt\/lt\/wp-json\/wp\/v2\/media\/186591"}],"wp:attachment":[{"href":"https:\/\/baldumarket.lt\/lt\/wp-json\/wp\/v2\/media?parent=186590"}],"wp:term":[{"taxonomy":"product_brand","embeddable":true,"href":"https:\/\/baldumarket.lt\/lt\/wp-json\/wp\/v2\/product_brand?post=186590"},{"taxonomy":"product_cat","embeddable":true,"href":"https:\/\/baldumarket.lt\/lt\/wp-json\/wp\/v2\/product_cat?post=186590"},{"taxonomy":"product_tag","embeddable":true,"href":"https:\/\/baldumarket.lt\/lt\/wp-json\/wp\/v2\/product_tag?post=186590"}],"curies":[{"name":"wp","href":"https:\/\/api.w.org\/{rel}","templated":true}]}}