{"id":186418,"date":"2025-12-22T19:22:09","date_gmt":"2025-12-22T16:22:09","guid":{"rendered":"https:\/\/baldumarket.lt\/product\/zestaw-kuchenny-kuchnia-260-cm-adele-granatowa\/"},"modified":"2026-02-03T23:26:07","modified_gmt":"2026-02-03T20:26:07","slug":"zestaw-kuchenny-kuchnia-260-cm-adele-granatowa","status":"publish","type":"product","link":"https:\/\/baldumarket.lt\/lt\/product\/zestaw-kuchenny-kuchnia-260-cm-adele-granatowa\/","title":{"rendered":"Virtuv\u0117s komplektas, virtuv\u0117 260 cm, Adele, tamsiai m\u0117lyna"},"content":{"rendered":"<p>260 cm \u201eAdele\u201c virtuv\u0117s komplektas yra \u201eTrend line\u201c virtuv\u0117s spintel\u0117, pasi\u017eyminti \u0161iomis specifikacijomis:<br \/>\nDizainas:<br \/>\nPriekin\u0117s dalys pagamintos i\u0161 19 mm storio MDF plok\u0161t\u0117s, padengtos matine PVC pl\u0117vele.<br \/>\nFasaduose n\u0117ra i\u0161 anksto i\u0161gr\u0119\u017et\u0173 skyli\u0173 rankenoms; jas reikia i\u0161gr\u0119\u017eti patiems (juose yra i\u0161 anksto i\u0161gr\u0119\u017etos skyl\u0117s, i\u0161d\u0117stytos 16 cm atstumu viena nuo kitos).<br \/>\nKorpusai pagaminti i\u0161 16 mm laminuotos plok\u0161t\u0117s.<br \/>\nSatinato stiklas.<br \/>\nRankenos gali b\u016bti pasirenkamos (spintel\u0117s nuotraukoje esan\u010dios ranken\u0117l\u0117s yra tik iliustracin\u0117s \u2013 \u017er. i\u0161 anksto paruo\u0161tus i\u0161d\u0117stymus ir parinktis).<br \/>\n10 cm reguliuojamo plo\u010dio tvirtinimo kojel\u0117s.<br \/>\nCokolin\u0117s dalys pjaustomos atskirai kiekvienai spintelei.<br \/>\nVyriai \u2013 \u0161velnaus u\u017edarymo sistema.<br \/>\nStal\u010diai \u2013 su \u0161velnaus u\u017edarymo sistema.<br \/>\nDujiniai keltuvai.<br \/>\nApatin\u0117s spintel\u0117s galimos be stalvir\u0161i\u0173.<br \/>\nSistemos specifikacijos:<br \/>\nModelio pavadinimas: ADELE<br \/>\nBald\u0173 sistema: TREND LINE<br \/>\nSpalvos \u2013 pasirinkite spalv\u0173 skirtuk\u0105 \u2013 spustel\u0117kite<br \/>\nPriekin\u0117 med\u017eiaga: 19 mm MDF folija<br \/>\nKorpuso med\u017eiaga: 16 mm laminuota plok\u0161t\u0117<br \/>\nStalvir\u0161is \u012fskai\u010diuotas: NE, PARDUODAMA ATSKIRAI<br \/>\nRankenos: NE, PARDUODAMOS ATSKIRAI<br \/>\n\u0160velnus u\u017edarymas: TAIP<br \/>\nVir\u0161utini\u0173 spinteli\u0173 auk\u0161tis [mm]: 360 \/ 720 \/ 880 \/ 920<br \/>\nVir\u0161utini\u0173 spinteli\u0173 gylis be fasad\u0173 [mm]: 300 \/ 560<br \/>\nApatini\u0173 spinteli\u0173 auk\u0161tis [mm]: 820<br \/>\nApatini\u0173 spinteli\u0173 be fasad\u0173 gylis [mm]: 524<br \/>\nAtram\u0173 auk\u0161tis [mm]: 2133 \/ 2183<br \/>\nAtram\u0173 gylis be fasad\u0173 [mm]: 560<br \/>\nVirtuv\u0117s spalvos (galimos i\u0161 pasirinkim\u0173):<br \/>\nPRIEKIN\u0116 PUS\u0116: MDF FOLIJOS R\u0116MAS<br \/>\nSPALVA: MATIN\u0116 BALTA, JUODOJI \u017dIRNELIAI, MATIN\u0116 TAMSI M\u0116LYNA, MATIN\u0116 KREMIN\u0116, MATIN\u0116 SM\u0116LIO SPALVA, MATIN\u0116 \u017dALIA, MATIN\u0116 \u0160VIESIAI PILKA, MATIN\u0116 TOSKANO RAUDONA, MATIN\u0116 MOKA PILKA, MATIN\u0116 ALYVUOGI\u0172 SPALVA, MATIN\u0116 PILKA, PASIRINKTA RIE\u0160UTMEDIS, LONDONO \u0104\u017dUOLAS, HALIFAKSO \u0104\u017dUOLAS, \u0104\u017dUOLAS, \u0160VIESUS TAIGOS \u0104\u017dUOLAS<br \/>\nK\u016aNAS: BALTA, GRAFITO arba ARTISAN<br \/>\nTAUR\u0116: SATINATO<br \/>\nRANKENA: BE RANKENOS<br \/>\nAPATINIS SPINTELI\u0172 ATSTOVIS: 524 mm \u2013 MONTAVIMO KOJEL\u0116S<br \/>\nSTAL\u010cIAI: \u0160VELNIAI U\u017dSIDARO<br \/>\nVYRIS: \u0160VELNUS U\u017dSIDARYMAS<br \/>\nVirtuv\u0117s spalvos (galimos i\u0161 pasirinkim\u0173):<br \/>\nPriekin\u0117s dalys \u2013 matin\u0117 tamsiai m\u0117lyna<br \/>\nKorpusas ir pagrindas \u2013 balta matin\u0117 apdaila<br \/>\nVirtuv\u0117s komplektas su \u0161lifuoto nikelio ranken\u0117l\u0117mis arba be j\u0173 \u2013 teiraukit\u0117s d\u0117l variant\u0173.<br \/>\nKomplekt\u0105 sudaro \u0161ios spintel\u0117s:<br \/>\nApa\u010dia:<br \/>\n80 cm spintel\u0117 G80 \u2013 80\/82\/52,4 P\/A\/G<br \/>\n40 cm spintel\u0117 su stal\u010diais D40S\/3 \u2013 40\/82\/52,4 P\/A\/G<br \/>\nApatin\u0117 spintel\u0117 80 cm kriauklei D80ZL \u2013 80\/82\/52,4 P\/A\/G<br \/>\nApatin\u0117 spintel\u0117 60 cm G60 R\/K \u2013 60\/82\/52,5 P\/A\/G<br \/>\nVir\u0161uje:<br \/>\n80 cm pakabinama spintel\u0117 WS80 \u2013 80\/72\/30 P\/A\/G<br \/>\n40 cm pakabinama spintel\u0117 P40 R\/K \u2013 40\/72\/30 P\/A\/G<br \/>\nPakabinama spintel\u0117 80 cm, W80SU ALU d\u017eiovykl\u0117 \u2013 80\/72\/30 P\/A\/G<br \/>\nPakabinama spintel\u0117 60 cm, P60 D\/K \u2013 60\/72\/30 P\/A\/G<br \/>\n\u00a0<br \/>\n\u012e kain\u0105 \u012fskai\u010diuoti i\u0161ilgai spinteli\u0173 nupjauti cokoliai.<br \/>\n\u00a0<\/p>","protected":false},"excerpt":{"rendered":"<p>Virtuv\u0117s stilius \u2013 modernus | Fasado tipas: Laminuota plok\u0161t\u0117 \/ MDF \/ Lakuota MDF plok\u0161t\u0117, 19 mm storio, padengta PVC folija | Matmenys: gylis [cm]&gt;30; vir\u0161utinis gylis be stalvir\u0161io [cm]&gt;52,4; gylis su stalvir\u0161iu [cm]&gt;60; plotis [cm]&gt;260; auk\u0161tis [cm]&gt;72; vir\u0161utinis auk\u0161tis be stalvir\u0161io [cm]&gt;82<\/p>","protected":false},"featured_media":186419,"comment_status":"open","ping_status":"open","template":"","meta":[],"product_brand":[],"product_cat":[1932,2822],"product_tag":[],"class_list":{"0":"post-186418","1":"product","2":"type-product","3":"status-publish","4":"has-post-thumbnail","6":"product_cat-kitchen-sets","7":"product_cat-stolkar","9":"first","10":"instock","11":"purchasable","12":"product-type-simple"},"_links":{"self":[{"href":"https:\/\/baldumarket.lt\/lt\/wp-json\/wp\/v2\/product\/186418","targetHints":{"allow":["GET"]}}],"collection":[{"href":"https:\/\/baldumarket.lt\/lt\/wp-json\/wp\/v2\/product"}],"about":[{"href":"https:\/\/baldumarket.lt\/lt\/wp-json\/wp\/v2\/types\/product"}],"replies":[{"embeddable":true,"href":"https:\/\/baldumarket.lt\/lt\/wp-json\/wp\/v2\/comments?post=186418"}],"wp:featuredmedia":[{"embeddable":true,"href":"https:\/\/baldumarket.lt\/lt\/wp-json\/wp\/v2\/media\/186419"}],"wp:attachment":[{"href":"https:\/\/baldumarket.lt\/lt\/wp-json\/wp\/v2\/media?parent=186418"}],"wp:term":[{"taxonomy":"product_brand","embeddable":true,"href":"https:\/\/baldumarket.lt\/lt\/wp-json\/wp\/v2\/product_brand?post=186418"},{"taxonomy":"product_cat","embeddable":true,"href":"https:\/\/baldumarket.lt\/lt\/wp-json\/wp\/v2\/product_cat?post=186418"},{"taxonomy":"product_tag","embeddable":true,"href":"https:\/\/baldumarket.lt\/lt\/wp-json\/wp\/v2\/product_tag?post=186418"}],"curies":[{"name":"wp","href":"https:\/\/api.w.org\/{rel}","templated":true}]}}