{"id":186410,"date":"2025-12-22T19:21:57","date_gmt":"2025-12-22T16:21:57","guid":{"rendered":"https:\/\/baldumarket.lt\/product\/zestaw-kuchenny-kuchnia-180-240-cm-bono\/"},"modified":"2026-02-03T23:26:07","modified_gmt":"2026-02-03T20:26:07","slug":"zestaw-kuchenny-kuchnia-180-240-cm-bono","status":"publish","type":"product","link":"https:\/\/baldumarket.lt\/lt\/product\/zestaw-kuchenny-kuchnia-180-240-cm-bono\/","title":{"rendered":"Virtuv\u0117s komplektas, virtuv\u0117 180-240 cm Bono"},"content":{"rendered":"<p>\u201eBono\u201c virtuv\u0117s komplektas yra \u201eTrend\u201c linijos virtuv\u0117s bald\u0173 komplekto spintel\u0117, pasi\u017eyminti \u0161iomis specifikacijomis:<br \/>\nDizainas:<br \/>\nPriekin\u0117s dalys pagamintos i\u0161 18 mm storio laminuotos plok\u0161t\u0117s<br \/>\nPriekin\u0117se dalyse n\u0117ra i\u0161 anksto i\u0161gr\u0119\u017et\u0173 skyli\u0173 rankenoms; jas reikia i\u0161gr\u0119\u017eti patiems (jose yra i\u0161 anksto i\u0161gr\u0119\u017etos skyl\u0117s, i\u0161d\u0117stytos 16 cm atstumu viena nuo kitos).<br \/>\nKorpusai pagaminti i\u0161 16 mm laminuotos plok\u0161t\u0117s<br \/>\nSatinato stiklas<br \/>\nRankenos yra<br \/>\nReguliuojamos tvirtinimo kojel\u0117s, 10 cm auk\u0161\u010dio<br \/>\nCokolis pjaunamas atskirai kiekvienai spintelei<br \/>\nVyriai \u2013 \u0161velnaus u\u017edarymo sistema<br \/>\nStal\u010diai \u2013 \u0161velnaus u\u017edarymo sistema<br \/>\nDujiniai keltuvai<br \/>\nApatin\u0117s spintel\u0117s galimos be stalvir\u0161i\u0173<br \/>\nSistemos specifikacijos:<br \/>\nModelio pavadinimas: BONO<br \/>\nBald\u0173 sistema: TREND LINE<br \/>\nSpalvos \u2013 spustel\u0117kite skirtuk\u0105 \u201cPasirinkti spalv\u0105\u201d<br \/>\nPriekin\u0117 med\u017eiaga: 18 mm laminuota plok\u0161t\u0117<br \/>\nKorpuso med\u017eiaga: 16 mm laminuota plok\u0161t\u0117<br \/>\nStalvir\u0161is \u012fskai\u010diuotas: NE, PARDUODAMA ATSKIRAI<br \/>\nRankenos: NE, PARDUODAMOS ATSKIRAI<br \/>\n\u0160velnus u\u017edarymas: TAIP<br \/>\nVir\u0161utin\u0117s spintel\u0117s auk\u0161tis [mm]: 360 \/ 720 \/ 880 \/ 920<br \/>\nVir\u0161utin\u0117s spintel\u0117s gylis be fasad\u0173 [mm]: 300 \/ 560<br \/>\nApatin\u0117s spintel\u0117s auk\u0161tis [mm]: 820<br \/>\nApatin\u0117s spintel\u0117s gylis be fasad\u0173 [mm]: 524<br \/>\nStulpo auk\u0161tis [mm]: 2133 \/ 2183<br \/>\nStulpo gylis be fasad\u0173 [mm]: 560<br \/>\nVirtuv\u0117s spalvos (galimos i\u0161 pasirinkim\u0173):<br \/>\nPRIEKIN\u0116 PUS\u0116: LAMINUOTA LENTA<br \/>\nSPALVA: BALTA ALASKA \/ KA\u0160MYRO \/ M\u0116T\u0172 \/ GRAFITO PILKA \/ \u0104\u017dUOLAS NEBRASKA \/ \u0104\u017dUOLAS LANCELOT \/ AUKSINIS \u0104\u017dUOLAS \/ \u0104\u017dUOLAS ARTISAN \/ NAT\u016aRALUS \u0104\u017dUOLAS HICKORY<br \/>\nK\u016aNAS: BALTA, PILKA arba AMATININK\u0172<br \/>\nTAUR\u0116: SATINATO<br \/>\nRANKENA: BE RANKENOS<br \/>\nAPA\u010cIN\u0116S SPINTEL\u0116S: 524 mm \u2013 MONTAVIMO KOJEL\u0116S<br \/>\nSTAL\u010cIAI: \u0160VELNIAI U\u017dSIDARO<br \/>\nVYRIS: \u0160VELNUS U\u017dSIDARYMAS<br \/>\n\u00a0<br \/>\nKomplekt\u0105 sudaro \u0161ios spintel\u0117s:<br \/>\nApa\u010dia:<br \/>\n80 cm spintel\u0117 su kriaukle D80ZL \u2013 80\/82\/52,4 cm plo\u010dio\/auk\u0161tio\/gylio<br \/>\n60 cm spintel\u0117 D60 R\/L \u2013 60\/82\/52,4 cm plo\u010dio\/auk\u0161tio\/gylio<br \/>\n40 cm spintel\u0117 su stal\u010diais D40S\/3 \u2013 plotis\/auk\u0161tis\/gylis 40\/82\/52,4 cm (P\/A\/G)<br \/>\nVir\u0161uje:<br \/>\n80 cm spintel\u0117 su vitrina WS80 \u2013 80\/72\/30 P\/A\/G<br \/>\n60 cm spintel\u0117 su vitrina P60 D\/K \u2013 60\/72\/30 P\/A\/G<br \/>\n60 cm spintel\u0117 su gartraukiu W60OKGR \u2013 60\/36\/30 P\/A\/G<br \/>\n40 cm spintel\u0117 su vitrina P40 D\/K \u2013 40\/72\/30 P\/A\/G<br \/>\n\u00a0<br \/>\nI\u0161 spinteli\u0173 i\u0161pjauti cokoliai \u012fskai\u010diuoti \u012f kain\u0105.<br \/>\n\u00a0<\/p>","protected":false},"excerpt":{"rendered":"<p>Virtuv\u0117s specifikacija \u2013 Sonoma \u0105\u017euolas | Virtuv\u0117s stilius \u2013 modernus | Matmenys: gylis [cm]&gt;30 vir\u0161utinio pavir\u0161iaus gylis be stalvir\u0161io [cm]&gt;52,4 gylis su stalvir\u0161iu [cm]&gt;60 plotis [cm]&gt;180\u2013240 auk\u0161tis [cm]&gt;72 vir\u0161utinio pavir\u0161iaus auk\u0161tis be stalvir\u0161io [cm]&gt;82<\/p>","protected":false},"featured_media":186411,"comment_status":"open","ping_status":"open","template":"","meta":[],"product_brand":[],"product_cat":[1932,2822],"product_tag":[],"class_list":{"0":"post-186410","1":"product","2":"type-product","3":"status-publish","4":"has-post-thumbnail","6":"product_cat-kitchen-sets","7":"product_cat-stolkar","9":"first","10":"instock","11":"purchasable","12":"product-type-simple"},"_links":{"self":[{"href":"https:\/\/baldumarket.lt\/lt\/wp-json\/wp\/v2\/product\/186410","targetHints":{"allow":["GET"]}}],"collection":[{"href":"https:\/\/baldumarket.lt\/lt\/wp-json\/wp\/v2\/product"}],"about":[{"href":"https:\/\/baldumarket.lt\/lt\/wp-json\/wp\/v2\/types\/product"}],"replies":[{"embeddable":true,"href":"https:\/\/baldumarket.lt\/lt\/wp-json\/wp\/v2\/comments?post=186410"}],"wp:featuredmedia":[{"embeddable":true,"href":"https:\/\/baldumarket.lt\/lt\/wp-json\/wp\/v2\/media\/186411"}],"wp:attachment":[{"href":"https:\/\/baldumarket.lt\/lt\/wp-json\/wp\/v2\/media?parent=186410"}],"wp:term":[{"taxonomy":"product_brand","embeddable":true,"href":"https:\/\/baldumarket.lt\/lt\/wp-json\/wp\/v2\/product_brand?post=186410"},{"taxonomy":"product_cat","embeddable":true,"href":"https:\/\/baldumarket.lt\/lt\/wp-json\/wp\/v2\/product_cat?post=186410"},{"taxonomy":"product_tag","embeddable":true,"href":"https:\/\/baldumarket.lt\/lt\/wp-json\/wp\/v2\/product_tag?post=186410"}],"curies":[{"name":"wp","href":"https:\/\/api.w.org\/{rel}","templated":true}]}}