{"id":186347,"date":"2025-12-22T19:20:33","date_gmt":"2025-12-22T16:20:33","guid":{"rendered":"https:\/\/baldumarket.lt\/product\/blat-czarna-skala-do-kuchni-producenta-027-grubosc-28-mm-dlugosc-410-cm\/"},"modified":"2026-02-03T23:26:08","modified_gmt":"2026-02-03T20:26:08","slug":"blat-czarna-skala-do-kuchni-producenta-027-grubosc-28-mm-dlugosc-410-cm","status":"publish","type":"product","link":"https:\/\/baldumarket.lt\/lt\/product\/blat-czarna-skala-do-kuchni-producenta-027-grubosc-28-mm-dlugosc-410-cm\/","title":{"rendered":"Juodo akmens virtuv\u0117s stalvir\u0161is, gamintojas 027, storis 28 mm, ilgis 410 cm"},"content":{"rendered":"<p>Virtuv\u0117s stalvir\u0161is i\u0161 gamintojo 027, 28 mm storio, galima \u012fsigyti \u0161i\u0173 spalv\u0173:<br \/>\n\u201eBlack Rock D107\u201c, 28 mm storio<br \/>\n\u00a0<br \/>\nGalimyb\u0117 \u012fsigyti tik vis\u0105 410 cm ilg\u012f.<br \/>\n\u012e kain\u0105 \u012fskai\u010diuoti 3 pj\u016bviai + PVC kra\u0161t\u0173 apklijavimas.<br \/>\nPagrindinis stalvir\u0161is supakuotas \u012f pad\u0117kl\u0105 + stalvir\u0161io d\u0117\u017e\u0119, atliekos ne\u012fskai\u010diuotos!<br \/>\n\u00a0<br \/>\nD\u0117l siuntimo \u012fmon\u0117s apribojim\u0173, did\u017eiausias stalvir\u0161io dydis, kur\u012f galime si\u0173sti, yra 275 x 60 cm.<br \/>\nPavyzdys:<br \/>\nU\u017e nurodyt\u0105 kain\u0105 perkate 410 cm stalvir\u0161\u012f. Galite j\u012f u\u017esisakyti dalimis:<br \/>\n275 cm (did\u017eiausias vienos dalies ilgis) + 50 cm + 60 cm (275 + 50 + 60 = 385 cm) \u2013 visos trys dalys bus nupjautos iki nurodyto ilgio ir apjuostos kair\u0117je ir de\u0161in\u0117je pus\u0117se.<br \/>\nTaip pat gausite 25 cm stalvir\u0161io atliek\u0173, i\u0161pakuot\u0173 ir nesupakuot\u0173.<br \/>\n2 pavyzdys:<br \/>\nJei jums reikia 150 cm ilgio stalvir\u0161io, gausite j\u012f faneruot\u0105, o 260 cm ilgio atliek\u0173 gabal\u0105 \u2013 nefaneruot\u0105 ir nesupakuot\u0105.<br \/>\nStalvir\u0161is pristatomas nemokamai, jei spinteli\u0173 ar virtuvi\u0173 u\u017esakymo suma vir\u0161ija 3 500 PLN. U\u017esakymams, ma\u017eesniems nei \u0161i suma arba didesniems nei 275 cm, pristatymas kainuoja 549 PLN.<br \/>\nPASTABA \u2013 U\u017esakymo pastabose nurodykite reikiam\u0105 stalvir\u0161i\u0173 ilg\u012f.<br \/>\nStalvir\u0161is gali b\u016bti i\u0161si\u0173stas tik u\u017esakant virtuves ar virtuv\u0117s spinteles i\u0161 gamintojo 027.<\/p>","protected":false},"excerpt":{"rendered":"<p>Matmenys: gylis [cm]&gt;60 auk\u0161tis [cm]&gt;2,8<\/p>","protected":false},"featured_media":186348,"comment_status":"open","ping_status":"open","template":"","meta":[],"product_brand":[],"product_cat":[1043,2822],"product_tag":[],"class_list":{"0":"post-186347","1":"product","2":"type-product","3":"status-publish","4":"has-post-thumbnail","6":"product_cat-extras","7":"product_cat-stolkar","9":"first","10":"instock","11":"purchasable","12":"product-type-simple"},"_links":{"self":[{"href":"https:\/\/baldumarket.lt\/lt\/wp-json\/wp\/v2\/product\/186347","targetHints":{"allow":["GET"]}}],"collection":[{"href":"https:\/\/baldumarket.lt\/lt\/wp-json\/wp\/v2\/product"}],"about":[{"href":"https:\/\/baldumarket.lt\/lt\/wp-json\/wp\/v2\/types\/product"}],"replies":[{"embeddable":true,"href":"https:\/\/baldumarket.lt\/lt\/wp-json\/wp\/v2\/comments?post=186347"}],"wp:featuredmedia":[{"embeddable":true,"href":"https:\/\/baldumarket.lt\/lt\/wp-json\/wp\/v2\/media\/186348"}],"wp:attachment":[{"href":"https:\/\/baldumarket.lt\/lt\/wp-json\/wp\/v2\/media?parent=186347"}],"wp:term":[{"taxonomy":"product_brand","embeddable":true,"href":"https:\/\/baldumarket.lt\/lt\/wp-json\/wp\/v2\/product_brand?post=186347"},{"taxonomy":"product_cat","embeddable":true,"href":"https:\/\/baldumarket.lt\/lt\/wp-json\/wp\/v2\/product_cat?post=186347"},{"taxonomy":"product_tag","embeddable":true,"href":"https:\/\/baldumarket.lt\/lt\/wp-json\/wp\/v2\/product_tag?post=186347"}],"curies":[{"name":"wp","href":"https:\/\/api.w.org\/{rel}","templated":true}]}}