{"id":186267,"date":"2025-12-22T19:18:44","date_gmt":"2025-12-22T16:18:44","guid":{"rendered":"https:\/\/baldumarket.lt\/product\/panel-boczny-szafki-wiszacej-niskiej-36x304-oscar\/"},"modified":"2026-02-03T23:26:09","modified_gmt":"2026-02-03T20:26:09","slug":"panel-boczny-szafki-wiszacej-niskiej-36x304-oscar","status":"publish","type":"product","link":"https:\/\/baldumarket.lt\/lt\/product\/panel-boczny-szafki-wiszacej-niskiej-36x304-oscar\/","title":{"rendered":"\u017demos pakabinamos spintel\u0117s 36\u00d730,4 Oscar \u0161onin\u0117 sienel\u0117"},"content":{"rendered":"<p>\u017demai montuojamos 36 \u00d7 30,4 cm dyd\u017eio pakabinamos spintel\u0117s \u201eOscar\u201c \u0161onin\u0117 sienel\u0117 yra \u201eTrend line\u201c virtuv\u0117s bald\u0173 komplekto dalis, kurios specifikacijos:<br \/>\nDizainas:<br \/>\nPriekin\u0117s dalys pagamintos i\u0161 17 mm storio blizgios PET laminuotos plok\u0161t\u0117s, padengtos PVC folija.<br \/>\nKorpusai pagaminti i\u0161 16 mm laminuotos plok\u0161t\u0117s<br \/>\nSatinato stiklas<br \/>\nJuodos arba auksin\u0117s metalin\u0117s rankenos su 16 cm tarpu viena nuo kitos UZ 819\/160 \u2013 galima \u012fsigyti kaip papildom\u0105 variant\u0105<br \/>\nGalima u\u017esisakyti be ranken\u0173; tokiu atveju priekin\u0117je dalyje n\u0117ra i\u0161 anksto i\u0161gr\u0119\u017et\u0173 skyli\u0173 rankenai; jas turite pasigaminti patys (jos turi i\u0161 anksto i\u0161gr\u0119\u017etas skyles, tarp kuri\u0173 yra 16 cm tarpai).<br \/>\n10 cm auk\u0161\u010dio reguliuojamo auk\u0161\u010dio tvirtinimo kojel\u0117s<br \/>\nCokolin\u0117s dalys pjaustomos kiekvienai spintelei atskirai<br \/>\nVyriai \u2013 \u0161velnaus u\u017edarymo sistema<br \/>\nStal\u010diai \u2013 \u0161velnaus u\u017edarymo sistema<br \/>\nDujiniai keltuvai<br \/>\nApatin\u0117s spintel\u0117s galimos be stalvir\u0161i\u0173<br \/>\nSistemos specifikacijos:<br \/>\nModelio pavadinimas: OSCAR<br \/>\nBald\u0173 sistema: TREND LINE<br \/>\nKorpuso spalva: BALTA arba GRAFITO PILKA<br \/>\nVir\u0161utini\u0173 spinteli\u0173 fasad\u0173 spalva: BALTA BLIZG\u0116 \/ KA\u0160MYRO BLIZG\u0116<br \/>\nApatini\u0173 spinteli\u0173 fasad\u0173 spalva: BALTA BLIZG\u0116 \/ KA\u0160MYRO BLIZG\u0116<br \/>\nPriekin\u0117 med\u017eiaga: 18 mm akrilinis MDF<br \/>\nKorpuso med\u017eiaga: 16 mm laminuota plok\u0161t\u0117<br \/>\nStalvir\u0161is \u012fskai\u010diuotas: NE, PARDUODAMA ATSKIRAI<br \/>\nRankenos: NE, PARDUODAMOS ATSKIRAI<br \/>\n\u0160velnus u\u017edarymas: TAIP<br \/>\nVir\u0161utini\u0173 spinteli\u0173 auk\u0161tis [mm]: 360 \/ 720 \/ 880 \/ 920<br \/>\nVir\u0161utini\u0173 spinteli\u0173 gylis be fasad\u0173 [mm]: 300 \/ 560<br \/>\nApatini\u0173 spinteli\u0173 auk\u0161tis [mm]: 820<br \/>\nApatini\u0173 spinteli\u0173 gylis be fasad\u0173 [mm]: 524<br \/>\nStulpo auk\u0161tis [mm]: 2133 \/ 2183<br \/>\nStulpo gylis be fasad\u0173 [mm]: 560<br \/>\nVirtuv\u0117s spalvos (galimos i\u0161 pasirinkim\u0173):<br \/>\nPRIEKIN\u0116 PUS\u0116: FORNERLUX BLIZGI LAMINUOTA LENTA<br \/>\nSPALVA: BALTA BLIZG\u0116T\u0116 arba KA\u0160MYRO BLIZG\u0116T\u0116<br \/>\nKORPUSAS: BALTA arba GRAFITO<br \/>\nTAUR\u0116: SATINATO<br \/>\nRANKENA: BE RANKENOS<br \/>\nAPA\u010cIN\u0116S SPINTEL\u0116S: 524 mm \u2013 MONTAVIMO KOJEL\u0116S<br \/>\nSTAL\u010cIAI: TYLUS U\u017dSIDARYMAS<br \/>\nVYRIS: TYLUS U\u017dSIDARYMAS<\/p>","protected":false},"excerpt":{"rendered":"<p>Virtuv\u0117s specifikacija \u2013 balta, pilkai blizgi | Virtuv\u0117s stilius \u2013 modernus | Matmenys: plotis [cm]&gt;30,4, auk\u0161tis [cm]&gt;36<\/p>","protected":false},"featured_media":186268,"comment_status":"open","ping_status":"open","template":"","meta":[],"product_brand":[],"product_cat":[1043,2822],"product_tag":[],"class_list":{"0":"post-186267","1":"product","2":"type-product","3":"status-publish","4":"has-post-thumbnail","6":"product_cat-extras","7":"product_cat-stolkar","9":"first","10":"instock","11":"purchasable","12":"product-type-simple"},"_links":{"self":[{"href":"https:\/\/baldumarket.lt\/lt\/wp-json\/wp\/v2\/product\/186267","targetHints":{"allow":["GET"]}}],"collection":[{"href":"https:\/\/baldumarket.lt\/lt\/wp-json\/wp\/v2\/product"}],"about":[{"href":"https:\/\/baldumarket.lt\/lt\/wp-json\/wp\/v2\/types\/product"}],"replies":[{"embeddable":true,"href":"https:\/\/baldumarket.lt\/lt\/wp-json\/wp\/v2\/comments?post=186267"}],"wp:featuredmedia":[{"embeddable":true,"href":"https:\/\/baldumarket.lt\/lt\/wp-json\/wp\/v2\/media\/186268"}],"wp:attachment":[{"href":"https:\/\/baldumarket.lt\/lt\/wp-json\/wp\/v2\/media?parent=186267"}],"wp:term":[{"taxonomy":"product_brand","embeddable":true,"href":"https:\/\/baldumarket.lt\/lt\/wp-json\/wp\/v2\/product_brand?post=186267"},{"taxonomy":"product_cat","embeddable":true,"href":"https:\/\/baldumarket.lt\/lt\/wp-json\/wp\/v2\/product_cat?post=186267"},{"taxonomy":"product_tag","embeddable":true,"href":"https:\/\/baldumarket.lt\/lt\/wp-json\/wp\/v2\/product_tag?post=186267"}],"curies":[{"name":"wp","href":"https:\/\/api.w.org\/{rel}","templated":true}]}}