{"id":185955,"date":"2025-12-22T19:11:11","date_gmt":"2025-12-22T16:11:11","guid":{"rendered":"https:\/\/baldumarket.lt\/product\/szafka-dolna-80-cm-zlew-d80zl-oscar\/"},"modified":"2026-02-03T23:26:12","modified_gmt":"2026-02-03T20:26:12","slug":"szafka-dolna-80-cm-zlew-d80zl-oscar","status":"publish","type":"product","link":"https:\/\/baldumarket.lt\/lt\/product\/szafka-dolna-80-cm-zlew-d80zl-oscar\/","title":{"rendered":"Apatin\u0117 spintel\u0117 80 cm kriauklei D80ZL Oscar"},"content":{"rendered":"<p>80 cm apatin\u0117 spintel\u0117 su D80ZL Oscar kriaukle be stalvir\u0161io \u2013 \u0161i spintel\u0117 priklauso \u201eTrend line\u201c virtuv\u0117s bald\u0173 komplektui, kurio specifikacijos:<br \/>\nDizainas:<br \/>\nPriekin\u0117s dalys pagamintos i\u0161 17 mm storio PET laminuotos plok\u0161t\u0117s, padengtos PVC folija<br \/>\nKorpusas: 16 mm laminuota plok\u0161t\u0117<br \/>\nSatinato stiklas<br \/>\nJuodos arba auksin\u0117s metalin\u0117s rankenos su 16 cm tarpu viena nuo kitos UZ 819\/160 \u2013 galima \u012fsigyti kaip papildom\u0105 variant\u0105<br \/>\nGalima u\u017esisakyti be ranken\u0173; tokiu atveju priekin\u0117je dalyje n\u0117ra i\u0161 anksto i\u0161gr\u0119\u017et\u0173 skyli\u0173 rankenai; jas turite pasigaminti patys (jos turi i\u0161 anksto i\u0161gr\u0119\u017etas skyles, tarp kuri\u0173 yra 16 cm tarpai).<br \/>\n10 cm auk\u0161\u010dio reguliuojamo auk\u0161\u010dio tvirtinimo kojel\u0117s<br \/>\nCokolis pjaunamas atskirai kiekvienai spintelei<br \/>\nVyriai \u2013 \u0161velnaus u\u017edarymo sistema<br \/>\nStal\u010diai \u2013 \u0161velnaus u\u017edarymo sistema<br \/>\nDujiniai keltuvai<br \/>\nApatin\u0117s spintel\u0117s galimos be stalvir\u0161i\u0173<br \/>\nParametr\u0173 sistema:<br \/>\nModelio pavadinimas: OSCAR<br \/>\nBald\u0173 sistema: TREND LINE<br \/>\nKorpuso spalva: BALTA arba GRAFITO PILKA<br \/>\nVir\u0161utini\u0173 spinteli\u0173 fasad\u0173 spalva: BALTA BLIZG\u0116 \/ KA\u0160MYRO BLIZG\u0116<br \/>\nApatini\u0173 spinteli\u0173 fasad\u0173 spalva: BALTA BLIZG\u0116 \/ KA\u0160MYRO BLIZG\u0116<br \/>\nPriekin\u0117 med\u017eiaga: 18 mm akrilinis MDF<br \/>\nKorpuso med\u017eiaga: 16 mm laminuota plok\u0161t\u0117<br \/>\nStalvir\u0161is \u012fskai\u010diuotas: NE, PARDUODAMA ATSKIRAI<br \/>\nRankenos: NE, PARDUODAMOS ATSKIRAI<br \/>\n\u0160velnus u\u017edarymas: TAIP<br \/>\nVir\u0161utini\u0173 spinteli\u0173 auk\u0161tis [mm]: 360 \/ 720 \/ 880 \/ 920<br \/>\nVir\u0161utini\u0173 spinteli\u0173 gylis be fasad\u0173 [mm]: 300 \/ 560<br \/>\nApatini\u0173 spinteli\u0173 auk\u0161tis [mm]: 820<br \/>\nApatini\u0173 spinteli\u0173 be fasad\u0173 gylis [mm]: 524<br \/>\nAtram\u0173 auk\u0161tis [mm]: 2133 \/ 2183<br \/>\nApatini\u0173 spinteli\u0173 be fasad\u0173 gylis [mm]: 560<br \/>\nVirtuv\u0117s spalvos (galimos i\u0161 pasirinkim\u0173):<br \/>\nPRIEKIN\u0116 PUS\u0116: FORNERLUX LAMINUOTA LENTA, BLIZGI<br \/>\nSPALVA: BALTA BLIZG\u0116 arba KA\u0160MYRO BLIZG\u0116<br \/>\nKORPUSAS: BALTA arba GRAFITO<br \/>\nTAUR\u0116: SATINATO<br \/>\nRANKENA: BE RANKENOS<br \/>\nAPA\u010cIN\u0116S SPINTEL\u0116S: 524 mm \u2013 MONTAVIMO KOJEL\u0116S<br \/>\nSTAL\u010cIAI: TYLUS U\u017dSIDARYMAS<br \/>\nVYRIS: TYLUS U\u017dSIDARYMAS<\/p>","protected":false},"excerpt":{"rendered":"<p>Virtuv\u0117s specifikacija \u2013 balta, pilkai blizgi | Virtuv\u0117s stilius \u2013 modernus | Matmenys: gylis be stalvir\u0161io [cm]&gt;52,4 gylis su stalvir\u0161iu [cm]&gt;60 plotis [cm]&gt;80 auk\u0161tis be stalvir\u0161io [cm]&gt;82<\/p>","protected":false},"featured_media":185956,"comment_status":"open","ping_status":"open","template":"","meta":[],"product_brand":[],"product_cat":[9118,2822],"product_tag":[],"class_list":{"0":"post-185955","1":"product","2":"type-product","3":"status-publish","4":"has-post-thumbnail","6":"product_cat-kitchen-cabinets","7":"product_cat-stolkar","9":"first","10":"instock","11":"purchasable","12":"product-type-simple"},"_links":{"self":[{"href":"https:\/\/baldumarket.lt\/lt\/wp-json\/wp\/v2\/product\/185955","targetHints":{"allow":["GET"]}}],"collection":[{"href":"https:\/\/baldumarket.lt\/lt\/wp-json\/wp\/v2\/product"}],"about":[{"href":"https:\/\/baldumarket.lt\/lt\/wp-json\/wp\/v2\/types\/product"}],"replies":[{"embeddable":true,"href":"https:\/\/baldumarket.lt\/lt\/wp-json\/wp\/v2\/comments?post=185955"}],"wp:featuredmedia":[{"embeddable":true,"href":"https:\/\/baldumarket.lt\/lt\/wp-json\/wp\/v2\/media\/185956"}],"wp:attachment":[{"href":"https:\/\/baldumarket.lt\/lt\/wp-json\/wp\/v2\/media?parent=185955"}],"wp:term":[{"taxonomy":"product_brand","embeddable":true,"href":"https:\/\/baldumarket.lt\/lt\/wp-json\/wp\/v2\/product_brand?post=185955"},{"taxonomy":"product_cat","embeddable":true,"href":"https:\/\/baldumarket.lt\/lt\/wp-json\/wp\/v2\/product_cat?post=185955"},{"taxonomy":"product_tag","embeddable":true,"href":"https:\/\/baldumarket.lt\/lt\/wp-json\/wp\/v2\/product_tag?post=185955"}],"curies":[{"name":"wp","href":"https:\/\/api.w.org\/{rel}","templated":true}]}}