{"id":185924,"date":"2025-12-22T19:10:26","date_gmt":"2025-12-22T16:10:26","guid":{"rendered":"https:\/\/baldumarket.lt\/product\/panel-boczny-szafki-wiszacej-wysokiej-niskiej-108x304-zoya\/"},"modified":"2026-02-03T23:26:12","modified_gmt":"2026-02-03T20:26:12","slug":"panel-boczny-szafki-wiszacej-wysokiej-niskiej-108x304-zoya","status":"publish","type":"product","link":"https:\/\/baldumarket.lt\/lt\/product\/panel-boczny-szafki-wiszacej-wysokiej-niskiej-108x304-zoya\/","title":{"rendered":"\u0160onin\u0117 sienin\u0117 spintel\u0117 auk\u0161tai ir \u017eemai 108\u00d730.4 Zoya"},"content":{"rendered":"<p>Zoya 108\u00d730,4 auk\u0161tos ir \u017eemos sienin\u0117s spintel\u0117s \u0161onin\u0117 panel\u0117 yra \u201eTrend line\u201c virtuv\u0117s bald\u0173 komplekto dalis, kurios specifikacijos yra \u0161ios:<br \/>\nDizainas:<br \/>\nPriekin\u0117s dalys pagamintos i\u0161 19 mm storio MDF plok\u0161t\u0117s, padengtos PVC folija, kuri gali b\u016bti matin\u0117s spalvos.<br \/>\nKorpusai pagaminti i\u0161 16 mm laminuotos plok\u0161t\u0117s.<br \/>\nSatinato stiklas.<br \/>\nFrezuotos rankenos.<br \/>\nReguliuojamos tvirtinimo kojel\u0117s, 10 cm auk\u0161\u010dio.<br \/>\nKiekvienai spintelei cokolin\u0117s dalys pjaustomos atskirai.<br \/>\nVyriai \u2013 \u0161velnaus u\u017edarymo sistema.<br \/>\nStal\u010diai \u2013 su \u0161velnaus u\u017edarymo sistema.<br \/>\nDujiniai keltuvai.<br \/>\nApatin\u0117s spintel\u0117s tiekiamos be stalvir\u0161i\u0173.<br \/>\nSistemos specifikacijos:<br \/>\nModelio pavadinimas: ZOYA<br \/>\nBald\u0173 sistema: TREND LINE<br \/>\nSpalvos \u2013 spustel\u0117kite skirtuk\u0105 \u201cPasirinkti spalv\u0105\u201d.<br \/>\nPriekin\u0117 med\u017eiaga: 19 mm MDF folija<br \/>\nKorpuso med\u017eiaga: 16 mm laminuota plok\u0161t\u0117<br \/>\nStalvir\u0161is \u012fskai\u010diuotas: NE, PARDUODAMA ATSKIRAI<br \/>\nRankenos: NE, PARDUODAMOS ATSKIRAI<br \/>\n\u0160velnus u\u017edarymas: TAIP<br \/>\nVir\u0161utini\u0173 spinteli\u0173 auk\u0161tis [mm]: 360 \/ 720 \/ 880 \/ 920<br \/>\nVir\u0161utini\u0173 spinteli\u0173 gylis be fasad\u0173 [mm]: 300 \/ 560<br \/>\nApatini\u0173 spinteli\u0173 auk\u0161tis [mm]: 820<br \/>\nApatini\u0173 spinteli\u0173 be fasad\u0173 gylis [mm]: 524<br \/>\nAtram\u0173 auk\u0161tis [mm]: 2133 \/ 2183<br \/>\nAtram\u0173 gylis be fasad\u0173 [mm]: 560<br \/>\nVirtuv\u0117s spalvos (galimos i\u0161 pasirinkim\u0173):<br \/>\nPRIEKIN\u0116 PUS\u0116: MDF FOLIJA<br \/>\nSPALVA: BALTA MATIN\u0116, JUODOJI \u017dIRNIAI, \u0160VIESIAI PILKA MATIN\u0116, PILKA MATIN\u0116, KAVOS MATIN\u0116, MOKA PILKA MATIN\u0116, MATIN\u0116 TAMSIAI M\u0116LYNA, MATIN\u0116 KREMIN\u0116, MATIN\u0116 SM\u0116LIO SPALVA, PASIRINKTA RIE\u0160UTMEDIS, LONDONO \u0104\u017dUOLAS, HALIFAKSO \u0104\u017dUOLAS, \u0104\u017dUOLAS, \u0160VIESUS TAIGOS \u0104\u017dUOLAS<br \/>\nK\u016aNAS: BALTA, GRAFITO arba ARTISAN<br \/>\nTAUR\u0116: SATINATO<br \/>\nRANKENA: BE RANKENOS<br \/>\nAPA\u010cIN\u0116S SPINTEL\u0116S: 524 mm \u2013 MONTAVIMO KOJEL\u0116S<br \/>\nSTAL\u010cIAI: \u0160VELNIAI U\u017dSIDARO<br \/>\nVYRIS: \u0160VELNUS U\u017dSIDARYMAS<br \/>\nNUOTRAUKOS TIK ILLUSTRACINIAMS TIKSLAMS. NUOTRAUKOSE RODOMA SPALVA IR MEDIENOS R\u016a\u0160IS GALI TIEK TIEK SKIRTIS.<\/p>","protected":false},"excerpt":{"rendered":"<p>Virtuv\u0117s stilius \u2013 modernus | Virtuv\u0117s specifikacija \u2013 balta, pilka, \u0105\u017euolo | Matmenys: plotis [cm]&gt;30,4 auk\u0161tis [cm]&gt;108<\/p>","protected":false},"featured_media":185925,"comment_status":"open","ping_status":"open","template":"","meta":[],"product_brand":[],"product_cat":[1043,2822],"product_tag":[],"class_list":{"0":"post-185924","1":"product","2":"type-product","3":"status-publish","4":"has-post-thumbnail","6":"product_cat-extras","7":"product_cat-stolkar","9":"first","10":"instock","11":"purchasable","12":"product-type-simple"},"_links":{"self":[{"href":"https:\/\/baldumarket.lt\/lt\/wp-json\/wp\/v2\/product\/185924","targetHints":{"allow":["GET"]}}],"collection":[{"href":"https:\/\/baldumarket.lt\/lt\/wp-json\/wp\/v2\/product"}],"about":[{"href":"https:\/\/baldumarket.lt\/lt\/wp-json\/wp\/v2\/types\/product"}],"replies":[{"embeddable":true,"href":"https:\/\/baldumarket.lt\/lt\/wp-json\/wp\/v2\/comments?post=185924"}],"wp:featuredmedia":[{"embeddable":true,"href":"https:\/\/baldumarket.lt\/lt\/wp-json\/wp\/v2\/media\/185925"}],"wp:attachment":[{"href":"https:\/\/baldumarket.lt\/lt\/wp-json\/wp\/v2\/media?parent=185924"}],"wp:term":[{"taxonomy":"product_brand","embeddable":true,"href":"https:\/\/baldumarket.lt\/lt\/wp-json\/wp\/v2\/product_brand?post=185924"},{"taxonomy":"product_cat","embeddable":true,"href":"https:\/\/baldumarket.lt\/lt\/wp-json\/wp\/v2\/product_cat?post=185924"},{"taxonomy":"product_tag","embeddable":true,"href":"https:\/\/baldumarket.lt\/lt\/wp-json\/wp\/v2\/product_tag?post=185924"}],"curies":[{"name":"wp","href":"https:\/\/api.w.org\/{rel}","templated":true}]}}