{"id":185572,"date":"2025-12-22T19:02:17","date_gmt":"2025-12-22T16:02:17","guid":{"rendered":"https:\/\/baldumarket.lt\/product\/zestaw-kuchenny-narozny-315-230-cm-kuchnia-narozna-adele\/"},"modified":"2026-02-03T23:26:16","modified_gmt":"2026-02-03T20:26:16","slug":"zestaw-kuchenny-narozny-315-230-cm-kuchnia-narozna-adele","status":"publish","type":"product","link":"https:\/\/baldumarket.lt\/lt\/product\/zestaw-kuchenny-narozny-315-230-cm-kuchnia-narozna-adele\/","title":{"rendered":"Kampinis virtuv\u0117s komplektas 315\u2013230 cm, Adele kampin\u0117 virtuv\u0117"},"content":{"rendered":"<p>\u201eAdele\u201c kampinis virtuv\u0117s komplektas yra \u201eTrend line\u201c virtuv\u0117s baldas, turintis \u0161ias specifikacijas:<br \/>\nDizainas:<br \/>\nPriekin\u0117s dalys pagamintos i\u0161 19 mm storio MDF plok\u0161t\u0117s, padengtos matine PVC pl\u0117vele.<br \/>\nFasaduose n\u0117ra i\u0161 anksto i\u0161gr\u0119\u017et\u0173 skyli\u0173 rankenoms; jas reikia padaryti patiems (juose yra i\u0161 anksto i\u0161gr\u0119\u017etos skyl\u0117s, i\u0161d\u0117stytos 16 cm atstumu viena nuo kitos).<br \/>\nKorpusai pagaminti i\u0161 16 mm laminuotos plok\u0161t\u0117s.<br \/>\nSatinato stiklas.<br \/>\nRankenos gali b\u016bti pasirenkamos (spintel\u0117s nuotraukoje esan\u010dios ranken\u0117l\u0117s yra tik iliustracin\u0117s \u2013 \u017er. i\u0161 anksto paruo\u0161tus i\u0161d\u0117stymus ir parinktis).<br \/>\n10 cm reguliuojamo plo\u010dio tvirtinimo kojel\u0117s.<br \/>\nCokolin\u0117s dalys pjaustomos atskirai kiekvienai spintelei.<br \/>\nVyriai \u2013 \u0161velnaus u\u017edarymo sistema.<br \/>\nStal\u010diai \u2013 su \u0161velnaus u\u017edarymo sistema.<br \/>\nDujiniai keltuvai.<br \/>\nApatin\u0117s spintel\u0117s galimos be stalvir\u0161i\u0173.<br \/>\nSistemos specifikacijos:<br \/>\nModelio pavadinimas: ADELE<br \/>\nBald\u0173 sistema: TREND LINE<br \/>\nSpalvos \u2013 pasirinkite spalv\u0173 skirtuk\u0105 \u2013 spustel\u0117kite<br \/>\nPriekin\u0117 med\u017eiaga: 19 mm MDF folija<br \/>\nKorpuso med\u017eiaga: 16 mm laminuota plok\u0161t\u0117<br \/>\nStalvir\u0161is \u012fskai\u010diuotas: NE, PARDUODAMA ATSKIRAI<br \/>\nRankenos: NE, PARDUODAMOS ATSKIRAI<br \/>\n\u0160velnus u\u017edarymas: TAIP<br \/>\nVir\u0161utini\u0173 spinteli\u0173 auk\u0161tis [mm]: 360 \/ 720 \/ 880 \/ 920<br \/>\nVir\u0161utini\u0173 spinteli\u0173 gylis be fasad\u0173 [mm]: 300 \/ 560<br \/>\nApatini\u0173 spinteli\u0173 auk\u0161tis [mm]: 820<br \/>\nApatini\u0173 spinteli\u0173 be fasad\u0173 gylis [mm]: 524<br \/>\nAtram\u0173 auk\u0161tis [mm]: 2133 \/ 2183<br \/>\nAtram\u0173 gylis be fasad\u0173 [mm]: 560<br \/>\nVirtuv\u0117s spalvos (galimos i\u0161 pasirinkim\u0173):<br \/>\nPRIEKIN\u0116 PUS\u0116: MDF FOLIJOS R\u0116MAS<br \/>\nSPALVA: MATIN\u0116 BALTA, JUODOJI \u017dIRNELIAI, MATIN\u0116 TAMSI M\u0116LYNA, MATIN\u0116 KREMIN\u0116, MATIN\u0116 SM\u0116LIO SPALVA, MATIN\u0116 \u017dALIA, MATIN\u0116 \u0160VIESIAI PILKA, MATIN\u0116 TOSKANO RAUDONA, MATIN\u0116 MOKA PILKA, MATIN\u0116 ALYVUOGI\u0172 SPALVA, MATIN\u0116 PILKA, PASIRINKTA RIE\u0160UTMEDIS, LONDONO \u0104\u017dUOLAS, HALIFAKSO \u0104\u017dUOLAS, \u0104\u017dUOLAS, \u0160VIESUS TAIGOS \u0104\u017dUOLAS<br \/>\nK\u016aNAS: BALTA, GRAFITO arba ARTISAN<br \/>\nTAUR\u0116: SATINATO<br \/>\nRANKENA: BE RANKENOS<br \/>\nAPA\u010cIN\u0116S SPINTEL\u0116S: 524 mm \u2013 MONTAVIMO KOJEL\u0116S<br \/>\nSTAL\u010cIAI: \u0160VELNIAI U\u017dSIDARO<br \/>\nVYRIS: \u0160VELNUS U\u017dSIDARYMAS<br \/>\n\u012e rinkin\u012f \u012feina:<br \/>\nApa\u010dia:<br \/>\n1 x kolonin\u0117 spintel\u0117 su \u012fmontuojamu \u0161aldytuvu D60LO\/2133 P\/L 2 FR 60 cm \u2013 auk\u0161tis\/plotis\/gylis \u2013 213x60x56 cm<br \/>\n1 x kolonin\u0117 spintel\u0117 orkaitei ir mikrobang\u0173 krosnelei D60PK MV\/2133 P\/L \u2013 auk\u0161tis\/plotis\/gylis \u2013 213x60x56 cm<br \/>\n1 x spintel\u0117 su stal\u010diais D60S\/3 \u2013 60 cm spintel\u0117 su stal\u010diais ir \u0161velniu u\u017edarymu \u2013 auk\u0161tis\/plotis\/gylis \u2013 82x60x52,4 cm<br \/>\n1 x kriaukl\u0117s spintel\u0117 D60ZL P\/L \u2013 60 cm vien\u0173 dureli\u0173 kriaukl\u0117s spintel\u0117 \u2013 auk\u0161tis\/plotis\/gylis \u2013 82x60x52,4 cm<br \/>\n1 x CARGO spintel\u0117 D15 \u2013 15 cm krovinin\u0117 spintel\u0117, 2 auk\u0161t\u0173, su \u0161velniu u\u017edarymu \u2013 auk\u0161tis\/plotis\/gylis \u2013 82x15x52,4 cm<br \/>\n1 x DNP spintel\u0117 \u2013 apatin\u0117 kampin\u0117 spintel\u0117 \u2013 A\/P\/G \u2013 82 \u00d7 90\u2013110 \u00d7 52,4 cm (plo\u010dio matmenys po stalvir\u0161io montavimo)<br \/>\n1 x D60 PC apatin\u0117 spintel\u0117, auk\u0161tis\/ilgis \u2013 60 cm apatin\u0117 spintel\u0117, 1 durys, kaitlentei \u2013 auk\u0161tis\/plotis\/gylis \u2013 82x60x52,4 cm<br \/>\n1 x D60S\/3 stal\u010di\u0173 spintel\u0117 \u2013 60 cm spintel\u0117 su \u0161velniai u\u017esidaran\u010diais stal\u010diais \u2013 A\/P\/G \u2013 82x60x52,4 cm<br \/>\nVir\u0161uje:<br \/>\n2 x P60 pakabinamos virtuv\u0117s spintel\u0117s, auk\u0161tis\/ilgis \u2013 60 cm, pakabinama spintel\u0117, 1 durys \u2013 auk\u0161tis\/plotis\/gylis \u2013 72x60x30 cm<br \/>\nI\u0161 spinteli\u0173 i\u0161pjauti cokoliai \u012fskai\u010diuoti \u012f kain\u0105.<br \/>\nRankenos yra pasirenkamos.<\/p>","protected":false},"excerpt":{"rendered":"<p>Virtuv\u0117s stilius \u2013 modernus | Fasado tipas: Laminuota plok\u0161t\u0117 \/ MDF \/ Lakuota MDF plok\u0161t\u0117, 19 mm storio, padengta PVC folija | Matmenys: gylis [cm]&gt;30; vir\u0161utinis gylis be stalvir\u0161io [cm]&gt;52,4; gylis su stalvir\u0161iu [cm]&gt;60; plotis [cm]&gt;315\u2013230; auk\u0161tis [cm]&gt;213,3; vir\u0161utin\u0117 dalis 72 cm; auk\u0161tis be stalvir\u0161io [cm]&gt;82<\/p>","protected":false},"featured_media":185573,"comment_status":"open","ping_status":"open","template":"","meta":[],"product_brand":[],"product_cat":[1932,2822],"product_tag":[],"class_list":{"0":"post-185572","1":"product","2":"type-product","3":"status-publish","4":"has-post-thumbnail","6":"product_cat-kitchen-sets","7":"product_cat-stolkar","9":"first","10":"instock","11":"purchasable","12":"product-type-simple"},"_links":{"self":[{"href":"https:\/\/baldumarket.lt\/lt\/wp-json\/wp\/v2\/product\/185572","targetHints":{"allow":["GET"]}}],"collection":[{"href":"https:\/\/baldumarket.lt\/lt\/wp-json\/wp\/v2\/product"}],"about":[{"href":"https:\/\/baldumarket.lt\/lt\/wp-json\/wp\/v2\/types\/product"}],"replies":[{"embeddable":true,"href":"https:\/\/baldumarket.lt\/lt\/wp-json\/wp\/v2\/comments?post=185572"}],"wp:featuredmedia":[{"embeddable":true,"href":"https:\/\/baldumarket.lt\/lt\/wp-json\/wp\/v2\/media\/185573"}],"wp:attachment":[{"href":"https:\/\/baldumarket.lt\/lt\/wp-json\/wp\/v2\/media?parent=185572"}],"wp:term":[{"taxonomy":"product_brand","embeddable":true,"href":"https:\/\/baldumarket.lt\/lt\/wp-json\/wp\/v2\/product_brand?post=185572"},{"taxonomy":"product_cat","embeddable":true,"href":"https:\/\/baldumarket.lt\/lt\/wp-json\/wp\/v2\/product_cat?post=185572"},{"taxonomy":"product_tag","embeddable":true,"href":"https:\/\/baldumarket.lt\/lt\/wp-json\/wp\/v2\/product_tag?post=185572"}],"curies":[{"name":"wp","href":"https:\/\/api.w.org\/{rel}","templated":true}]}}