{"id":185316,"date":"2025-12-22T18:56:39","date_gmt":"2025-12-22T15:56:39","guid":{"rendered":"https:\/\/baldumarket.lt\/product\/szafka-dolna-narozna-90-110-cm-dnp-p-l-adele\/"},"modified":"2026-02-03T23:26:19","modified_gmt":"2026-02-03T20:26:19","slug":"szafka-dolna-narozna-90-110-cm-dnp-p-l-adele","status":"publish","type":"product","link":"https:\/\/baldumarket.lt\/lt\/product\/szafka-dolna-narozna-90-110-cm-dnp-p-l-adele\/","title":{"rendered":"Apatin\u0117 kampin\u0117 spintel\u0117 90-110 cm DNP P\/L Adele"},"content":{"rendered":"<p>90 cm DNP P\/L Adele kampin\u0117 apatin\u0117 spintel\u0117 be stalvir\u0161io ir lentynos u\u017e priekio yra \u201eTrend\u201c linijos virtuv\u0117s komplekto spintel\u0117, pasi\u017eyminti \u0161iomis specifikacijomis:<br \/>\nDizainas:<br \/>\nPriekin\u0117s dalys pagamintos i\u0161 19 mm storio MDF plok\u0161t\u0117s, padengtos matine PVC pl\u0117vele.<br \/>\nPriekin\u0117je dalyje n\u0117ra i\u0161 anksto i\u0161gr\u0119\u017et\u0173 ranken\u0173 skyli\u0173; jas reikia i\u0161gr\u0119\u017eti patiems (skyl\u0117s yra i\u0161 anksto i\u0161gr\u0119\u017etos 16 cm atstumu viena nuo kitos).<br \/>\nKorpusai pagaminti i\u0161 16 mm laminuotos plok\u0161t\u0117s.<br \/>\nSatinato stiklas.<br \/>\nRankenos galimos kaip pasirinktin\u0117s (spintel\u0117s nuotraukoje esan\u010dios ranken\u0117l\u0117s yra tik iliustracin\u0117s \u2013 \u017er. jau pagamintus dizainus ir parinktis).<br \/>\nReguliuojamos tvirtinimo kojel\u0117s, 10 cm auk\u0161\u010dio.<br \/>\nCokolin\u0117s dalys pjaustomos atskirai kiekvienai spintelei.<br \/>\nVyriai \u2013 \u0161velnaus u\u017edarymo sistema.<br \/>\nStal\u010diai \u2013 su \u0161velnaus u\u017edarymo sistema.<br \/>\nDujiniai keltuvai.<br \/>\nApatin\u0117s spintel\u0117s parduodamos be stalvir\u0161i\u0173.<br \/>\nParametr\u0173 sistema:<br \/>\nModelio pavadinimas: ADELE<br \/>\nBald\u0173 sistema: TREND LINE<br \/>\nSpalvos \u2013 pasirinkite skirtuk\u0105 \u201eSpalva\u201c \u2013 spustel\u0117kite<br \/>\nPriekin\u0117 med\u017eiaga: 19 mm MDF folija<br \/>\nKorpuso med\u017eiaga: 16 mm laminuota plok\u0161t\u0117<br \/>\n\u012e komplekt\u0105 \u012feina stalvir\u0161is: NE, PARDUODAMA ATSKIRAI<br \/>\nRankenos: NE, PARDUODAMOS ATSKIRAI<br \/>\n\u0160velnus u\u017edarymas: TAIP<br \/>\nVir\u0161utini\u0173 spinteli\u0173 auk\u0161tis [mm]: 360 \/ 720 \/ 880 \/ 920<br \/>\nVir\u0161utini\u0173 spinteli\u0173 gylis be fasad\u0173 [mm]: 300 \/ 560<br \/>\nApatini\u0173 spinteli\u0173 auk\u0161tis [mm]: 820<br \/>\nApatini\u0173 spinteli\u0173 be fasad\u0173 gylis [mm]: 524<br \/>\nStatrams\u010di\u0173 auk\u0161tis [mm]: 2133 \/ 2183<br \/>\nStatrams\u010di\u0173 gylis be fasad\u0173 [mm]: 560<br \/>\n\u00a0<br \/>\nVirtuv\u0117s spalvos (galimos i\u0161 pasirinkim\u0173):<br \/>\nPRIEKIN\u0116 PUS\u0116: MDF FOLIJOS R\u0116MAS<br \/>\nSPALVA: MATIN\u0116 BALTA, JUODOJI \u017dIRNELIAI, MATIN\u0116 TAMSI M\u0116LYNA, MATIN\u0116 KREMIN\u0116, MATIN\u0116 SM\u0116LIO SPALVA, MATIN\u0116 \u017dALIA, MATIN\u0116 \u0160VIESIAI PILKA, MATIN\u0116 TOSKANO RAUDONA, MATIN\u0116 MOKA PILKA, MATIN\u0116 ALYVUOGI\u0172 SPALVA, MATIN\u0116 PILKA, PASIRINKTA RIE\u0160UTMEDIS, LONDONO \u0104\u017dUOLAS, HALIFAKSO \u0104\u017dUOLAS, \u0104\u017dUOLAS, \u0160VIESUS TAIGOS \u0104\u017dUOLAS<br \/>\nK\u016aNAS: BALTA, GRAFITO arba ARTISAN<br \/>\nTAUR\u0116: SATINATO<br \/>\nRANKENA: BE RANKENOS<br \/>\nAPATINIS SPINTELI\u0172 ATSTOVIS: 524 mm \u2013 MONTAVIMO KOJEL\u0116S<br \/>\nSTAL\u010cIAI: \u0160VELNIAI U\u017dSIDARO<br \/>\nVYRIS: \u0160VELNUS U\u017dSIDARYMAS<\/p>","protected":false},"excerpt":{"rendered":"<p>Virtuv\u0117s stilius \u2013 modernus | Fasado tipas: Laminuota plok\u0161t\u0117 \/ MDF \/ Lakuota MDF plok\u0161t\u0117, 19 mm storio, padengta PVC folija | Matmenys: gylis be stalvir\u0161io [cm]&gt;56 gylis su stalvir\u0161iu [cm]&gt;60 plotis [cm]&gt;90 be stalvir\u0161io \u2013 110 su stalvir\u0161iu auk\u0161tis be stalvir\u0161io [cm]&gt;82<\/p>","protected":false},"featured_media":185317,"comment_status":"open","ping_status":"open","template":"","meta":[],"product_brand":[],"product_cat":[9118,2822],"product_tag":[],"class_list":{"0":"post-185316","1":"product","2":"type-product","3":"status-publish","4":"has-post-thumbnail","6":"product_cat-kitchen-cabinets","7":"product_cat-stolkar","9":"first","10":"instock","11":"purchasable","12":"product-type-simple"},"_links":{"self":[{"href":"https:\/\/baldumarket.lt\/lt\/wp-json\/wp\/v2\/product\/185316","targetHints":{"allow":["GET"]}}],"collection":[{"href":"https:\/\/baldumarket.lt\/lt\/wp-json\/wp\/v2\/product"}],"about":[{"href":"https:\/\/baldumarket.lt\/lt\/wp-json\/wp\/v2\/types\/product"}],"replies":[{"embeddable":true,"href":"https:\/\/baldumarket.lt\/lt\/wp-json\/wp\/v2\/comments?post=185316"}],"wp:featuredmedia":[{"embeddable":true,"href":"https:\/\/baldumarket.lt\/lt\/wp-json\/wp\/v2\/media\/185317"}],"wp:attachment":[{"href":"https:\/\/baldumarket.lt\/lt\/wp-json\/wp\/v2\/media?parent=185316"}],"wp:term":[{"taxonomy":"product_brand","embeddable":true,"href":"https:\/\/baldumarket.lt\/lt\/wp-json\/wp\/v2\/product_brand?post=185316"},{"taxonomy":"product_cat","embeddable":true,"href":"https:\/\/baldumarket.lt\/lt\/wp-json\/wp\/v2\/product_cat?post=185316"},{"taxonomy":"product_tag","embeddable":true,"href":"https:\/\/baldumarket.lt\/lt\/wp-json\/wp\/v2\/product_tag?post=185316"}],"curies":[{"name":"wp","href":"https:\/\/api.w.org\/{rel}","templated":true}]}}