{"id":185108,"date":"2025-12-22T18:51:57","date_gmt":"2025-12-22T15:51:57","guid":{"rendered":"https:\/\/baldumarket.lt\/product\/szafka-gorna-wiszaca-witryna-80-cm-natalia-ws80-gr-f-2-sd\/"},"modified":"2026-02-03T23:26:21","modified_gmt":"2026-02-03T20:26:21","slug":"szafka-gorna-wiszaca-witryna-80-cm-natalia-ws80-gr-f-2-sd","status":"publish","type":"product","link":"https:\/\/baldumarket.lt\/lt\/product\/szafka-gorna-wiszaca-witryna-80-cm-natalia-ws80-gr-f-2-sd\/","title":{"rendered":"Vir\u0161utin\u0117 pakabinama spintel\u0117, vitrina 80 cm Natalia WS80 GR F\/2 SD"},"content":{"rendered":"<p>\u201eNatalia Kitchen\u201c \u2013 tai ergonomi\u0161kas komplektas, kur\u012f sudaro daugiau nei de\u0161imt prakti\u0161k\u0173 spinteli\u0173, \u012fskaitant apatines spinteles be stalvir\u0161i\u0173, skirtas modernioms, stilingoms virtuv\u0117ms ir virtuv\u0117l\u0117ms.<br \/>\n\u012e rinkin\u012f \u012feina:<br \/>\n400 mm gylio metaliniai METALBOX stal\u010diai.<br \/>\nDujiniai keltuvai u\u017etikrina lengv\u0105 prieig\u0105 prie spintel\u0117s turinio.<br \/>\nMetalin\u0117s rankenos.<br \/>\nGalimas stalvir\u0161i\u0173 pasirinkimas.<br \/>\nPlatus papildom\u0173 pried\u0173 asortimentas. Reguliuojamos kojel\u0117s.<br \/>\n\u00a0<br \/>\nVirtuv\u0117s spalvos:<br \/>\nPRIEKIN\u0116 PUS\u0116: MDF PLOK\u0160T\u0116 SU BALTA BLIZGIOS FOLIJOS ARBA \u0160VIESIAI PILKA MATINE FOLIJOS PAVIR\u0160IUMI<br \/>\nKORPUSAS: PELEN\u0172 PILKA<br \/>\nVIR\u0160US: BE VIR\u0160AUS<br \/>\nTAUR\u0116: SATINATO<br \/>\nRANKENA: NER\u016aDIJAN\u010cIO PLIENO<br \/>\nAPA\u010cIN\u0116S SPINTEL\u0116S: 446 MM \u2013 MONTAVIMO KOJEL\u0116S<br \/>\nVYRIS: \u0160VELNUS U\u017dSIDARYMAS<br \/>\nSTAL\u010cIAI: \u0160VELNUS U\u017dSIDARYMAS \u2013 METALIN\u0116 D\u0116\u017dUT\u0116 + STABDYS<br \/>\n\u00a0<br \/>\nSistemos parametrai:<br \/>\nModelio pavadinimas: Natalia \u0161viesiai pilka matin\u0117 \/ Natalia balta blizgi<br \/>\nBald\u0173 sistema: Klasikin\u0117 linija<br \/>\nKorpuso spalva: pelen\u0173 pilka<br \/>\nVir\u0161utin\u0117s spintel\u0117s priekin\u0117s dalies spalva: \u0161viesiai pilka matin\u0117 \/ balta blizgi<br \/>\nApatin\u0117s spintel\u0117s priekin\u0117s dalies spalva: \u0161viesiai pilka matin\u0117 \/ balta blizgi<br \/>\nCokolin\u0117s spalvos: pelen\u0173 pilka<br \/>\nPriekin\u0117 med\u017eiaga: laminuota MDF 16 mm<br \/>\nKorpuso med\u017eiaga: 16 mm laminuota plok\u0161t\u0117<br \/>\nCokolin\u0117 med\u017eiaga: 16 mm laminuota plok\u0161t\u0117<br \/>\nVir\u0161utin\u0117 plok\u0161t\u0117 pridedama: ne, parduodama atskirai<br \/>\nRankenos: metalin\u0117s<br \/>\n\u0160velnus u\u017edarymas: taip<br \/>\nVir\u0161utini\u0173 spinteli\u0173 auk\u0161tis [mm]: 720<br \/>\nVir\u0161utini\u0173 spinteli\u0173 gylis be fasad\u0173 [mm]: 288<br \/>\nApatini\u0173 spinteli\u0173 auk\u0161tis [mm]: 820<br \/>\nApatini\u0173 spinteli\u0173 gylis be fasad\u0173 [mm]: 446<br \/>\nPASTABA \u2013 \u0161i spintel\u0117 neturi lentyn\u0173.<\/p>","protected":false},"excerpt":{"rendered":"<p>Virtuv\u0117s specifikacija \u2013 pilka, balta blizgi | Virtuv\u0117s stilius \u2013 modernus | Matmenys: gylis [cm]&gt;28,8 plotis [cm]&gt;80 auk\u0161tis [cm]&gt;72<\/p>","protected":false},"featured_media":185109,"comment_status":"open","ping_status":"open","template":"","meta":[],"product_brand":[],"product_cat":[9118,2822],"product_tag":[],"class_list":{"0":"post-185108","1":"product","2":"type-product","3":"status-publish","4":"has-post-thumbnail","6":"product_cat-kitchen-cabinets","7":"product_cat-stolkar","9":"first","10":"instock","11":"purchasable","12":"product-type-simple"},"_links":{"self":[{"href":"https:\/\/baldumarket.lt\/lt\/wp-json\/wp\/v2\/product\/185108","targetHints":{"allow":["GET"]}}],"collection":[{"href":"https:\/\/baldumarket.lt\/lt\/wp-json\/wp\/v2\/product"}],"about":[{"href":"https:\/\/baldumarket.lt\/lt\/wp-json\/wp\/v2\/types\/product"}],"replies":[{"embeddable":true,"href":"https:\/\/baldumarket.lt\/lt\/wp-json\/wp\/v2\/comments?post=185108"}],"wp:featuredmedia":[{"embeddable":true,"href":"https:\/\/baldumarket.lt\/lt\/wp-json\/wp\/v2\/media\/185109"}],"wp:attachment":[{"href":"https:\/\/baldumarket.lt\/lt\/wp-json\/wp\/v2\/media?parent=185108"}],"wp:term":[{"taxonomy":"product_brand","embeddable":true,"href":"https:\/\/baldumarket.lt\/lt\/wp-json\/wp\/v2\/product_brand?post=185108"},{"taxonomy":"product_cat","embeddable":true,"href":"https:\/\/baldumarket.lt\/lt\/wp-json\/wp\/v2\/product_cat?post=185108"},{"taxonomy":"product_tag","embeddable":true,"href":"https:\/\/baldumarket.lt\/lt\/wp-json\/wp\/v2\/product_tag?post=185108"}],"curies":[{"name":"wp","href":"https:\/\/api.w.org\/{rel}","templated":true}]}}