{"id":185034,"date":"2025-12-22T18:50:13","date_gmt":"2025-12-22T15:50:13","guid":{"rendered":"https:\/\/baldumarket.lt\/product\/kuchnia-natalia-260-cm-z-suszarka-bialy-polysk-oferta-specjalna\/"},"modified":"2026-02-03T23:26:22","modified_gmt":"2026-02-03T20:26:22","slug":"kuchnia-natalia-260-cm-z-suszarka-bialy-polysk-oferta-specjalna","status":"publish","type":"product","link":"https:\/\/baldumarket.lt\/lt\/product\/kuchnia-natalia-260-cm-z-suszarka-bialy-polysk-oferta-specjalna\/","title":{"rendered":"Natalija virtuv\u0117 260 cm su d\u017eiovykle, balta blizgi \u2013 SPECIALUS PASI\u016aLYMAS"},"content":{"rendered":"<p>\u201eNatalia\u201c 260 cm virtuv\u0117 su blizgia d\u017eiovykle \u2013 be stalvir\u0161i\u0173 \u2013 tai ergonomi\u0161kas komplektas, susidedantis i\u0161 8 prakti\u0161k\u0173 spinteli\u0173, \u012fskaitant apatines spinteles be stalvir\u0161i\u0173, skirtas modernioms, stilingoms virtuv\u0117ms ir virtuv\u0117l\u0117ms.<br \/>\nNuotraukoje matom\u0105 komplekt\u0105 u\u017e nurodyt\u0105 kain\u0105 sudaro \u0161ios spintel\u0117s:<br \/>\nApatin\u0117s spintel\u0117s:<br \/>\nD80ZL \u2013 be kriaukl\u0117s<br \/>\nD80<br \/>\nD60P\/L<br \/>\nD40S\/3<br \/>\nVir\u0161utin\u0117s spintel\u0117s:<br \/>\nW80SU<br \/>\nW40 P\/L<br \/>\nWS80<br \/>\nW60 P\/L<br \/>\n\u012e rinkin\u012f \u012feina:<br \/>\n400 mm gylio metaliniai METALBOX stal\u010diai.<br \/>\nDujiniai keltuvai u\u017etikrina lengv\u0105 prieig\u0105 prie spintel\u0117s turinio.<br \/>\nMetalin\u0117s rankenos.<br \/>\nGalimas stalvir\u0161i\u0173 pasirinkimas.<br \/>\nGalimas platus papildom\u0173 pried\u0173 asortimentas. Reguliuojamos kojel\u0117s.<br \/>\nUniversal\u016bs fasadai<br \/>\nVirtuv\u0117s spalvos:<br \/>\nPRIEKIN\u0116 PUS\u0116: MDF PLOK\u0160T\u0116 SU FOLIJA, BALTA BLIZG\u0116<br \/>\nKORPUSAS: PELEN\u0172 PILKA<br \/>\nVIR\u0160US: BE VIR\u0160AUS<br \/>\nTAUR\u0116: SATINATO<br \/>\nRANKENA: NER\u016aDIJAN\u010cIO PLIENO<br \/>\nAPA\u010cIN\u0116S SPINTEL\u0116S: 446 MM \u2013 MONTAVIMO KOJEL\u0116S<br \/>\nVYRIS: \u0160VELNUS U\u017dSIDARYMAS<br \/>\nSTAL\u010cIAI: \u0160VELNUS U\u017dSIDARYMAS \u2013 METALIN\u0116 D\u0116\u017dUT\u0116 + STABDYS<br \/>\nSistemos parametrai:<br \/>\nModelio pavadinimas: Natalija, baltai blizgi<br \/>\nBald\u0173 sistema: Klasikin\u0117 linija<br \/>\nKorpuso spalva: pelen\u0173 pilka<br \/>\nVir\u0161utin\u0117s spintel\u0117s priekin\u0117s dalies spalva: blizgi balta<br \/>\nApatin\u0117s spintel\u0117s priekin\u0117s dalies spalva: balta blizgi<br \/>\nCokolin\u0117s spalvos: pelen\u0173 pilka<br \/>\nPriekin\u0117 med\u017eiaga: 16 mm laminuota MDF plok\u0161t\u0117<br \/>\nKorpuso med\u017eiaga: 16 mm laminuota plok\u0161t\u0117<br \/>\nMed\u017eiagos pagrindas: 16 mm laminuota plok\u0161t\u0117<br \/>\nStalvir\u0161is komplekte: ne, parduodamas atskirai<br \/>\nRankenos: metalin\u0117s<br \/>\n\u0160velnus u\u017edarymas: taip<br \/>\nVir\u0161utini\u0173 spinteli\u0173 auk\u0161tis [mm]: 720<br \/>\nVir\u0161utini\u0173 spinteli\u0173 gylis be fasad\u0173 [mm]: 288<br \/>\nApatini\u0173 spinteli\u0173 auk\u0161tis [mm]: 820<br \/>\nApatini\u0173 spinteli\u0173 be fasad\u0173 gylis [mm]: 446<\/p>","protected":false},"excerpt":{"rendered":"<p>Virtuv\u0117s specifikacija \u2013 balta blizgi | Virtuv\u0117s stilius \u2013 modernus | Matmenys: gylis [cm]&gt;28,8 vir\u0161us, gylis be stalvir\u0161io [cm]&gt;44,6 gylis su stalvir\u0161iu [cm]&gt;60 plotis [cm]&gt;260 auk\u0161tis be stalvir\u0161io [cm]&gt;82 auk\u0161tis [cm]&gt;72 vir\u0161us<\/p>","protected":false},"featured_media":185035,"comment_status":"open","ping_status":"open","template":"","meta":[],"product_brand":[],"product_cat":[1932,2822],"product_tag":[],"class_list":{"0":"post-185034","1":"product","2":"type-product","3":"status-publish","4":"has-post-thumbnail","6":"product_cat-kitchen-sets","7":"product_cat-stolkar","9":"first","10":"instock","11":"purchasable","12":"product-type-simple"},"_links":{"self":[{"href":"https:\/\/baldumarket.lt\/lt\/wp-json\/wp\/v2\/product\/185034","targetHints":{"allow":["GET"]}}],"collection":[{"href":"https:\/\/baldumarket.lt\/lt\/wp-json\/wp\/v2\/product"}],"about":[{"href":"https:\/\/baldumarket.lt\/lt\/wp-json\/wp\/v2\/types\/product"}],"replies":[{"embeddable":true,"href":"https:\/\/baldumarket.lt\/lt\/wp-json\/wp\/v2\/comments?post=185034"}],"wp:featuredmedia":[{"embeddable":true,"href":"https:\/\/baldumarket.lt\/lt\/wp-json\/wp\/v2\/media\/185035"}],"wp:attachment":[{"href":"https:\/\/baldumarket.lt\/lt\/wp-json\/wp\/v2\/media?parent=185034"}],"wp:term":[{"taxonomy":"product_brand","embeddable":true,"href":"https:\/\/baldumarket.lt\/lt\/wp-json\/wp\/v2\/product_brand?post=185034"},{"taxonomy":"product_cat","embeddable":true,"href":"https:\/\/baldumarket.lt\/lt\/wp-json\/wp\/v2\/product_cat?post=185034"},{"taxonomy":"product_tag","embeddable":true,"href":"https:\/\/baldumarket.lt\/lt\/wp-json\/wp\/v2\/product_tag?post=185034"}],"curies":[{"name":"wp","href":"https:\/\/api.w.org\/{rel}","templated":true}]}}