{"id":185015,"date":"2025-12-22T18:49:42","date_gmt":"2025-12-22T15:49:42","guid":{"rendered":"https:\/\/baldumarket.lt\/product\/kuchnia-mela-120-180-cm-dab-sonoma-z-blatem-oferta-specjalna\/"},"modified":"2026-02-03T23:26:22","modified_gmt":"2026-02-03T20:26:22","slug":"kuchnia-mela-120-180-cm-dab-sonoma-z-blatem-oferta-specjalna","status":"publish","type":"product","link":"https:\/\/baldumarket.lt\/lt\/product\/kuchnia-mela-120-180-cm-dab-sonoma-z-blatem-oferta-specjalna\/","title":{"rendered":"\u201eMela\u201c virtuv\u0117 120\/180 cm, sonoma \u0105\u017euolo spalvos, su stalvir\u0161iu \u2013 SPECIALUS PASI\u016aLYMAS"},"content":{"rendered":"<p>\u201eMela 120\/180 cm\u201c Sonoma \u0105\u017euolo virtuv\u0117s komplektas \u2013 tai ergonomi\u0161kas komplektas, susidedantis i\u0161 5 prakti\u0161k\u0173 spinteli\u0173, skirt\u0173 ma\u017eoms virtuv\u0117ms, mini virtuv\u0117l\u0117ms ar studijos tipo apartamentams.<br \/>\nNuotraukoje matom\u0105 komplekt\u0105 u\u017e nurodyt\u0105 kain\u0105 sudaro \u0161ios spintel\u0117s:<br \/>\nApa\u010dia:<br \/>\nD80ZL \u2013 be kriaukl\u0117s ir stalvir\u0161io<br \/>\nD40S\/1 P\/L \u2013 su 40 cm stalvir\u0161iu<br \/>\nVir\u0161utin\u0117:<br \/>\nW80\/56<br \/>\nW40\/56<br \/>\nW60OKGR<br \/>\nParametrai:<br \/>\n16 mm storio laminuota plok\u0161t\u0117<br \/>\nRankenos \u2013 plastikin\u0117s<br \/>\nStalvir\u0161is: Petra Beige, 28 mm storio<br \/>\nKarkaso ir priekin\u0117s dalies spalva \u2013 Sonoma \u0105\u017euolas<\/p>","protected":false},"excerpt":{"rendered":"<p>Matmenys: plotis [cm]&gt;120\u2013180 Komplekto plotis [cm]&gt;180 | Vir\u0161utini\u0173 spinteli\u0173 matmenys: plotis i\u0161 kair\u0117s [cm]&gt;80\/40\/60 auk\u0161tis [cm]&gt;56 gylis [cm]&gt;28,8 | Apatini\u0173 spinteli\u0173 matmenys: plotis i\u0161 kair\u0117s [cm]&gt;80\/40 auk\u0161tis be stalvir\u0161io [cm]&gt;82 auk\u0161tis su stalvir\u0161iu [cm]&gt;84,8 gylis be stalvir\u0161io [cm]&gt;44,6 gylis su stalvir\u0161iu [cm]&gt;60 | Virtuv\u0117s specifikacijos: | Virtuv\u0117s specifikacijos \u2013 Sonoma \u0105\u017euolo fasadai | Virtuv\u0117s stilius \u2013 modernus | Fasad\u0173 tipas: Laminuota plok\u0161t\u0117 \/ MDF \/ Lakuota laminuota plok\u0161t\u0117<\/p>","protected":false},"featured_media":185016,"comment_status":"open","ping_status":"open","template":"","meta":[],"product_brand":[],"product_cat":[1932,2822],"product_tag":[],"class_list":{"0":"post-185015","1":"product","2":"type-product","3":"status-publish","4":"has-post-thumbnail","6":"product_cat-kitchen-sets","7":"product_cat-stolkar","9":"first","10":"instock","11":"purchasable","12":"product-type-simple"},"_links":{"self":[{"href":"https:\/\/baldumarket.lt\/lt\/wp-json\/wp\/v2\/product\/185015","targetHints":{"allow":["GET"]}}],"collection":[{"href":"https:\/\/baldumarket.lt\/lt\/wp-json\/wp\/v2\/product"}],"about":[{"href":"https:\/\/baldumarket.lt\/lt\/wp-json\/wp\/v2\/types\/product"}],"replies":[{"embeddable":true,"href":"https:\/\/baldumarket.lt\/lt\/wp-json\/wp\/v2\/comments?post=185015"}],"wp:featuredmedia":[{"embeddable":true,"href":"https:\/\/baldumarket.lt\/lt\/wp-json\/wp\/v2\/media\/185016"}],"wp:attachment":[{"href":"https:\/\/baldumarket.lt\/lt\/wp-json\/wp\/v2\/media?parent=185015"}],"wp:term":[{"taxonomy":"product_brand","embeddable":true,"href":"https:\/\/baldumarket.lt\/lt\/wp-json\/wp\/v2\/product_brand?post=185015"},{"taxonomy":"product_cat","embeddable":true,"href":"https:\/\/baldumarket.lt\/lt\/wp-json\/wp\/v2\/product_cat?post=185015"},{"taxonomy":"product_tag","embeddable":true,"href":"https:\/\/baldumarket.lt\/lt\/wp-json\/wp\/v2\/product_tag?post=185015"}],"curies":[{"name":"wp","href":"https:\/\/api.w.org\/{rel}","templated":true}]}}