{"id":185000,"date":"2025-12-21T23:59:55","date_gmt":"2025-12-21T20:59:55","guid":{"rendered":"https:\/\/baldumarket.lt\/product\/zestaw-narozny-kuchenny-premio-300-240-cm-bez-blatu\/"},"modified":"2026-04-14T10:03:22","modified_gmt":"2026-04-14T07:03:22","slug":"zestaw-narozny-kuchenny-premio-300-240-cm-bez-blatu","status":"publish","type":"product","link":"https:\/\/baldumarket.lt\/lt\/product\/zestaw-narozny-kuchenny-premio-300-240-cm-bez-blatu\/","title":{"rendered":"Premio kampinis virtuv\u0117s komplektas 300\u2013240 cm be stalvir\u0161io"},"content":{"rendered":"<p>\u201ePremio Kitchen\u201c \u2013 tai modernus ir ergonomi\u0161kas virtuv\u0117s bald\u0173 komplektas, kur\u012f sudaro:<br \/>\nlaminuot\u0173 plok\u0161\u010di\u0173 korpusai<br \/>\nlaminuot\u0173 plok\u0161\u010di\u0173 pagrindai<br \/>\nlaminuot\u0173 plok\u0161\u010di\u0173 fasadai<br \/>\n10 cm auk\u0161\u010dio reguliuojamo auk\u0161\u010dio kojel\u0117s (reguliuojamas nuo 9,5 iki 13 cm)<br \/>\nmetalin\u0117s rankenos<br \/>\npastaba: frezavimas ant kiekvienos rankenos<br \/>\n\u0161velniai u\u017esidarantys vyriai, leid\u017eiantys durims u\u017esidaryti be trenksmo<br \/>\nvir\u0161utin\u0117s spintel\u0117s su auk\u0161\u010dio ir kampo reguliavimu<br \/>\nPapildomos funkcijos:<br \/>\nPagrindin\u0117 aparatin\u0117 \u012franga:<br \/>\nGTV arba NTP b\u0117giai (metalin\u0117 d\u0117\u017e\u0117 su stabd\u017eiais)<br \/>\nduj\u0173 keltuvai<br \/>\nPrabangi \u012franga galima \u012fsigyti u\u017e papildom\u0105 mokest\u012f:<br \/>\nHafele b\u0117geliai (\u0161velniai u\u017esidarantys)<br \/>\nBlum keltuvai<br \/>\nSpalvos:<br \/>\nvir\u0161utiniai fasadai \u2013 Sonoma \u0105\u017euolas + blizgi balta<br \/>\napatiniai fasadai \u2013 \u0105\u017euolas Sonoma + kapu\u010dino<br \/>\nR\u0117mas \u2013 galima rinktis i\u0161 trij\u0173 spalv\u0173 \u2013 Sonoma \u0105\u017euolo, Artisan \u0105\u017euolo arba Andersen pu\u0161ies<br \/>\nCokolin\u0117s grindys \u2013 trij\u0173 spalv\u0173 pasirinkimas \u2013 Sonoma \u0105\u017euolas, Artisan \u0105\u017euolas arba Andersen pu\u0161is<br \/>\nTravertino stalvir\u0161is 38 mm, dvi dalys: 240 cm ir 240 cm<br \/>\nKampinio komplekto sud\u0117tis:<br \/>\nApatin\u0117s spintel\u0117s:<br \/>\n7D \u2013 90 cm<br \/>\n10D \u2013 60 cm<br \/>\n12D \u2013 80 cm<br \/>\nKriaukl\u0117<br \/>\n14D \u2013 70\/100 cm de\u0161inysis kampas<br \/>\n17D \u2013 60 cm<br \/>\n5D \u2013 60 cm<br \/>\n18D \u2013 20 cm cm<br \/>\nVir\u0161utin\u0117s spintel\u0117s:<br \/>\n42G \u2013 90 cm<br \/>\n40G \u2013 60 cm<br \/>\n41G \u2013 80 cm<br \/>\n30G \u2013 30 cm<br \/>\n45G \u2013 40\/70 cm de\u0161inysis kampas<br \/>\n30G \u2013 30 cm<br \/>\n36G \u2013 60 cm<br \/>\n40G \u2013 60 cm<br \/>\n46G \u2013 20 cm<br \/>\n\u012e kain\u0105 ne\u012fskai\u010diuota: PMD apatin\u0117 dengiamoji plok\u0161t\u0117, PMG vir\u0161utin\u0117 dengiamoji plok\u0161t\u0117 ir sienin\u0117 plok\u0161t\u0117.<\/p>","protected":false},"excerpt":{"rendered":"<p>Gylis [cm] 32 vir\u0161uje<br \/>\nGylis be vir\u0161utinio sluoksnio [cm] 51<br \/>\nGylis su stalvir\u0161iu [cm] 60<\/p>","protected":false},"featured_media":185001,"comment_status":"open","ping_status":"open","template":"","meta":[],"product_brand":[],"product_cat":[9582,4746,1932],"product_tag":[],"class_list":{"0":"post-185000","1":"product","2":"type-product","3":"status-publish","4":"has-post-thumbnail","6":"product_cat-kitchen-furniture-premio-fadome","7":"product_cat-fadome","8":"product_cat-kitchen-sets","10":"first","11":"instock","12":"purchasable","13":"product-type-simple"},"_links":{"self":[{"href":"https:\/\/baldumarket.lt\/lt\/wp-json\/wp\/v2\/product\/185000","targetHints":{"allow":["GET"]}}],"collection":[{"href":"https:\/\/baldumarket.lt\/lt\/wp-json\/wp\/v2\/product"}],"about":[{"href":"https:\/\/baldumarket.lt\/lt\/wp-json\/wp\/v2\/types\/product"}],"replies":[{"embeddable":true,"href":"https:\/\/baldumarket.lt\/lt\/wp-json\/wp\/v2\/comments?post=185000"}],"wp:featuredmedia":[{"embeddable":true,"href":"https:\/\/baldumarket.lt\/lt\/wp-json\/wp\/v2\/media\/185001"}],"wp:attachment":[{"href":"https:\/\/baldumarket.lt\/lt\/wp-json\/wp\/v2\/media?parent=185000"}],"wp:term":[{"taxonomy":"product_brand","embeddable":true,"href":"https:\/\/baldumarket.lt\/lt\/wp-json\/wp\/v2\/product_brand?post=185000"},{"taxonomy":"product_cat","embeddable":true,"href":"https:\/\/baldumarket.lt\/lt\/wp-json\/wp\/v2\/product_cat?post=185000"},{"taxonomy":"product_tag","embeddable":true,"href":"https:\/\/baldumarket.lt\/lt\/wp-json\/wp\/v2\/product_tag?post=185000"}],"curies":[{"name":"wp","href":"https:\/\/api.w.org\/{rel}","templated":true}]}}