{"id":184992,"date":"2025-12-21T23:59:44","date_gmt":"2025-12-21T20:59:44","guid":{"rendered":"https:\/\/baldumarket.lt\/product\/zestaw-narozny-kuchenny-creativa-240-280-cm-bialy-polysk\/"},"modified":"2026-04-14T10:03:22","modified_gmt":"2026-04-14T07:03:22","slug":"zestaw-narozny-kuchenny-creativa-240-280-cm-bialy-polysk","status":"publish","type":"product","link":"https:\/\/baldumarket.lt\/lt\/product\/zestaw-narozny-kuchenny-creativa-240-280-cm-bialy-polysk\/","title":{"rendered":"\u201eCreativa\u201c kampinis virtuv\u0117s komplektas 240\u2013280 cm, baltas blizgus"},"content":{"rendered":"<p>\u201eCreativa\u201c virtuv\u0117 \u2013 tai modernus ir ergonomi\u0161kas virtuv\u0117s bald\u0173 komplektas, kuriam b\u016bdingos:<br \/>\nlaminuot\u0173 plok\u0161\u010di\u0173 korpusai<br \/>\nlaminuot\u0173 plok\u0161\u010di\u0173 pagrindai<br \/>\nlaminuot\u0173 plok\u0161\u010di\u0173 fasadai<br \/>\n10 cm auk\u0161\u010dio reguliuojamo auk\u0161\u010dio kojel\u0117s (9,5\u201313 cm reguliuojamos)<br \/>\nmetalin\u0117s rankenos<br \/>\n\u0161velniai u\u017esidarantys vyriai, kurie u\u017edaro duris neu\u017etrenkdami<br \/>\nvir\u0161utin\u0117s spintel\u0117s su reguliuojamo auk\u0161\u010dio ir kampo pakabomis<br \/>\nPapildomos funkcijos:<br \/>\nPagrindin\u0117 aparatin\u0117 \u012franga:<br \/>\nGTV arba NTP b\u0117giai (metalin\u0117 d\u0117\u017e\u0117 su stabd\u017eiais)<br \/>\nduj\u0173 keltuvai<br \/>\nPrabangi \u012franga galima \u012fsigyti u\u017e papildom\u0105 mokest\u012f:<br \/>\nHafele b\u0117geliai (\u0161velniai u\u017esidarantys)<br \/>\nBlum keltuvai<br \/>\nSpalvos:<br \/>\nVir\u0161utini\u0173 spinteli\u0173 fasadai \u2013 tik blizgios baltos spalvos<br \/>\napatini\u0173 spinteli\u0173 fasadai \u2013 blizgios baltos arba blizgios pilkos spalvos<br \/>\nkorpusas \u2013 trys spalvos \u2013 Sonoma \u0105\u017euolas, Artisan \u0105\u017euolas arba Andersen pu\u0161is<br \/>\nCokolin\u0117s grindys \u2013 trij\u0173 spalv\u0173 pasirinkimas \u2013 Sonoma \u0105\u017euolas, Artisan \u0105\u017euolas arba Andersen pu\u0161is<br \/>\nNuotraukoje matom\u0105 komplekt\u0105 sudaro \u0161ios spintel\u0117s:<br \/>\nApa\u010dia:<br \/>\nCRE22 80 cm \u2013 stal\u010diai<br \/>\nCRE17 60 cm \u2013 \u012fmontuojama orkait\u0117<br \/>\nCRE16 90 cm \u2013 kampin\u0117 su standartine lentyna<br \/>\nCRE9 50 cm \u2013 stal\u010diai<br \/>\nCRE12 80 cm \u2013 po kriaukle<br \/>\nCRE21 60 cm \u2013 \u012fmontuojamas \u0161aldytuvas<br \/>\nVir\u0161uje:<br \/>\nCRE41 80 cm \u2013 atlenkiama vitrina<br \/>\nCRE30 30 cm \u2013 1 priekinis<br \/>\nCRE54 60 cm \u2013 kampinis<br \/>\nCRE30 30 cm \u2013 1 priekinis<br \/>\nCRE33 50 cm \u2013 1 priekinis<br \/>\nCRE41 80 cm \u2013 atlenkiama vitrina<br \/>\n\u00a0<br \/>\nKaina nurodyta be cokoli\u0173, stalvir\u0161i\u0173 ir \u0161onini\u0173 paneli\u0173.<br \/>\nReikalingi 170 cm ir 220 cm ilgio stalvir\u0161iai.<\/p>","protected":false},"excerpt":{"rendered":"<p>Laminuot\u0173 plok\u0161\u010di\u0173 rinkinio plotis<br \/>\nVirtuv\u0117s fasado spalvos: blizgi balta, blizgi pilka<br \/>\nModernus virtuv\u0117s stilius<br \/>\nLaminuot\u0173 plok\u0161\u010di\u0173 rinkinio plotis<\/p>","protected":false},"featured_media":184993,"comment_status":"open","ping_status":"open","template":"","meta":[],"product_brand":[],"product_cat":[9579,4746,1932],"product_tag":[],"class_list":{"0":"post-184992","1":"product","2":"type-product","3":"status-publish","4":"has-post-thumbnail","6":"product_cat-kitchen-furniture-creativa-fadome","7":"product_cat-fadome","8":"product_cat-kitchen-sets","10":"first","11":"instock","12":"purchasable","13":"product-type-simple"},"_links":{"self":[{"href":"https:\/\/baldumarket.lt\/lt\/wp-json\/wp\/v2\/product\/184992","targetHints":{"allow":["GET"]}}],"collection":[{"href":"https:\/\/baldumarket.lt\/lt\/wp-json\/wp\/v2\/product"}],"about":[{"href":"https:\/\/baldumarket.lt\/lt\/wp-json\/wp\/v2\/types\/product"}],"replies":[{"embeddable":true,"href":"https:\/\/baldumarket.lt\/lt\/wp-json\/wp\/v2\/comments?post=184992"}],"wp:featuredmedia":[{"embeddable":true,"href":"https:\/\/baldumarket.lt\/lt\/wp-json\/wp\/v2\/media\/184993"}],"wp:attachment":[{"href":"https:\/\/baldumarket.lt\/lt\/wp-json\/wp\/v2\/media?parent=184992"}],"wp:term":[{"taxonomy":"product_brand","embeddable":true,"href":"https:\/\/baldumarket.lt\/lt\/wp-json\/wp\/v2\/product_brand?post=184992"},{"taxonomy":"product_cat","embeddable":true,"href":"https:\/\/baldumarket.lt\/lt\/wp-json\/wp\/v2\/product_cat?post=184992"},{"taxonomy":"product_tag","embeddable":true,"href":"https:\/\/baldumarket.lt\/lt\/wp-json\/wp\/v2\/product_tag?post=184992"}],"curies":[{"name":"wp","href":"https:\/\/api.w.org\/{rel}","templated":true}]}}