{"id":184976,"date":"2025-12-21T23:59:23","date_gmt":"2025-12-21T20:59:23","guid":{"rendered":"https:\/\/baldumarket.lt\/product\/zestaw-mebli-kuchennych-narozny-230-340-cm-kuchnia-viva\/"},"modified":"2026-04-14T10:03:22","modified_gmt":"2026-04-14T07:03:22","slug":"zestaw-mebli-kuchennych-narozny-230-340-cm-kuchnia-viva","status":"publish","type":"product","link":"https:\/\/baldumarket.lt\/lt\/product\/zestaw-mebli-kuchennych-narozny-230-340-cm-kuchnia-viva\/","title":{"rendered":"Kampinis virtuv\u0117s bald\u0173 komplektas 230\/340 cm Viva virtuv\u0117"},"content":{"rendered":"<p>\u201eViva\u201c virtuv\u0117 \u2013 tai modernus ir ergonomi\u0161kas virtuv\u0117s bald\u0173 komplektas, kuriam b\u016bdingos:<br \/>\nlaminuot\u0173 plok\u0161\u010di\u0173 korpusai<br \/>\nlaminuot\u0173 plok\u0161\u010di\u0173 pagrindai<br \/>\nlaminuotos plok\u0161t\u0117s fasadai + MDF (apatin\u0117s spintel\u0117s ir stovai)<br \/>\n10 cm auk\u0161\u010dio reguliuojamo auk\u0161\u010dio kojel\u0117s (reguliuojamos 9,5\u201313 cm)<br \/>\njuodos metalin\u0117s rankenos<br \/>\n\u0161velniai u\u017esidarantys vyriai, kurie u\u017edaro duris neu\u017etrenkdami<br \/>\nvir\u0161utin\u0117s spintel\u0117s su reguliuojamo auk\u0161\u010dio ir kampo pakabomis<br \/>\nPapildomos funkcijos:<br \/>\nPagrindin\u0117 aparatin\u0117 \u012franga:<br \/>\nGTV arba NTP b\u0117giai (metalin\u0117 d\u0117\u017e\u0117 su stabd\u017eiais)<br \/>\nduj\u0173 keltuvai<br \/>\nPrabangi \u012franga galima \u012fsigyti u\u017e papildom\u0105 mokest\u012f:<br \/>\nHafele b\u0117geliai (\u0161velniai u\u017esidarantys)<br \/>\nBlum keltuvai<br \/>\nGalimos spalv\u0173 parinktys:<br \/>\nPriekin\u0117s dalys \u2013 apa\u010dioje grioveliai \u2013 \u201eArtisan\u201c, vir\u0161uje; blizgi balta, blizgi latte, matin\u0117s pilkos spalvos korpusas \u2013 trys spalvos \u2013 Sonoma \u0105\u017euolas, artisan \u0105\u017euolas arba Andersen pu\u0161is.<br \/>\nCokolin\u0117s grindys \u2013 trij\u0173 spalv\u0173 pasirinkimas \u2013 Sonoma \u0105\u017euolas, artisan \u0105\u017euolas arba Andersen pu\u0161is<br \/>\nPASTABA \u2013 \u201eInfinity\u201c virtuv\u0117s vir\u0161utin\u0117s spintel\u0117s suderinamos su \u201eViva\u201c virtuve.<br \/>\n\u012e kain\u0105 \u012fskai\u010diuotos \u0161ios spintel\u0117s (be stalvir\u0161i\u0173 ir cokoli\u0173):<br \/>\nApa\u010dia:<br \/>\n230\/340 cm<br \/>\n60 cm stal\u010diai \u2013 VIV10D<br \/>\n80 cm kriaukl\u0117 \u2013 VIV12D<br \/>\n90\/90 cm kampin\u0117 \u2013 VIV16D UNI su standartine lentyna<br \/>\n60 cm u\u017edengtas indaplov\u0117s priekis \u2013 VIVzm60<br \/>\n40 cm stal\u010diai \u2013 VIV8D<br \/>\n60 cm orkait\u0117s blokas \u2013 VIV17D<br \/>\n30 cm krovininis vienetas \u2013 VIV26D<br \/>\n60 cm \u012fmontuojamas \u0161aldytuvas \u2013 VIV21D<br \/>\nVir\u0161uje:<br \/>\n30 cm \u2013 INF-30G<br \/>\n40 cm \u2013 INF-31G<br \/>\n60 cm pakreipiamas \u012frenginys \u2013 INF-47G<br \/>\n80 cm pakreipiamas \u012frenginys \u2013 INF-48G<br \/>\nKomplektui reikalingos dvi stalvir\u0161io dalys: 230 cm ir 220 cm, grindjuost\u0117s ir kampin\u0117 juostel\u0117.<\/p>","protected":false},"excerpt":{"rendered":"<p>Virtuv\u0117s spalvos: blizgi balta, blizgi latte, matin\u0117 pilka ir \u201eartisan\u201c dugnas.<br \/>\nVirtuv\u0117s stilius: modernus.<br \/>\nGylis be stalvir\u0161io [cm]: 51<\/p>","protected":false},"featured_media":184977,"comment_status":"open","ping_status":"open","template":"","meta":[],"product_brand":[],"product_cat":[9588,4746,1932],"product_tag":[],"class_list":{"0":"post-184976","1":"product","2":"type-product","3":"status-publish","4":"has-post-thumbnail","6":"product_cat-kitchen-furniture-viva-fadome","7":"product_cat-fadome","8":"product_cat-kitchen-sets","10":"first","11":"instock","12":"purchasable","13":"product-type-simple"},"_links":{"self":[{"href":"https:\/\/baldumarket.lt\/lt\/wp-json\/wp\/v2\/product\/184976","targetHints":{"allow":["GET"]}}],"collection":[{"href":"https:\/\/baldumarket.lt\/lt\/wp-json\/wp\/v2\/product"}],"about":[{"href":"https:\/\/baldumarket.lt\/lt\/wp-json\/wp\/v2\/types\/product"}],"replies":[{"embeddable":true,"href":"https:\/\/baldumarket.lt\/lt\/wp-json\/wp\/v2\/comments?post=184976"}],"wp:featuredmedia":[{"embeddable":true,"href":"https:\/\/baldumarket.lt\/lt\/wp-json\/wp\/v2\/media\/184977"}],"wp:attachment":[{"href":"https:\/\/baldumarket.lt\/lt\/wp-json\/wp\/v2\/media?parent=184976"}],"wp:term":[{"taxonomy":"product_brand","embeddable":true,"href":"https:\/\/baldumarket.lt\/lt\/wp-json\/wp\/v2\/product_brand?post=184976"},{"taxonomy":"product_cat","embeddable":true,"href":"https:\/\/baldumarket.lt\/lt\/wp-json\/wp\/v2\/product_cat?post=184976"},{"taxonomy":"product_tag","embeddable":true,"href":"https:\/\/baldumarket.lt\/lt\/wp-json\/wp\/v2\/product_tag?post=184976"}],"curies":[{"name":"wp","href":"https:\/\/api.w.org\/{rel}","templated":true}]}}