{"id":184968,"date":"2025-12-21T23:59:12","date_gmt":"2025-12-21T20:59:12","guid":{"rendered":"https:\/\/baldumarket.lt\/product\/zestaw-mebli-kuchennych-kuchnia-infinity\/"},"modified":"2026-04-14T10:03:22","modified_gmt":"2026-04-14T07:03:22","slug":"zestaw-mebli-kuchennych-kuchnia-infinity","status":"publish","type":"product","link":"https:\/\/baldumarket.lt\/lt\/product\/zestaw-mebli-kuchennych-kuchnia-infinity\/","title":{"rendered":"Infinity virtuv\u0117s bald\u0173 komplektas"},"content":{"rendered":"<p>\u201eInfinity Kitchen\u201c \u2013 tai modernus ir ergonomi\u0161kas virtuv\u0117s bald\u0173 komplektas, kur\u012f sudaro:<br \/>\nlaminuot\u0173 plok\u0161\u010di\u0173 korpusai<br \/>\nlaminuot\u0173 plok\u0161\u010di\u0173 pagrindai<br \/>\nlaminuot\u0173 plok\u0161\u010di\u0173 fasadai<br \/>\n10 cm auk\u0161\u010dio reguliuojamo auk\u0161\u010dio kojel\u0117s (9,5\u201313 cm reguliuojamos)<br \/>\njuodos metalin\u0117s rankenos<br \/>\n\u0161velniai u\u017esidarantys vyriai, kurie u\u017edaro duris neu\u017etrenkdami<br \/>\nvir\u0161utin\u0117s spintel\u0117s su reguliuojamo auk\u0161\u010dio ir kampo pakabomis<br \/>\nPapildomos funkcijos:<br \/>\nPagrindin\u0117 aparatin\u0117 \u012franga:<br \/>\nGTV arba NTP b\u0117giai (metalin\u0117 d\u0117\u017e\u0117 su stabd\u017eiais)<br \/>\nduj\u0173 keltuvai<br \/>\nPrabangi \u012franga galima \u012fsigyti u\u017e papildom\u0105 mokest\u012f:<br \/>\nHafele b\u0117geliai (\u0161velniai u\u017esidarantys)<br \/>\nBlum keltuvai<br \/>\nGalimos spalv\u0173 parinktys:<br \/>\nfasadai \u2013 blizgi balta + \u201eArtisan\u201c, blizgi latte + mediena, matin\u0117 pilka + \u201eArtisan\u201c (vir\u0161utin\u0117s spintel\u0117s) (be \u012fd\u0117kl\u0173)<br \/>\nR\u0117mas \u2013 galima rinktis i\u0161 trij\u0173 spalv\u0173 \u2013 Sonoma \u0105\u017euolo, Artisan \u0105\u017euolo arba Andersen pu\u0161ies<br \/>\nCokolin\u0117s grindys \u2013 trij\u0173 spalv\u0173 pasirinkimas \u2013 Sonoma \u0105\u017euolas, Artisan \u0105\u017euolas arba Andersen pu\u0161is<br \/>\n\u012e kain\u0105 \u012fskai\u010diuotos \u0161ios spintel\u0117s (be stalvir\u0161i\u0173, cokoli\u0173 ir dengiam\u0173j\u0173 \u0161onini\u0173 dang\u010di\u0173):<br \/>\nApa\u010dia:<br \/>\n230\/290 cm<br \/>\n80 cm stal\u010diai \u2013 INF-22D<br \/>\n60 cm orkait\u0117s spintel\u0117 \u2013 INF-17D<br \/>\n90\/90 cm kampin\u0117 spintel\u0117 \u2013 INF-16D UNI su standartine lentyna<br \/>\n60 cm stal\u010diai \u2013 INF-10D<br \/>\n80 cm kriaukl\u0117 \u2013 INF12D<br \/>\n60 cm \u012fmontuojamas \u0161aldytuvas \u2013 INF-21D<br \/>\nVir\u0161uje:<br \/>\n80 cm pakreipiamas \u2013 INF-48G<br \/>\n30 cm \u2013 INF-30G<br \/>\n60\/60 cm kampas \u2013 INF-54G<br \/>\n30 cm \u2013 INF-30G<br \/>\n60 cm \u2013 INF-34G<br \/>\n80 cm pakreipiamas \u2013 INF-48G<br \/>\nKomplektui reikalingos dvi stalvir\u0161io dalys: 230 cm ir 170 cm, ir kampin\u0117 juostel\u0117.<\/p>","protected":false},"excerpt":{"rendered":"<p>Virtuv\u0117s spalvos: blizgi balta + \u201eArtisan\u201c, blizgi latte + med\u017eio, matin\u0117 pilka + \u201eArtisan\u201c<br \/>\nVirtuv\u0117s stilius: Modernus<br \/>\nPriekin\u0117s dalies tipas: laminuota plok\u0161t\u0117 \/ MDF \/ lakuota laminuota plok\u0161t\u0117<\/p>","protected":false},"featured_media":184969,"comment_status":"open","ping_status":"open","template":"","meta":[],"product_brand":[],"product_cat":[9581,4746,1932],"product_tag":[],"class_list":{"0":"post-184968","1":"product","2":"type-product","3":"status-publish","4":"has-post-thumbnail","6":"product_cat-kitchen-furniture-infinity-fadome","7":"product_cat-fadome","8":"product_cat-kitchen-sets","10":"first","11":"instock","12":"purchasable","13":"product-type-simple"},"_links":{"self":[{"href":"https:\/\/baldumarket.lt\/lt\/wp-json\/wp\/v2\/product\/184968","targetHints":{"allow":["GET"]}}],"collection":[{"href":"https:\/\/baldumarket.lt\/lt\/wp-json\/wp\/v2\/product"}],"about":[{"href":"https:\/\/baldumarket.lt\/lt\/wp-json\/wp\/v2\/types\/product"}],"replies":[{"embeddable":true,"href":"https:\/\/baldumarket.lt\/lt\/wp-json\/wp\/v2\/comments?post=184968"}],"wp:featuredmedia":[{"embeddable":true,"href":"https:\/\/baldumarket.lt\/lt\/wp-json\/wp\/v2\/media\/184969"}],"wp:attachment":[{"href":"https:\/\/baldumarket.lt\/lt\/wp-json\/wp\/v2\/media?parent=184968"}],"wp:term":[{"taxonomy":"product_brand","embeddable":true,"href":"https:\/\/baldumarket.lt\/lt\/wp-json\/wp\/v2\/product_brand?post=184968"},{"taxonomy":"product_cat","embeddable":true,"href":"https:\/\/baldumarket.lt\/lt\/wp-json\/wp\/v2\/product_cat?post=184968"},{"taxonomy":"product_tag","embeddable":true,"href":"https:\/\/baldumarket.lt\/lt\/wp-json\/wp\/v2\/product_tag?post=184968"}],"curies":[{"name":"wp","href":"https:\/\/api.w.org\/{rel}","templated":true}]}}