{"id":184960,"date":"2025-12-21T23:58:59","date_gmt":"2025-12-21T20:58:59","guid":{"rendered":"https:\/\/baldumarket.lt\/product\/zestaw-mebli-kuchennych-kuchnia-glamour\/"},"modified":"2026-04-14T10:03:22","modified_gmt":"2026-04-14T07:03:22","slug":"zestaw-mebli-kuchennych-kuchnia-glamour","status":"publish","type":"product","link":"https:\/\/baldumarket.lt\/lt\/product\/zestaw-mebli-kuchennych-kuchnia-glamour\/","title":{"rendered":"Virtuv\u0117s bald\u0173 komplektas \u201eGlamour\u201c virtuv\u0117"},"content":{"rendered":"<p>\u201eGlamour Kitchen\u201c \u2013 tai modernus ir ergonomi\u0161kas virtuv\u0117s bald\u0173 komplektas, kuriam b\u016bdingos \u0161ios savyb\u0117s:<br \/>\nLaminuot\u0173 plok\u0161\u010di\u0173 korpusai<br \/>\nLaminuot\u0173 plok\u0161\u010di\u0173 pagrindai<br \/>\nMatin\u0117s laminuotos plok\u0161t\u0117s fasadai<br \/>\n10 cm auk\u0161\u010dio reguliuojamo auk\u0161\u010dio kojel\u0117s (reguliuojamas nuo 9,5 iki 13 cm)<br \/>\nTik auksin\u0117s ranken\u0117l\u0117s<br \/>\nPastaba: Priekin\u0117s dalys su frezuotomis ranken\u0117l\u0117mis<br \/>\n\u0160velniai u\u017esidarantys vyriai, leid\u017eiantys durims u\u017esidaryti be trenksmo<br \/>\nVir\u0161utin\u0117s spintel\u0117s su reguliuojamo auk\u0161\u010dio ir kampo pakabomis<br \/>\nPapildomos funkcijos:<br \/>\nPagrindin\u0117 aparatin\u0117 \u012franga:<br \/>\nGTV arba NTP (metalin\u0117s d\u0117\u017e\u0117s) b\u0117giai<br \/>\nDujiniai keltuvai<br \/>\nPrabangi \u012franga galima \u012fsigyti u\u017e papildom\u0105 mokest\u012f:<br \/>\nHafele b\u0117geliai (\u0161velniai u\u017esidarantys)<br \/>\nBlum keltuvai<br \/>\nSpalvos \u2013 pasirinkite savo pageidaujam\u0105 spalv\u0105:<br \/>\nPriekin\u0117s dalys \u2013 matin\u0117 balta, matin\u0117 \u017ealia arba matin\u0117 tamsiai m\u0117lyna<br \/>\nR\u0117mas \u2013 trij\u0173 spalv\u0173 \u2013 Sonoma \u0105\u017euolas, Artisan \u0105\u017euolas arba Andersen pu\u0161is<br \/>\nCokolin\u0117s grindys \u2013 trij\u0173 spalv\u0173 pasirinkimas \u2013 Sonoma \u0105\u017euolas, Artisan \u0105\u017euolas arba Andersen pu\u0161is<br \/>\n\u012e kain\u0105 \u012fskai\u010diuotos \u0161ios spintel\u0117s (be stalvir\u0161i\u0173, cokoli\u0173 ir \u0161onini\u0173 paneli\u0173):<br \/>\nApa\u010dia:<br \/>\n230\/290 cm<br \/>\n80 cm stal\u010diai \u2013 GLA-22D<br \/>\n60 cm orkait\u0117s blokas \u2013 GLA-17D<br \/>\n90\/90 cm kampin\u0117 spintel\u0117 \u2013 GLA-16D UNI su standartine lentyna<br \/>\n60 cm stal\u010diai \u2013 GLA-10D<br \/>\n80 cm kriaukl\u0117 \u2013 GLA-12D<br \/>\n60 cm \u012fmontuojamas \u0161aldytuvas \u2013 GLA-21D<br \/>\nVir\u0161uje:<br \/>\n80 cm pakreipiama vitrina \u2013 GLA-41G<br \/>\n60 cm \u017eemas variklio dangtis \u2013 GLA-36G<br \/>\n30 cm \u2013 GLA-30G<br \/>\n60\/60 cm kampas \u2013 GLA-54G<br \/>\n30 cm \u2013 GLA-30G<br \/>\n60 cm \u2013 GLA-34G<br \/>\n80 cm pakreipiama vitrina \u2013 GLA-41G<br \/>\nKomplektui reikalingos dvi stalvir\u0161io dalys: 230 cm ir 170 cm, ir kampin\u0117 apdaila.<\/p>","protected":false},"excerpt":{"rendered":"<p>Virtuv\u0117s spalvos: balta, \u017ealia ir matin\u0117 tamsiai m\u0117lyna<br \/>\nVirtuv\u0117s stilius: modernus<br \/>\nFasad\u0173 tipai: laminuota plok\u0161t\u0117 \/ MDF \/ lakuota laminuota plok\u0161t\u0117<\/p>","protected":false},"featured_media":184961,"comment_status":"open","ping_status":"open","template":"","meta":[],"product_brand":[],"product_cat":[9587,4746,1932],"product_tag":[],"class_list":{"0":"post-184960","1":"product","2":"type-product","3":"status-publish","4":"has-post-thumbnail","6":"product_cat-kitchen-furniture-glamour-fadome","7":"product_cat-fadome","8":"product_cat-kitchen-sets","10":"first","11":"instock","12":"purchasable","13":"product-type-simple"},"_links":{"self":[{"href":"https:\/\/baldumarket.lt\/lt\/wp-json\/wp\/v2\/product\/184960","targetHints":{"allow":["GET"]}}],"collection":[{"href":"https:\/\/baldumarket.lt\/lt\/wp-json\/wp\/v2\/product"}],"about":[{"href":"https:\/\/baldumarket.lt\/lt\/wp-json\/wp\/v2\/types\/product"}],"replies":[{"embeddable":true,"href":"https:\/\/baldumarket.lt\/lt\/wp-json\/wp\/v2\/comments?post=184960"}],"wp:featuredmedia":[{"embeddable":true,"href":"https:\/\/baldumarket.lt\/lt\/wp-json\/wp\/v2\/media\/184961"}],"wp:attachment":[{"href":"https:\/\/baldumarket.lt\/lt\/wp-json\/wp\/v2\/media?parent=184960"}],"wp:term":[{"taxonomy":"product_brand","embeddable":true,"href":"https:\/\/baldumarket.lt\/lt\/wp-json\/wp\/v2\/product_brand?post=184960"},{"taxonomy":"product_cat","embeddable":true,"href":"https:\/\/baldumarket.lt\/lt\/wp-json\/wp\/v2\/product_cat?post=184960"},{"taxonomy":"product_tag","embeddable":true,"href":"https:\/\/baldumarket.lt\/lt\/wp-json\/wp\/v2\/product_tag?post=184960"}],"curies":[{"name":"wp","href":"https:\/\/api.w.org\/{rel}","templated":true}]}}