{"id":184952,"date":"2025-12-21T23:58:49","date_gmt":"2025-12-21T20:58:49","guid":{"rendered":"https:\/\/baldumarket.lt\/product\/wyspa-kuchenna-prosta-bez-szafek-kw-100-120-160-cm-fadome\/"},"modified":"2026-04-14T09:51:50","modified_gmt":"2026-04-14T06:51:50","slug":"wyspa-kuchenna-prosta-bez-szafek-kw-100-120-160-cm-fadome","status":"publish","type":"product","link":"https:\/\/baldumarket.lt\/lt\/product\/wyspa-kuchenna-prosta-bez-szafek-kw-100-120-160-cm-fadome\/","title":{"rendered":"Tiesi virtuv\u0117s sala be spinteli\u0173 KW 100 -120 -160 cm Fadome"},"content":{"rendered":"<p>Virtuv\u0117s sala yra vienas pirm\u0173j\u0173 rinkoje esan\u010di\u0173 paruo\u0161t\u0173 salos sprendim\u0173. Jos konstrukcija leid\u017eia j\u0105 surinkti patiems, nereikalaujant dailid\u0117s paslaug\u0173, taip suma\u017einant i\u0161laidas ir gamybos laik\u0105 bei sukuriant efektyv\u0173 interjero dizain\u0105.<br \/>\nVienoje salos pus\u0117je galima \u012frengti apatines spinteles \u2013 i\u0161 bet kurio virtuv\u0117s gamintojo, \u201eFadome\u201c ar kito nurodytos spalv\u0173 schemos. Kitoje pus\u0117je yra patogi vieta taburet\u0117ms.<br \/>\nVirtuv\u0117s sala KW 100, 120, 160 \u2013 \u017ei\u016br\u0117kite vaizdo \u012fra\u0161\u0105:<br \/>\nSala yra trij\u0173 ilgi\u0173: 100, 120 arba 160 cm. Tai vidinis matmuo, rodantis virtuv\u0117s spinteli\u0173 plot\u012f.<br \/>\nPrie salos vidinio matmens prid\u0117kite 5 cm.<br \/>\nPavyzdys: jei u\u017esakote sal\u0105, kurios \u012fmontuoto ilgis yra 100 cm, i\u0161orinis salos matmuo bus 105 cm.<br \/>\nMed\u017eiaga:<br \/>\nSala pagaminta i\u0161 laminuotos plok\u0161t\u0117s \u2013 16 mm pertvaros, likusi dalis (stalvir\u0161iai, \u0161onai) \u2013 i\u0161 25 mm plok\u0161t\u0117s, kurios gali b\u016bti \u201eArtisan Oak\u201c, \u201eSonoma Oak\u201c ir \u201eAndersen Pine\u201c medienos.<br \/>\nParinktys:<br \/>\nSalai galima atskirai u\u017esisakyti:<br \/>\nStalas, kurio matmenys 130 x 76 x 80 cm (ilgis\/auk\u0161tis\/plotis).<br \/>\nKai kuriose nuotraukose matomi pl\u0117tiniai nebegaminami.<br \/>\n\u012e bazin\u0119 kain\u0105 \u012fskai\u010diuota tik spintel\u0117, \u0161onai, pertvara ir stalvir\u0161is (be stalo, spinteli\u0173 ir cokolio).<br \/>\nSala suderinama su \u0161i\u0173 preki\u0173 \u017eenkl\u0173 virtuv\u0117s spintel\u0117mis: \u201eGlamour\u201c, \u201eViva\u201c, \u201eInfinity\u201c, \u201eFavorit\u201c, \u201eSmart\u201c, \u201eCreativa\u201c, \u201eEcono\u201c, \u201eGlobal\u201c ir \u201ePremio\u201c.<\/p>","protected":false},"excerpt":{"rendered":"<p>\u016agis [cm] 85<br \/>\nIlgis [cm] 100-120-160<br \/>\nGylis [cm] 70<\/p>","protected":false},"featured_media":184953,"comment_status":"open","ping_status":"open","template":"","meta":[],"product_brand":[],"product_cat":[4746,9118,1934],"product_tag":[],"class_list":{"0":"post-184952","1":"product","2":"type-product","3":"status-publish","4":"has-post-thumbnail","6":"product_cat-fadome","7":"product_cat-kitchen-cabinets","8":"product_cat-tables","10":"first","11":"instock","12":"purchasable","13":"product-type-simple"},"_links":{"self":[{"href":"https:\/\/baldumarket.lt\/lt\/wp-json\/wp\/v2\/product\/184952","targetHints":{"allow":["GET"]}}],"collection":[{"href":"https:\/\/baldumarket.lt\/lt\/wp-json\/wp\/v2\/product"}],"about":[{"href":"https:\/\/baldumarket.lt\/lt\/wp-json\/wp\/v2\/types\/product"}],"replies":[{"embeddable":true,"href":"https:\/\/baldumarket.lt\/lt\/wp-json\/wp\/v2\/comments?post=184952"}],"wp:featuredmedia":[{"embeddable":true,"href":"https:\/\/baldumarket.lt\/lt\/wp-json\/wp\/v2\/media\/184953"}],"wp:attachment":[{"href":"https:\/\/baldumarket.lt\/lt\/wp-json\/wp\/v2\/media?parent=184952"}],"wp:term":[{"taxonomy":"product_brand","embeddable":true,"href":"https:\/\/baldumarket.lt\/lt\/wp-json\/wp\/v2\/product_brand?post=184952"},{"taxonomy":"product_cat","embeddable":true,"href":"https:\/\/baldumarket.lt\/lt\/wp-json\/wp\/v2\/product_cat?post=184952"},{"taxonomy":"product_tag","embeddable":true,"href":"https:\/\/baldumarket.lt\/lt\/wp-json\/wp\/v2\/product_tag?post=184952"}],"curies":[{"name":"wp","href":"https:\/\/api.w.org\/{rel}","templated":true}]}}