{"id":184936,"date":"2025-12-21T23:58:29","date_gmt":"2025-12-21T20:58:29","guid":{"rendered":"https:\/\/baldumarket.lt\/product\/witryna-z-oswietleniem-keks-k2-cashmere\/"},"modified":"2026-04-14T10:03:22","modified_gmt":"2026-04-14T07:03:22","slug":"witryna-z-oswietleniem-keks-k2-cashmere","status":"publish","type":"product","link":"https:\/\/baldumarket.lt\/lt\/product\/witryna-z-oswietleniem-keks-k2-cashmere\/","title":{"rendered":"Vitrina su ap\u0161vietimu Keks K2 Cashmere"},"content":{"rendered":"<p>\u201eKeks\u201c moduliniai baldai \u2013 modernus variantas su mediniais \u012fd\u0117klais.<br \/>\nR\u0117mas:<br \/>\n16 mm laminuota med\u017eio dro\u017eli\u0173 plok\u0161t\u0117 \u201eArtisan Oak\u201c spalvos, faneruota 0,3 mm melamino apvadais<br \/>\nR\u0117mas: 25 mm laminuota med\u017eio dro\u017eli\u0173 plok\u0161t\u0117 \u201eArtisan Oak\u201c spalvos<br \/>\nGalinis skydelis: lakuotas \u201eArtisan\u201c spalva<br \/>\nPriekinis skydelis:<br \/>\nMDF plok\u0161t\u0117 su PVC folija \u2013 ka\u0161myro spalvos<br \/>\n\u0104\u017euolo medienos \u012fd\u0117klai<br \/>\nRankena: aukso spalvos plastikas<br \/>\n1D LED spaustukas\/laminuota lentyna, kojinis jungiklis. 35 mm pasl\u0117pti vyriai su \u0161velniu hidrauliniu u\u017edarymu.<br \/>\nStal\u010diai: 35 cm gylio, 3\/4 i\u0161traukiamos b\u0117gel\u0117s su \u0161velnaus u\u017edarymo sistema, montuojamos apa\u010dioje (komodose K12, K4 Bottom ir K4a)<br \/>\nKojel\u0117s: n\u0117ra, su 10 cm auk\u0161\u010dio pagrindu<br \/>\n\u201eKeks\u201c sistemos baldai yra unikal\u016bs svetain\u0117s baldai. J\u0173 savyb\u0117s:<br \/>\nmodernus dizainas<br \/>\ntvirta konstrukcija su auk\u0161tos kokyb\u0117s PVC laminato plok\u0161te<br \/>\npatentuotas dizainas, garantuojantis auk\u0161\u010diausi\u0105 kokyb\u0119 ir d\u0117mes\u012f detal\u0117ms<br \/>\npasirenkami atskiri elementai<br \/>\nLED ap\u0161vietimas kaip standartin\u0117 \u012franga<br \/>\n\u201eKeks K2\u201c ka\u0161myro vitrina su ap\u0161vietimu \u2013 u\u017e fasad\u0173 yra lentynos.<br \/>\nPapildomose nuotraukose matoma grafito spalva \u2013 \u017er. pasi\u016blym\u0105 \u017eemiau:<\/p>","protected":false},"excerpt":{"rendered":"<p>plotis [cm] 89<br \/>\n\u016agis [cm] 194<br \/>\ngylis [cm] 37<\/p>","protected":false},"featured_media":184937,"comment_status":"open","ping_status":"open","template":"","meta":[],"product_brand":[],"product_cat":[9593,4746,2006],"product_tag":[],"class_list":{"0":"post-184936","1":"product","2":"type-product","3":"status-publish","4":"has-post-thumbnail","6":"product_cat-furniture-system-keks-fadome","7":"product_cat-fadome","8":"product_cat-vitrines","10":"first","11":"instock","12":"purchasable","13":"product-type-simple"},"_links":{"self":[{"href":"https:\/\/baldumarket.lt\/lt\/wp-json\/wp\/v2\/product\/184936","targetHints":{"allow":["GET"]}}],"collection":[{"href":"https:\/\/baldumarket.lt\/lt\/wp-json\/wp\/v2\/product"}],"about":[{"href":"https:\/\/baldumarket.lt\/lt\/wp-json\/wp\/v2\/types\/product"}],"replies":[{"embeddable":true,"href":"https:\/\/baldumarket.lt\/lt\/wp-json\/wp\/v2\/comments?post=184936"}],"wp:featuredmedia":[{"embeddable":true,"href":"https:\/\/baldumarket.lt\/lt\/wp-json\/wp\/v2\/media\/184937"}],"wp:attachment":[{"href":"https:\/\/baldumarket.lt\/lt\/wp-json\/wp\/v2\/media?parent=184936"}],"wp:term":[{"taxonomy":"product_brand","embeddable":true,"href":"https:\/\/baldumarket.lt\/lt\/wp-json\/wp\/v2\/product_brand?post=184936"},{"taxonomy":"product_cat","embeddable":true,"href":"https:\/\/baldumarket.lt\/lt\/wp-json\/wp\/v2\/product_cat?post=184936"},{"taxonomy":"product_tag","embeddable":true,"href":"https:\/\/baldumarket.lt\/lt\/wp-json\/wp\/v2\/product_tag?post=184936"}],"curies":[{"name":"wp","href":"https:\/\/api.w.org\/{rel}","templated":true}]}}