{"id":184915,"date":"2025-12-21T23:57:57","date_gmt":"2025-12-21T20:57:57","guid":{"rendered":"https:\/\/baldumarket.lt\/product\/witryna-roma-rom2\/"},"modified":"2026-04-14T10:02:37","modified_gmt":"2026-04-14T07:02:37","slug":"witryna-roma-rom2","status":"publish","type":"product","link":"https:\/\/baldumarket.lt\/lt\/product\/witryna-roma-rom2\/","title":{"rendered":"Roma ROM2 svetain\u0117"},"content":{"rendered":"<p>\u201eRoma ROM2\u201c vitrina \u2013 \u0161i vitrina pasi\u017eymi tvirtu ir \u012fstiklintu priekiu bei keturiomis lentynomis u\u017e jo.<br \/>\nSpalva:<br \/>\nK\u016bnas \u2013 guoba<br \/>\nFasadai \u2013 blizgiai balti su matiniais pilkais intarpais<br \/>\nLED foninis ap\u0161vietimas<br \/>\n\u201eRoma\u201c sistemos baldai \u2013 tai unikal\u016bs svetain\u0117s ar jaunimo kambario baldai. J\u0173 savyb\u0117s:<br \/>\nModernus dizainas<br \/>\nTvirta konstrukcija, pagaminta i\u0161 auk\u0161tos kokyb\u0117s laminuotos plok\u0161t\u0117s su MDF dekoru<br \/>\nPatentuotas dizainas garantuoja auk\u0161\u010diausi\u0105 kokyb\u0119 ir d\u0117mes\u012f detal\u0117ms<br \/>\nGalimyb\u0117 pasirinkti atskirus elementus<br \/>\nLED ap\u0161vietimas kaip standartin\u0117 \u012franga<br \/>\nKorpusas: laminuota bald\u0173 plok\u0161t\u0117<br \/>\nPriekin\u0117 dalis: laminuota bald\u0173 plok\u0161t\u0117 + PVC laminatas<\/p>","protected":false},"excerpt":{"rendered":"<p>Gylis [cm] 43<br \/>\nPlotis [cm] 90<br \/>\n\u016agis [cm] 194<\/p>","protected":false},"featured_media":184916,"comment_status":"open","ping_status":"open","template":"","meta":[],"product_brand":[],"product_cat":[9583,4746,2006],"product_tag":[],"class_list":{"0":"post-184915","1":"product","2":"type-product","3":"status-publish","4":"has-post-thumbnail","6":"product_cat-furniture-system-roma-fadome","7":"product_cat-fadome","8":"product_cat-vitrines","10":"first","11":"instock","12":"purchasable","13":"product-type-simple"},"_links":{"self":[{"href":"https:\/\/baldumarket.lt\/lt\/wp-json\/wp\/v2\/product\/184915","targetHints":{"allow":["GET"]}}],"collection":[{"href":"https:\/\/baldumarket.lt\/lt\/wp-json\/wp\/v2\/product"}],"about":[{"href":"https:\/\/baldumarket.lt\/lt\/wp-json\/wp\/v2\/types\/product"}],"replies":[{"embeddable":true,"href":"https:\/\/baldumarket.lt\/lt\/wp-json\/wp\/v2\/comments?post=184915"}],"wp:featuredmedia":[{"embeddable":true,"href":"https:\/\/baldumarket.lt\/lt\/wp-json\/wp\/v2\/media\/184916"}],"wp:attachment":[{"href":"https:\/\/baldumarket.lt\/lt\/wp-json\/wp\/v2\/media?parent=184915"}],"wp:term":[{"taxonomy":"product_brand","embeddable":true,"href":"https:\/\/baldumarket.lt\/lt\/wp-json\/wp\/v2\/product_brand?post=184915"},{"taxonomy":"product_cat","embeddable":true,"href":"https:\/\/baldumarket.lt\/lt\/wp-json\/wp\/v2\/product_cat?post=184915"},{"taxonomy":"product_tag","embeddable":true,"href":"https:\/\/baldumarket.lt\/lt\/wp-json\/wp\/v2\/product_tag?post=184915"}],"curies":[{"name":"wp","href":"https:\/\/api.w.org\/{rel}","templated":true}]}}