{"id":184910,"date":"2025-12-21T23:57:51","date_gmt":"2025-12-21T20:57:51","guid":{"rendered":"https:\/\/baldumarket.lt\/product\/witryna-niska-z-oswietleniem-ryflowane-fronty-candy-c2a\/"},"modified":"2026-04-14T10:02:37","modified_gmt":"2026-04-14T07:02:37","slug":"witryna-niska-z-oswietleniem-ryflowane-fronty-candy-c2a","status":"publish","type":"product","link":"https:\/\/baldumarket.lt\/lt\/product\/witryna-niska-z-oswietleniem-ryflowane-fronty-candy-c2a\/","title":{"rendered":"\u017dema vitrina su ap\u0161vietimu, grioveliais fasadais Candy C2a"},"content":{"rendered":"<p>\u201eCandy\u201c moduliniai baldai \u2013 tai unikalus svetain\u0117s bald\u0173 komplektas, kur\u012f sudaro:<br \/>\nmodernus dizainas<br \/>\ntvirta konstrukcija, pagaminta i\u0161 auk\u0161tos kokyb\u0117s laminuotos PVC plok\u0161t\u0117s<br \/>\npatentuotas dizainas, garantuojantis auk\u0161\u010diausi\u0105 kokyb\u0119 ir d\u0117mes\u012f detal\u0117ms<br \/>\natskir\u0173 element\u0173 pasirinkimas<br \/>\nLED ap\u0161vietimas kaip standartin\u0117 \u012franga<br \/>\nkorpusas: laminuota bald\u0173 plok\u0161t\u0117<br \/>\npriekis: PVC dengta MDF plok\u0161t\u0117<br \/>\nSpalva:<br \/>\nkorpusas \u2013 \u0105\u017euolas<br \/>\nfasadai \u2013 \u0105\u017euolas su dirbtiniu pavir\u0161iumi + ka\u0161myras<br \/>\ngrioveliais fasadais<br \/>\nrankenos \u2013 auksin\u0117s<br \/>\n\u012e komplekt\u0105 \u012feina LED ap\u0161viestos vitrinos<br \/>\n\u017dema \u201eCandy C2a\u201c vitrina su ap\u0161vietimu ir grioveliais fasaduose.<\/p>","protected":false},"excerpt":{"rendered":"<p>Plotis [cm] 75<br \/>\n\u016agis [cm] 148<br \/>\nGylis [cm] 38<br \/>\nGarantija [m\u0117nesi\u0173] 24<br \/>\nSurinkimas Savaranki\u0161kas surinkimas \u2013 baldai pristatomi pakuot\u0117se su instrukcijomis ir surinkimo priedais<\/p>","protected":false},"featured_media":184911,"comment_status":"open","ping_status":"open","template":"","meta":[],"product_brand":[],"product_cat":[9578,4746,2006],"product_tag":[],"class_list":{"0":"post-184910","1":"product","2":"type-product","3":"status-publish","4":"has-post-thumbnail","6":"product_cat-furniture-system-candy-fadome","7":"product_cat-fadome","8":"product_cat-vitrines","10":"first","11":"instock","12":"purchasable","13":"product-type-simple"},"_links":{"self":[{"href":"https:\/\/baldumarket.lt\/lt\/wp-json\/wp\/v2\/product\/184910","targetHints":{"allow":["GET"]}}],"collection":[{"href":"https:\/\/baldumarket.lt\/lt\/wp-json\/wp\/v2\/product"}],"about":[{"href":"https:\/\/baldumarket.lt\/lt\/wp-json\/wp\/v2\/types\/product"}],"replies":[{"embeddable":true,"href":"https:\/\/baldumarket.lt\/lt\/wp-json\/wp\/v2\/comments?post=184910"}],"wp:featuredmedia":[{"embeddable":true,"href":"https:\/\/baldumarket.lt\/lt\/wp-json\/wp\/v2\/media\/184911"}],"wp:attachment":[{"href":"https:\/\/baldumarket.lt\/lt\/wp-json\/wp\/v2\/media?parent=184910"}],"wp:term":[{"taxonomy":"product_brand","embeddable":true,"href":"https:\/\/baldumarket.lt\/lt\/wp-json\/wp\/v2\/product_brand?post=184910"},{"taxonomy":"product_cat","embeddable":true,"href":"https:\/\/baldumarket.lt\/lt\/wp-json\/wp\/v2\/product_cat?post=184910"},{"taxonomy":"product_tag","embeddable":true,"href":"https:\/\/baldumarket.lt\/lt\/wp-json\/wp\/v2\/product_tag?post=184910"}],"curies":[{"name":"wp","href":"https:\/\/api.w.org\/{rel}","templated":true}]}}