{"id":184905,"date":"2025-12-21T23:57:44","date_gmt":"2025-12-21T20:57:44","guid":{"rendered":"https:\/\/baldumarket.lt\/product\/witryna-niska-skandynawska-wstawki-drewniane-evolution-ev2a\/"},"modified":"2026-04-14T10:02:37","modified_gmt":"2026-04-14T07:02:37","slug":"witryna-niska-skandynawska-wstawki-drewniane-evolution-ev2a","status":"publish","type":"product","link":"https:\/\/baldumarket.lt\/lt\/product\/witryna-niska-skandynawska-wstawki-drewniane-evolution-ev2a\/","title":{"rendered":"\u017dema skandinavi\u0161ka vitrina su mediniais \u012fd\u0117klais Evolution EV2a"},"content":{"rendered":"<p>\u201eEvolution\u201c sistemos baldai \u2013 modernus pasirinkimas su mediniais intarpais. Specifikacijos:<br \/>\n16 mm \u201eArtisan Oak\u201c laminuotos med\u017eio dro\u017eli\u0173 plok\u0161t\u0117s korpusas, faneruotas 0,3 mm melamino apvadais<br \/>\n25 mm \u201eArtisan Oak\u201c laminuotos med\u017eio dro\u017eli\u0173 plok\u0161t\u0117s korpusas<br \/>\nArtisan Oak galin\u0117 panel\u0117<br \/>\nPriekin\u0117s dalys: MDF plok\u0161t\u0117, laminuota PVC, \u201eArtisan Oak\u201c spalvos<br \/>\nNat\u016bralaus med\u017eio intarpai su stiklu ir ap\u0161vietimu<br \/>\nJuodos rankenos<br \/>\nAuk\u0161tos kojos<br \/>\n35 mm pasl\u0117pti vyriai su hidrauliniu \u0161velnaus u\u017edarymo mechanizmu<br \/>\n35 cm gylio stal\u010diai, 3\/4 i\u0161traukiami b\u0117geliai su \u0161velniu u\u017edarymu, montuojami apa\u010dioje<br \/>\n\u201eEvolution\u201c sistemos baldai yra unikal\u016bs svetain\u0117s baldai. J\u0173 savyb\u0117s:<br \/>\nModernus dizainas<br \/>\nTvirta konstrukcija su auk\u0161tos kokyb\u0117s PVC laminatu<br \/>\nPatentuotas dizainas garantuoja auk\u0161\u010diausi\u0105 kokyb\u0119 ir d\u0117mes\u012f detal\u0117ms<br \/>\nAtskir\u0173 element\u0173 pasirinkimas<br \/>\nLED ap\u0161vietimas kaip standartin\u0117 \u012franga<br \/>\n\u017dema vitrina su skandinavi\u0161kais mediniais \u012fd\u0117klais Evolution EV2a \u2013 su lentynomis<\/p>","protected":false},"excerpt":{"rendered":"<p>plotis [cm] 89<br \/>\n\u016agis [cm] 137<br \/>\ngylis [cm] 37<\/p>","protected":false},"featured_media":184906,"comment_status":"open","ping_status":"open","template":"","meta":[],"product_brand":[],"product_cat":[9591,4746,2006],"product_tag":[],"class_list":{"0":"post-184905","1":"product","2":"type-product","3":"status-publish","4":"has-post-thumbnail","6":"product_cat-furniture-system-evolution-fadome","7":"product_cat-fadome","8":"product_cat-vitrines","10":"first","11":"instock","12":"purchasable","13":"product-type-simple"},"_links":{"self":[{"href":"https:\/\/baldumarket.lt\/lt\/wp-json\/wp\/v2\/product\/184905","targetHints":{"allow":["GET"]}}],"collection":[{"href":"https:\/\/baldumarket.lt\/lt\/wp-json\/wp\/v2\/product"}],"about":[{"href":"https:\/\/baldumarket.lt\/lt\/wp-json\/wp\/v2\/types\/product"}],"replies":[{"embeddable":true,"href":"https:\/\/baldumarket.lt\/lt\/wp-json\/wp\/v2\/comments?post=184905"}],"wp:featuredmedia":[{"embeddable":true,"href":"https:\/\/baldumarket.lt\/lt\/wp-json\/wp\/v2\/media\/184906"}],"wp:attachment":[{"href":"https:\/\/baldumarket.lt\/lt\/wp-json\/wp\/v2\/media?parent=184905"}],"wp:term":[{"taxonomy":"product_brand","embeddable":true,"href":"https:\/\/baldumarket.lt\/lt\/wp-json\/wp\/v2\/product_brand?post=184905"},{"taxonomy":"product_cat","embeddable":true,"href":"https:\/\/baldumarket.lt\/lt\/wp-json\/wp\/v2\/product_cat?post=184905"},{"taxonomy":"product_tag","embeddable":true,"href":"https:\/\/baldumarket.lt\/lt\/wp-json\/wp\/v2\/product_tag?post=184905"}],"curies":[{"name":"wp","href":"https:\/\/api.w.org\/{rel}","templated":true}]}}